{"id":2007800,"date":"2020-01-18T04:06:59","date_gmt":"2020-01-18T03:06:59","guid":{"rendered":"https:\/\/de.tilta.com\/shop\/jaula-de-camara-para-alexa-mini-lf-mini\/"},"modified":"2025-12-05T13:46:09","modified_gmt":"2025-12-05T12:46:09","slug":"camera-cage-for-alexa-mini-lf-mini","status":"publish","type":"product","link":"https:\/\/eu.tilta.com\/es\/shop\/camera-cage-for-alexa-mini-lf-mini\/","title":{"rendered":"Jaula de c\u00e1mara para Alexa Mini LF\/ Mini"},"content":{"rendered":"<p>Arma tu c\u00e1mara con esta jaula para c\u00e1mara Tilta dise\u00f1ada espec\u00edficamente para la Arri Alexa Mini LF y la Alexa Mini.<\/p>\n<p>Proporciona un blindaje protector de aluminio de alta calidad, fresado mediante CNC, para tu c\u00e1mara, que tiene varios puntos de montaje de \u00bc&#8221;-20 y \u215c&#8221;-16 para fijar accesorios.<\/p>\n<p>La Placa de bater\u00eda est\u00e1ndar Tilta para Arri Alexa Mini LF\/Mini Cage, disponible con montura dorada o montura en V, se integra en el cuerpo de la c\u00e1mara para proporcionar varias entradas y salidas de alimentaci\u00f3n y v\u00eddeo.<\/p>\n<p>Los pasadores del ra\u00edl superior OTAN de la placa se comunican directamente con la placa superior y el asa superior cuando est\u00e1n acoplados, lo que les transfiere la funcionalidad de salida de potencia.<\/p>\n<p>El M\u00f3dulo de Conexi\u00f3n El\u00e9ctrica de la Placa Superior ofrece distribuci\u00f3n de energ\u00eda desde la placa superior, mientras que el M\u00f3dulo de Conexi\u00f3n El\u00e9ctrica del Asa Superior ofrece distribuci\u00f3n de energ\u00eda desde el asa superior.<\/p>\n<p>Te permiten alimentar tus accesorios desde pr\u00e1cticamente cualquier lugar de la jaula.<\/p>\n<p>La placa de la bater\u00eda est\u00e1 unida a un soporte de puente deslizante, de modo que puedes alejarla de la parte posterior del cuerpo de la c\u00e1mara para acceder a los distintos botones y puertos, y luego volver a deslizarla hasta el cuerpo de la c\u00e1mara para una configuraci\u00f3n compacta durante el funcionamiento.<\/p>\n<p>Se puede montar un soporte para EVF fuera de la placa superior que permite una rotaci\u00f3n de 360 grados para que puedas personalizar c\u00f3mo quieres ver tu Alexa Mini LF\/Mini EVF mientras operas.<\/p>\n<p>Se incluyen extensiones de la empu\u00f1adura superior que te permiten ampliar la longitud de la empu\u00f1adura superior por encima de la parte posterior del montaje, para que te resulte m\u00e1s c\u00f3modo manejarla en varias posiciones.<\/p>\n<p>Los brazos laterales izquierdo y derecho ayudan a estabilizar completamente la jaula y proporcionan protecci\u00f3n, as\u00ed como diversos puntos de montaje a todos los lados de la jaula.<\/p>\n<p>Estos brazos laterales incluyen conexiones Arri Standard Rosette que te permiten conectar f\u00e1cilmente empu\u00f1aduras para una configuraci\u00f3n compacta de manejo manual.<\/p>\n<p>En la parte inferior de la jaula hay una placa base LWS de 15 mm que te permite fijar diversos accesorios mediante varillas de 15 mm.<\/p>\n<p>La placa puede montarse en una <a href=\"https:\/\/de.tilta.com\/shop\/10-lightweight-dovetail-plate-tt-c16\/\">cola de milano est\u00e1ndar Tilta<\/a> para permitirte deslizarte f\u00e1cilmente dentro y fuera de una configuraci\u00f3n operativa.<\/p>\n<p>Se puede adquirir la <a href=\"https:\/\/de.tilta.com\/shop\/19mm-tilta-studio-multi-functional-baseplate-tt-c06-d\/\">placa base multifuncional<\/a> opcional <a href=\"https:\/\/de.tilta.com\/shop\/19mm-tilta-studio-multi-functional-baseplate-tt-c06-d\/\">de Tilta Standard a Arri Standard<\/a> para adaptar esta jaula para montarla en una cola de milano Arri Standard si es necesario.<\/p>\n","protected":false},"excerpt":{"rendered":"<p>Arma tu c\u00e1mara con esta jaula para c\u00e1mara Tilta dise\u00f1ada espec\u00edficamente para la Arri Alexa Mini LF y la Alexa Mini. Proporciona un blindaje protector de aluminio de alta calidad, fresado mediante CNC, para tu c\u00e1mara, que tiene varios puntos [&hellip;]<\/p>\n","protected":false},"featured_media":0,"comment_status":"closed","ping_status":"closed","template":"","meta":[],"product_cat":[2716],"product_tag":[],"acf":[],"gallery_images":[95458,95459],"_links":{"self":[{"href":"https:\/\/eu.tilta.com\/es\/wp-json\/wp\/v2\/product\/2007800"}],"collection":[{"href":"https:\/\/eu.tilta.com\/es\/wp-json\/wp\/v2\/product"}],"about":[{"href":"https:\/\/eu.tilta.com\/es\/wp-json\/wp\/v2\/types\/product"}],"replies":[{"embeddable":true,"href":"https:\/\/eu.tilta.com\/es\/wp-json\/wp\/v2\/comments?post=2007800"}],"wp:attachment":[{"href":"https:\/\/eu.tilta.com\/es\/wp-json\/wp\/v2\/media?parent=2007800"}],"wp:term":[{"taxonomy":"product_cat","embeddable":true,"href":"https:\/\/eu.tilta.com\/es\/wp-json\/wp\/v2\/product_cat?post=2007800"},{"taxonomy":"product_tag","embeddable":true,"href":"https:\/\/eu.tilta.com\/es\/wp-json\/wp\/v2\/product_tag?post=2007800"}],"curies":[{"name":"wp","href":"https:\/\/api.w.org\/{rel}","templated":true}]}}