{"id":2007809,"date":"2020-01-02T12:32:39","date_gmt":"2020-01-02T11:32:39","guid":{"rendered":"https:\/\/de.tilta.com\/shop\/anillo-adaptador-para-caja-de-mate-mini-clamp-on\/"},"modified":"2026-03-11T16:52:13","modified_gmt":"2026-03-11T15:52:13","slug":"adapter-ring-for-mini-clamp-on-matte-box","status":"publish","type":"product","link":"https:\/\/eu.tilta.com\/es\/shop\/adapter-ring-for-mini-clamp-on-matte-box\/","title":{"rendered":"Anillo adaptador para caja de mate Mini Clamp-on"},"content":{"rendered":"<p>Estos anillos adaptadores para la Tiltaing <a href=\"https:\/\/de.tilta.com\/shop\/tiltaing-mini-matte-box\/\">Mini Matte Box<\/a> est\u00e1n dise\u00f1ados para objetivos con varios di\u00e1metros frontales.<\/p>\n<p>Estos anillos adaptadores se enroscan en las roscas de los filtros de tu objetivo y te permiten sujetar el <a href=\"https:\/\/de.tilta.com\/shop\/tiltaing-mini-matte-box\/\">Mini Matte Box<\/a> directamente al adaptador.<\/p>\n<p>Los filtros de rosca del mismo di\u00e1metro pueden fijarse mediante la rosca del interior del anillo adaptador.<\/p>\n<p>&nbsp;<\/p>\n","protected":false},"excerpt":{"rendered":"<p>Estos anillos adaptadores para la Tiltaing Mini Matte Box est\u00e1n dise\u00f1ados para objetivos con varios di\u00e1metros frontales. Estos anillos adaptadores se enroscan en las roscas de los filtros de tu objetivo y te permiten sujetar el Mini Matte Box directamente [&hellip;]<\/p>\n","protected":false},"featured_media":2007811,"comment_status":"closed","ping_status":"closed","template":"","meta":[],"product_cat":[4448,2990],"product_tag":[],"acf":[],"gallery_images":[2007812],"_links":{"self":[{"href":"https:\/\/eu.tilta.com\/es\/wp-json\/wp\/v2\/product\/2007809"}],"collection":[{"href":"https:\/\/eu.tilta.com\/es\/wp-json\/wp\/v2\/product"}],"about":[{"href":"https:\/\/eu.tilta.com\/es\/wp-json\/wp\/v2\/types\/product"}],"replies":[{"embeddable":true,"href":"https:\/\/eu.tilta.com\/es\/wp-json\/wp\/v2\/comments?post=2007809"}],"wp:featuredmedia":[{"embeddable":true,"href":"https:\/\/eu.tilta.com\/es\/wp-json\/wp\/v2\/media\/2007811"}],"wp:attachment":[{"href":"https:\/\/eu.tilta.com\/es\/wp-json\/wp\/v2\/media?parent=2007809"}],"wp:term":[{"taxonomy":"product_cat","embeddable":true,"href":"https:\/\/eu.tilta.com\/es\/wp-json\/wp\/v2\/product_cat?post=2007809"},{"taxonomy":"product_tag","embeddable":true,"href":"https:\/\/eu.tilta.com\/es\/wp-json\/wp\/v2\/product_tag?post=2007809"}],"curies":[{"name":"wp","href":"https:\/\/api.w.org\/{rel}","templated":true}]}}