{"id":2007830,"date":"2019-12-26T16:52:19","date_gmt":"2019-12-26T15:52:19","guid":{"rendered":"https:\/\/de.tilta.com\/shop\/sistema-de-soporte-de-cardan-armorman-3-0\/"},"modified":"2025-12-05T13:45:59","modified_gmt":"2025-12-05T12:45:59","slug":"armor-man-3-0-gimbal-support-system","status":"publish","type":"product","link":"https:\/\/eu.tilta.com\/es\/shop\/armor-man-3-0-gimbal-support-system\/","title":{"rendered":"Sistema de soporte de card\u00e1n Armorman 3.0"},"content":{"rendered":"<p>El Armorman 3.0 se dise\u00f1\u00f3 para ofrecer comodidad y apoyo mientras manejas tu card\u00e1n, transfiriendo el peso del card\u00e1n al n\u00facleo de tu cuerpo, quitando un peso significativo a tus brazos.<\/p>\n<p>Esto te permite manejar tu card\u00e1n c\u00f3modamente, durante mucho m\u00e1s tiempo, sin sacrificar la flexibilidad ni el rendimiento.<\/p>\n<p>Dos brazos mec\u00e1nicos con sistemas estabilizados de absorci\u00f3n de impactos se fijan a la parte posterior del chaleco ajustable o en la parte superior del chaleco en modo alto.<\/p>\n<p>Cuando est\u00e1n acoplados, los brazos tienen dos mandos de tensi\u00f3n ajustables en cada brazo para que puedas ajustar la tensi\u00f3n en funci\u00f3n del peso de tu equipo card\u00e1n y de tu estilo de manejo preferido.<\/p>\n<p>Los brazos se acoplan a cualquier sistema de card\u00e1n de barra superior o sistema de anillo de card\u00e1n con los soportes o copas de apoyo suministrados, que se fijan simplemente deslizando el accesorio directamente en los brazos.<\/p>\n<p>Emparejado con los Adaptadores Universales de Anillas Gimbal y el N\u00facleo M, el Armorman 3.0 puede convertirse en un sistema de operador \u00fanico.<\/p>\n<p>Cuando termines de operar, s\u00f3lo tienes que desenganchar los brazos tirando de las cuerdas de liberaci\u00f3n de cada brazo (en modo normal) y luego apoyarlos c\u00f3modamente en los laterales del chaleco con el receptor de brazos acoplado.<\/p>\n<p>Esto te permite mantener el chaleco puesto entre disparo y disparo y, cuando est\u00e9s listo para volver a operar, s\u00f3lo tienes que volver a enganchar los brazos y acoplar de nuevo el card\u00e1n.<\/p>\n<p>Admite sistemas de hasta 50 lbs y cardanes con di\u00e1metros de 25 mm o 30 mm, incluidos los agarres anulares Avanzado y B\u00e1sico.<\/p>\n","protected":false},"excerpt":{"rendered":"<p>El Armorman 3.0 se dise\u00f1\u00f3 para ofrecer comodidad y apoyo mientras manejas tu card\u00e1n, transfiriendo el peso del card\u00e1n al n\u00facleo de tu cuerpo, quitando un peso significativo a tus brazos. Esto te permite manejar tu card\u00e1n c\u00f3modamente, durante mucho [&hellip;]<\/p>\n","protected":false},"featured_media":0,"comment_status":"closed","ping_status":"closed","template":"","meta":[],"product_cat":[3027],"product_tag":[],"acf":[],"gallery_images":[1938960,1938961,1938962],"_links":{"self":[{"href":"https:\/\/eu.tilta.com\/es\/wp-json\/wp\/v2\/product\/2007830"}],"collection":[{"href":"https:\/\/eu.tilta.com\/es\/wp-json\/wp\/v2\/product"}],"about":[{"href":"https:\/\/eu.tilta.com\/es\/wp-json\/wp\/v2\/types\/product"}],"replies":[{"embeddable":true,"href":"https:\/\/eu.tilta.com\/es\/wp-json\/wp\/v2\/comments?post=2007830"}],"wp:attachment":[{"href":"https:\/\/eu.tilta.com\/es\/wp-json\/wp\/v2\/media?parent=2007830"}],"wp:term":[{"taxonomy":"product_cat","embeddable":true,"href":"https:\/\/eu.tilta.com\/es\/wp-json\/wp\/v2\/product_cat?post=2007830"},{"taxonomy":"product_tag","embeddable":true,"href":"https:\/\/eu.tilta.com\/es\/wp-json\/wp\/v2\/product_tag?post=2007830"}],"curies":[{"name":"wp","href":"https:\/\/api.w.org\/{rel}","templated":true}]}}