{"id":2007833,"date":"2019-12-16T14:25:10","date_gmt":"2019-12-16T13:25:10","guid":{"rendered":"https:\/\/de.tilta.com\/shop\/tilta-mini-caja-mate\/"},"modified":"2026-04-27T13:17:42","modified_gmt":"2026-04-27T11:17:42","slug":"tiltaing-mini-matte-box","status":"publish","type":"product","link":"https:\/\/eu.tilta.com\/es\/shop\/tiltaing-mini-matte-box\/","title":{"rendered":"Tilta Mini Caja Mate"},"content":{"rendered":"<p>La Mini Matte Box es una soluci\u00f3n ligera y asequible para los cineastas que utilizan c\u00e1maras DSLR y mirrorless. La Mini Caja Mate s\u00f3lo pesa 140 g (4,9 oz).<\/p>\n<p>Proporciona una mayor protecci\u00f3n para tu objetivo y puede ayudar a evitar los destellos de luz con la bandera francesa superior incluida.<\/p>\n<p>Los orificios para tornillos de 1\/4&#8243;-20 y 3\/8&#8243;-16 y las fijaciones de zapata fr\u00eda proporcionan varios puntos de montaje para diversos accesorios, como peque\u00f1as luces LED o micr\u00f3fonos.<\/p>\n<p>El kit tambi\u00e9n incluye un adaptador de varilla de 15 mm que se fija a la parte inferior de la caja de mate, proporcionando soporte para el peso de la caja de mate, as\u00ed como una forma de fijar tu objetivo en su lugar para proporcionar estabilidad al objetivo (no admite objetivos con elemento frontal telesc\u00f3pico).<\/p>\n<p>La ventaja a\u00f1adida de esta caja mate son las dos opciones de filtro. La parte frontal de la caja de mate proporciona una ranura para cualquier filtro est\u00e1ndar 4&#215;5,65.<\/p>\n<p>Adem\u00e1s, los filtros de rosca se pueden acoplar a los anillos adaptadores incluidos mediante las roscas interiores que coinciden con el di\u00e1metro de cada anillo adaptador.<\/p>\n<p>Este anillo adaptador se fija primero a tu objetivo y luego la caja mate se sujeta al anillo adaptador.<\/p>\n<p>El kit incluye la Mini Matte Box, la bandera francesa superior, el soporte de varilla \u00fanica de 15 mm y cuatro anillos adaptadores para objetivos (82 mm, 77 mm, 67 mm y 72 mm).<\/p>\n<p>Ahora hay disponibles anillos adaptadores adicionales en tama\u00f1os no est\u00e1ndar (52 mm, 55 mm, 58 mm, 62 mm y 85 mm), as\u00ed como anillos adaptadores en versi\u00f3n cine (80 mm y 85 mm).<\/p>\n<p><strong>NOTA: Para evitar el vi\u00f1eteado, recomendamos utilizar distancias focales superiores a 24 mm para S35 y 35 mm para fotograma completo.  <\/strong><\/p>\n","protected":false},"excerpt":{"rendered":"<p>La Mini Matte Box es una soluci\u00f3n ligera y asequible para los cineastas que utilizan c\u00e1maras DSLR y mirrorless. La Mini Caja Mate s\u00f3lo pesa 140 g (4,9 oz). Proporciona una mayor protecci\u00f3n para tu objetivo y puede ayudar a [&hellip;]<\/p>\n","protected":false},"featured_media":2007834,"comment_status":"closed","ping_status":"closed","template":"","meta":[],"product_cat":[3248,2750,2749,2737,2719,2843,2844,2834,2842,2833,2831,2740,2735,2813,2814,2747,2839,2742,2817,2789,2829,2837,2739,2818,2790,2744,2830,2819,2820,2821,2822,2746,2723,2824,2836,2840,2835,2745,2832,2786,2736,2828,2734,2725,2775,2825,2731,2729,2730,2990],"product_tag":[],"acf":[],"gallery_images":[2007835,2007836,2007837,2007838,2007839],"_links":{"self":[{"href":"https:\/\/eu.tilta.com\/es\/wp-json\/wp\/v2\/product\/2007833"}],"collection":[{"href":"https:\/\/eu.tilta.com\/es\/wp-json\/wp\/v2\/product"}],"about":[{"href":"https:\/\/eu.tilta.com\/es\/wp-json\/wp\/v2\/types\/product"}],"replies":[{"embeddable":true,"href":"https:\/\/eu.tilta.com\/es\/wp-json\/wp\/v2\/comments?post=2007833"}],"wp:featuredmedia":[{"embeddable":true,"href":"https:\/\/eu.tilta.com\/es\/wp-json\/wp\/v2\/media\/2007834"}],"wp:attachment":[{"href":"https:\/\/eu.tilta.com\/es\/wp-json\/wp\/v2\/media?parent=2007833"}],"wp:term":[{"taxonomy":"product_cat","embeddable":true,"href":"https:\/\/eu.tilta.com\/es\/wp-json\/wp\/v2\/product_cat?post=2007833"},{"taxonomy":"product_tag","embeddable":true,"href":"https:\/\/eu.tilta.com\/es\/wp-json\/wp\/v2\/product_tag?post=2007833"}],"curies":[{"name":"wp","href":"https:\/\/api.w.org\/{rel}","templated":true}]}}