{"id":2008215,"date":"2024-05-29T22:34:06","date_gmt":"2024-05-29T20:34:06","guid":{"rendered":"https:\/\/de.tilta.com\/shop\/filtro-de-niebla-negro-tilta-illusion-4x565\/"},"modified":"2025-12-05T13:46:29","modified_gmt":"2025-12-05T12:46:29","slug":"tilta-illusion-4x5-65-black-mist-filter","status":"publish","type":"product","link":"https:\/\/eu.tilta.com\/es\/shop\/tilta-illusion-4x5-65-black-mist-filter\/","title":{"rendered":"Filtro de niebla negro Tilta Illusion 4\u00d75,65"},"content":{"rendered":"<div class=\"overview-text\">\n<p><i>Presentamos la nueva generaci\u00f3n de filtros para las cajas mate 4\u00d75,65 &#8211; TILTA ILLUSION<\/i><\/p>\n<p>Este filtro es el nuevo filtro 4\u00d75,65 de fabricaci\u00f3n propia dise\u00f1ado para cualquier Matte Box con bandeja para filtros 4\u00d75,65, incluida la Mirage Matte Box.<\/p>\n<p>Este filtro es un tipo de filtro difusor que reduce el contraste y produce un sutil resplandor alrededor de las fuentes de luz, al tiempo que limita la suavidad general y conserva el contraste en las sombras.<\/p>\n<p>Esto crea una atm\u00f3sfera visual suave, al tiempo que conserva la nitidez y m\u00e1s detalle en las sombras que un filtro de Niebla est\u00e1ndar.<\/p>\n<p>Este filtro es ideal para los usuarios que buscan un aspecto difuminado cl\u00e1sico sin distraer demasiado.<\/p>\n<\/div>\n","protected":false},"excerpt":{"rendered":"<p>Presentamos la nueva generaci\u00f3n de filtros para las cajas mate 4\u00d75,65 &#8211; TILTA ILLUSION Este filtro es el nuevo filtro 4\u00d75,65 de fabricaci\u00f3n propia dise\u00f1ado para cualquier Matte Box con bandeja para filtros 4\u00d75,65, incluida la Mirage Matte Box. Este [&hellip;]<\/p>\n","protected":false},"featured_media":2000206,"comment_status":"closed","ping_status":"closed","template":"","meta":[],"product_cat":[3763,2785],"product_tag":[],"acf":[],"gallery_images":[],"_links":{"self":[{"href":"https:\/\/eu.tilta.com\/es\/wp-json\/wp\/v2\/product\/2008215"}],"collection":[{"href":"https:\/\/eu.tilta.com\/es\/wp-json\/wp\/v2\/product"}],"about":[{"href":"https:\/\/eu.tilta.com\/es\/wp-json\/wp\/v2\/types\/product"}],"replies":[{"embeddable":true,"href":"https:\/\/eu.tilta.com\/es\/wp-json\/wp\/v2\/comments?post=2008215"}],"wp:featuredmedia":[{"embeddable":true,"href":"https:\/\/eu.tilta.com\/es\/wp-json\/wp\/v2\/media\/2000206"}],"wp:attachment":[{"href":"https:\/\/eu.tilta.com\/es\/wp-json\/wp\/v2\/media?parent=2008215"}],"wp:term":[{"taxonomy":"product_cat","embeddable":true,"href":"https:\/\/eu.tilta.com\/es\/wp-json\/wp\/v2\/product_cat?post=2008215"},{"taxonomy":"product_tag","embeddable":true,"href":"https:\/\/eu.tilta.com\/es\/wp-json\/wp\/v2\/product_tag?post=2008215"}],"curies":[{"name":"wp","href":"https:\/\/api.w.org\/{rel}","templated":true}]}}