{"id":2008233,"date":"2024-08-07T12:11:09","date_gmt":"2024-08-07T10:11:09","guid":{"rendered":"https:\/\/de.tilta.com\/shop\/empunadura-anular-basica-plus-para-el-kit-de-viaje-del-mando-dji-ronin\/"},"modified":"2025-12-05T13:46:24","modified_gmt":"2025-12-05T12:46:24","slug":"basic-ring-grip-plus-for-dji-ronin-control-travel-kit","status":"publish","type":"product","link":"https:\/\/eu.tilta.com\/es\/shop\/basic-ring-grip-plus-for-dji-ronin-control-travel-kit\/","title":{"rendered":"Empu\u00f1adura anular b\u00e1sica Plus para el kit de viaje del mando DJI Ronin"},"content":{"rendered":"<p><strong>El Anillo de Sujeci\u00f3n B\u00e1sico Plus es el sistema de sujeci\u00f3n m\u00e1s rentable para los cardanes DJI RS2, RS 3 Pro y RS 4\/4 Pro.<\/strong><\/p>\n<p>La versi\u00f3n del kit de control de la empu\u00f1adura anular b\u00e1sica Plus incluye una empu\u00f1adura de control totalmente nueva que te permite controlar el ronin a trav\u00e9s de la empu\u00f1adura, pero no ofrece el control de enfoque que tienen las empu\u00f1aduras avanzadas.<\/p>\n<p>Esta versi\u00f3n mejorada de la empu\u00f1adura anular b\u00e1sica admite todos los accesorios de las versiones anteriores, incluidos el mando a distancia y las asas de doble canal.<\/p>\n<p>Utilizando una nueva aleaci\u00f3n de aluminio y magnesio, el Agarre Anular B\u00e1sico Plus mejora el modelo anterior con un peso ligeramente m\u00e1s ligero y una mayor durabilidad.<\/p>\n<p>La empu\u00f1adura anular b\u00e1sica Plus tiene los mismos puntos de contacto que nuestros otros modelos, lo que significa que puedes utilizar las placas de bater\u00eda Gold o V-Mount para alimentar tu card\u00e1n y accesorios durante m\u00e1s tiempo<\/p>\n<p>Tambi\u00e9n puedes utilizar nuestro M\u00f3dulo de Fuente de Alimentaci\u00f3n, que ofrece c\u00f3modas opciones de montaje y alimentaci\u00f3n para accesorios como un monitor externo o transmisores de v\u00eddeo inal\u00e1mbricos.<\/p>\n<p>Nuestros sistemas de Empu\u00f1adura Anular proporcionan una mayor estabilidad en comparaci\u00f3n con el funcionamiento manual normal, ya que utilizan varios puntos de contacto a trav\u00e9s de las dos empu\u00f1aduras mec\u00e1nicas incluidas.<\/p>\n<p>Al igual que en versiones anteriores, esto tambi\u00e9n te permite convertir la empu\u00f1adura de la bater\u00eda del card\u00e1n en una empu\u00f1adura superior, para que puedas pasar r\u00e1pidamente a tomas de \u00e1ngulo bajo mientras proporcionas potencia adicional a tu card\u00e1n.<\/p>\n<p>Un pie de apoyo integrado te permite colocar f\u00e1cilmente el card\u00e1n entre tomas.<\/p>\n<p>NOTA: La empu\u00f1adura de mando s\u00f3lo puede funcionar cuando est\u00e1 conectada a la empu\u00f1adura anular<\/p>\n","protected":false},"excerpt":{"rendered":"<p>El Anillo de Sujeci\u00f3n B\u00e1sico Plus es el sistema de sujeci\u00f3n m\u00e1s rentable para los cardanes DJI RS2, RS 3 Pro y RS 4\/4 Pro. La versi\u00f3n del kit de control de la empu\u00f1adura anular b\u00e1sica Plus incluye una empu\u00f1adura [&hellip;]<\/p>\n","protected":false},"featured_media":2007975,"comment_status":"closed","ping_status":"closed","template":"","meta":[],"product_cat":[2940],"product_tag":[],"acf":[],"gallery_images":[2008005,2008023,2008017,2007981,2008011,2007969,2007963,2007999,2007993,2007987],"_links":{"self":[{"href":"https:\/\/eu.tilta.com\/es\/wp-json\/wp\/v2\/product\/2008233"}],"collection":[{"href":"https:\/\/eu.tilta.com\/es\/wp-json\/wp\/v2\/product"}],"about":[{"href":"https:\/\/eu.tilta.com\/es\/wp-json\/wp\/v2\/types\/product"}],"replies":[{"embeddable":true,"href":"https:\/\/eu.tilta.com\/es\/wp-json\/wp\/v2\/comments?post=2008233"}],"wp:featuredmedia":[{"embeddable":true,"href":"https:\/\/eu.tilta.com\/es\/wp-json\/wp\/v2\/media\/2007975"}],"wp:attachment":[{"href":"https:\/\/eu.tilta.com\/es\/wp-json\/wp\/v2\/media?parent=2008233"}],"wp:term":[{"taxonomy":"product_cat","embeddable":true,"href":"https:\/\/eu.tilta.com\/es\/wp-json\/wp\/v2\/product_cat?post=2008233"},{"taxonomy":"product_tag","embeddable":true,"href":"https:\/\/eu.tilta.com\/es\/wp-json\/wp\/v2\/product_tag?post=2008233"}],"curies":[{"name":"wp","href":"https:\/\/api.w.org\/{rel}","templated":true}]}}