{"id":2008744,"date":"2024-04-25T18:19:25","date_gmt":"2024-04-25T16:19:25","guid":{"rendered":"https:\/\/de.tilta.com\/shop\/empunadura-basculante-izquierda-de-potencia-avanzada-con-marcha-parada-bateria-f570-negra-solo-empunadura\/"},"modified":"2025-12-05T13:46:40","modified_gmt":"2025-12-05T12:46:40","slug":"tiltaing-advanced-run-stop-handle-handle-only-open-box","status":"publish","type":"product","link":"https:\/\/eu.tilta.com\/es\/shop\/tiltaing-advanced-run-stop-handle-handle-only-open-box\/","title":{"rendered":"Empu\u00f1adura basculante izquierda de potencia avanzada con marcha\/parada (bater\u00eda F570) &#8211; Negra (s\u00f3lo empu\u00f1adura)"},"content":{"rendered":"<p><strong>NOTA: Esta empu\u00f1adura NO est\u00e1 dise\u00f1ada para alimentar la mayor\u00eda de los cuerpos de c\u00e1mara y NO es capaz de alimentar la Canon R5C<\/strong><\/p>\n<p>Esta avanzada empu\u00f1adura se acopla al lado izquierdo de las jaulas para c\u00e1maras Tiltaing. Un puerto de bater\u00eda en la parte inferior de la empu\u00f1adura te permite utilizar una bater\u00eda Sony F570 para alimentar varios accesorios a trav\u00e9s de las salidas de alimentaci\u00f3n de 8 V USB-C y 12 V CC.<\/p>\n<p>Un bot\u00f3n de marcha\/parada incorporado te permite controlar la funci\u00f3n de inicio\/parada de grabaci\u00f3n de tu c\u00e1mara mediante un cable R\/S opcional (para c\u00e1maras que admitan esta funci\u00f3n).<\/p>\n<p><strong>NOTA: El adaptador de tipo V incorpora una roseta est\u00e1ndar Tilta que es compatible con algunas rosetas ARRI, pero no con todas.<\/strong><\/p>\n","protected":false},"excerpt":{"rendered":"<p>NOTA: Esta empu\u00f1adura NO est\u00e1 dise\u00f1ada para alimentar la mayor\u00eda de los cuerpos de c\u00e1mara y NO es capaz de alimentar la Canon R5C Esta avanzada empu\u00f1adura se acopla al lado izquierdo de las jaulas para c\u00e1maras Tiltaing. Un puerto [&hellip;]<\/p>\n","protected":false},"featured_media":2008696,"comment_status":"closed","ping_status":"closed","template":"","meta":[],"product_cat":[2962],"product_tag":[],"acf":[],"gallery_images":[2008690],"_links":{"self":[{"href":"https:\/\/eu.tilta.com\/es\/wp-json\/wp\/v2\/product\/2008744"}],"collection":[{"href":"https:\/\/eu.tilta.com\/es\/wp-json\/wp\/v2\/product"}],"about":[{"href":"https:\/\/eu.tilta.com\/es\/wp-json\/wp\/v2\/types\/product"}],"replies":[{"embeddable":true,"href":"https:\/\/eu.tilta.com\/es\/wp-json\/wp\/v2\/comments?post=2008744"}],"wp:featuredmedia":[{"embeddable":true,"href":"https:\/\/eu.tilta.com\/es\/wp-json\/wp\/v2\/media\/2008696"}],"wp:attachment":[{"href":"https:\/\/eu.tilta.com\/es\/wp-json\/wp\/v2\/media?parent=2008744"}],"wp:term":[{"taxonomy":"product_cat","embeddable":true,"href":"https:\/\/eu.tilta.com\/es\/wp-json\/wp\/v2\/product_cat?post=2008744"},{"taxonomy":"product_tag","embeddable":true,"href":"https:\/\/eu.tilta.com\/es\/wp-json\/wp\/v2\/product_tag?post=2008744"}],"curies":[{"name":"wp","href":"https:\/\/api.w.org\/{rel}","templated":true}]}}