{"id":2008749,"date":"2024-08-13T09:37:24","date_gmt":"2024-08-13T07:37:24","guid":{"rendered":"https:\/\/de.tilta.com\/shop\/tilta-bt03e-cabeza-de-bola-de-mesa-con-patas-de-tripode-de-fibra-de-carbono-de-1-etapa-3kg-edicion-extensible\/"},"modified":"2025-12-05T13:46:50","modified_gmt":"2025-12-05T12:46:50","slug":"tilta-bt03e-tabletop-ball-head-with-1-stage-carbon-fiber-tripod-legs-3kg-extendable-edition","status":"publish","type":"product","link":"https:\/\/eu.tilta.com\/es\/shop\/tilta-bt03e-tabletop-ball-head-with-1-stage-carbon-fiber-tripod-legs-3kg-extendable-edition\/","title":{"rendered":"Tilta BT03E Cabeza de Bola de Mesa con Patas de Tr\u00edpode de Fibra de Carbono de 1 Etapa (3KG) Edici\u00f3n Extensible"},"content":{"rendered":"<p><em>Presentamos el Cabezal de Bola de Mesa con Patas de Tr\u00edpode de Fibra de Carbono de 1 Etapa Edici\u00f3n Extensible (BT03E), un tr\u00edpode vers\u00e1til y compacto dise\u00f1ado para la precisi\u00f3n y la portabilidad.<\/em><\/p>\n<p>La BT03E viene equipada con un robusto cabezal esf\u00e9rico que soporta hasta 3 kg (6,6 lb) e incluye una ranura para disparar en vertical a 90\u00b0, lo que permite transiciones fluidas entre configuraciones horizontales, verticales y por encima de la cabeza.<\/p>\n<p>La placa de liberaci\u00f3n r\u00e1pida Arca se monta de forma segura en la mayor\u00eda de c\u00e1maras y jaulas de c\u00e1maras mediante un tornillo de 1\/4\u2033-20. Muchas de nuestras jaulas para c\u00e1maras son compatibles de forma nativa.<\/p>\n<p>Con un elegante dise\u00f1o sin columna central, este tr\u00edpode destaca en espacios reducidos y tomas de \u00e1ngulo bajo. La capacidad de disparo desde \u00e1ngulos ultraplanos del tr\u00edpode se ve reforzada por los tres \u00e1ngulos ajustables de las patas, que permiten obtener perspectivas creativas desde varios \u00e1ngulos.<\/p>\n<p>Fabricado con fibra de carbono entrecruzada en forma de diamante de varias capas, el tr\u00edpode es a la vez duradero e incre\u00edblemente ligero, lo que lo hace ideal para llevarlo a diario.<\/p>\n<p>Sus patas de dos secciones se extienden hasta 13,7\u2033 y el mecanismo de bloqueo giratorio facilita ajustes de altura r\u00e1pidos y precisos. Se puede combinar con la barra de extensi\u00f3n incluida para aumentar la altura hasta 21,9\u2033.<\/p>\n<p>Adem\u00e1s, la empu\u00f1adura es telesc\u00f3pica en varias longitudes para mayor comodidad, mientras que las patas incorporan puntos de montaje de 1\/4\u2033-20 con pasadores de fijaci\u00f3n, lo que permite a los usuarios montar varios accesorios.<\/p>\n<p><em>Tanto si trabajas localmente como en el extranjero, este tr\u00edpode ofrece la funcionalidad y durabilidad necesarias para captar tus mejores instant\u00e1neas.<\/em><\/p>\n","protected":false},"excerpt":{"rendered":"<p>Presentamos el Cabezal de Bola de Mesa con Patas de Tr\u00edpode de Fibra de Carbono de 1 Etapa Edici\u00f3n Extensible (BT03E), un tr\u00edpode vers\u00e1til y compacto dise\u00f1ado para la precisi\u00f3n y la portabilidad. La BT03E viene equipada con un robusto [&hellip;]<\/p>\n","protected":false},"featured_media":2008920,"comment_status":"closed","ping_status":"closed","template":"","meta":[],"product_cat":[3307],"product_tag":[],"acf":[],"gallery_images":[2008914,2008908,2008902,2008896,2008890,2008884],"_links":{"self":[{"href":"https:\/\/eu.tilta.com\/es\/wp-json\/wp\/v2\/product\/2008749"}],"collection":[{"href":"https:\/\/eu.tilta.com\/es\/wp-json\/wp\/v2\/product"}],"about":[{"href":"https:\/\/eu.tilta.com\/es\/wp-json\/wp\/v2\/types\/product"}],"replies":[{"embeddable":true,"href":"https:\/\/eu.tilta.com\/es\/wp-json\/wp\/v2\/comments?post=2008749"}],"wp:featuredmedia":[{"embeddable":true,"href":"https:\/\/eu.tilta.com\/es\/wp-json\/wp\/v2\/media\/2008920"}],"wp:attachment":[{"href":"https:\/\/eu.tilta.com\/es\/wp-json\/wp\/v2\/media?parent=2008749"}],"wp:term":[{"taxonomy":"product_cat","embeddable":true,"href":"https:\/\/eu.tilta.com\/es\/wp-json\/wp\/v2\/product_cat?post=2008749"},{"taxonomy":"product_tag","embeddable":true,"href":"https:\/\/eu.tilta.com\/es\/wp-json\/wp\/v2\/product_tag?post=2008749"}],"curies":[{"name":"wp","href":"https:\/\/api.w.org\/{rel}","templated":true}]}}