{"id":2008754,"date":"2024-08-13T08:25:37","date_gmt":"2024-08-13T06:25:37","guid":{"rendered":"https:\/\/de.tilta.com\/shop\/cabeza-de-bola-de-mesa-tilta-bt03-con-patas-de-tripode-de-fibra-de-carbono-de-1-etapa-3kg\/"},"modified":"2025-12-05T13:47:10","modified_gmt":"2025-12-05T12:47:10","slug":"tilta-bt03-tabletop-ball-head-with-1-stage-carbon-fiber-tripod-legs-3kg","status":"publish","type":"product","link":"https:\/\/eu.tilta.com\/es\/shop\/tilta-bt03-tabletop-ball-head-with-1-stage-carbon-fiber-tripod-legs-3kg\/","title":{"rendered":"Cabeza de Bola de Mesa Tilta BT03 con Patas de Tr\u00edpode de Fibra de Carbono de 1 Etapa (3KG)"},"content":{"rendered":"<p><em>Presentamos el Cabezal de Bola de Mesa con Patas de Tr\u00edpode de Fibra de Carbono de 1 Etapa (BT03), un tr\u00edpode vers\u00e1til y compacto dise\u00f1ado para ofrecer precisi\u00f3n y portabilidad.<\/em><\/p>\n<p>La BT03 viene equipada con un robusto cabezal esf\u00e9rico que soporta hasta 3 kg (6,6 lb) e incluye una ranura para disparar en vertical a 90\u00b0, lo que permite transiciones fluidas entre las configuraciones horizontal, vertical y por encima de la cabeza.<\/p>\n<p>La placa de liberaci\u00f3n r\u00e1pida Arca se monta de forma segura en la mayor\u00eda de c\u00e1maras y jaulas de c\u00e1maras mediante un tornillo de 1\/4\u2033-20. Muchas de nuestras jaulas para c\u00e1maras son compatibles de forma nativa.<\/p>\n<p>Con un elegante dise\u00f1o sin columna central, este tr\u00edpode destaca en espacios reducidos y tomas de \u00e1ngulo bajo. La capacidad de disparo desde \u00e1ngulos ultraplanos del tr\u00edpode se ve reforzada por los tres \u00e1ngulos ajustables de las patas, que permiten obtener perspectivas creativas desde varios \u00e1ngulos.<\/p>\n<p>Fabricado con fibra de carbono entrecruzada en forma de diamante de varias capas, el tr\u00edpode es a la vez duradero e incre\u00edblemente ligero, lo que lo hace ideal para llevarlo a diario.<\/p>\n<p>Sus patas de dos secciones se extienden hasta 13,7\u2033 y el mecanismo de bloqueo giratorio facilita ajustes de altura r\u00e1pidos y precisos. Puede combinarse con una barra de extensi\u00f3n opcional para aumentar la altura.<\/p>\n<p>Adem\u00e1s, la empu\u00f1adura es telesc\u00f3pica en varias longitudes para mayor comodidad, mientras que las patas incorporan puntos de montaje de 1\/4\u2033-20 con pasadores de fijaci\u00f3n, lo que permite a los usuarios montar varios accesorios.<\/p>\n<p><em>Tanto si trabajas localmente como en el extranjero, este tr\u00edpode ofrece la funcionalidad y durabilidad necesarias para captar tus mejores instant\u00e1neas.<\/em><\/p>\n","protected":false},"excerpt":{"rendered":"<p>Presentamos el Cabezal de Bola de Mesa con Patas de Tr\u00edpode de Fibra de Carbono de 1 Etapa (BT03), un tr\u00edpode vers\u00e1til y compacto dise\u00f1ado para ofrecer precisi\u00f3n y portabilidad. La BT03 viene equipada con un robusto cabezal esf\u00e9rico que [&hellip;]<\/p>\n","protected":false},"featured_media":2009058,"comment_status":"closed","ping_status":"closed","template":"","meta":[],"product_cat":[3363,3366,3297,3307],"product_tag":[],"acf":[],"gallery_images":[2009048,2009042,2009036,2009030,2009024,2009018],"_links":{"self":[{"href":"https:\/\/eu.tilta.com\/es\/wp-json\/wp\/v2\/product\/2008754"}],"collection":[{"href":"https:\/\/eu.tilta.com\/es\/wp-json\/wp\/v2\/product"}],"about":[{"href":"https:\/\/eu.tilta.com\/es\/wp-json\/wp\/v2\/types\/product"}],"replies":[{"embeddable":true,"href":"https:\/\/eu.tilta.com\/es\/wp-json\/wp\/v2\/comments?post=2008754"}],"wp:featuredmedia":[{"embeddable":true,"href":"https:\/\/eu.tilta.com\/es\/wp-json\/wp\/v2\/media\/2009058"}],"wp:attachment":[{"href":"https:\/\/eu.tilta.com\/es\/wp-json\/wp\/v2\/media?parent=2008754"}],"wp:term":[{"taxonomy":"product_cat","embeddable":true,"href":"https:\/\/eu.tilta.com\/es\/wp-json\/wp\/v2\/product_cat?post=2008754"},{"taxonomy":"product_tag","embeddable":true,"href":"https:\/\/eu.tilta.com\/es\/wp-json\/wp\/v2\/product_tag?post=2008754"}],"curies":[{"name":"wp","href":"https:\/\/api.w.org\/{rel}","templated":true}]}}