{"id":2009829,"date":"2024-09-12T04:53:03","date_gmt":"2024-09-12T02:53:03","guid":{"rendered":"https:\/\/eu.tilta.com\/shop\/placa-de-liberacion-rapida-universal-tilta-manfrotto-negra\/"},"modified":"2025-12-05T13:47:59","modified_gmt":"2025-12-05T12:47:59","slug":"tilta-manfrotto-universal-quick-release-plate-black","status":"publish","type":"product","link":"https:\/\/eu.tilta.com\/es\/shop\/tilta-manfrotto-universal-quick-release-plate-black\/","title":{"rendered":"Placa de liberaci\u00f3n r\u00e1pida universal Tilta Manfrotto &#8211; Negra"},"content":{"rendered":"<p>Esta placa de liberaci\u00f3n r\u00e1pida universal Manfrotto se puede utilizar con una gran variedad de nuestros sistemas de soporte y accesorios.<\/p>\n<p>Esta placa de liberaci\u00f3n r\u00e1pida puede fijarse a la parte inferior de una c\u00e1mara o jaula para disparar en horizontal, as\u00ed como al lateral de la mayor\u00eda de las jaulas de c\u00e1maras para configuraciones verticales.<\/p>\n<p>Esta Placa tambi\u00e9n sirve para sustituir a la que se incluye con el Tr\u00edpode de Cabeza Fluida Cine CT08 de 75 mm.<\/p>\n<p>NOTA: Esta placa de liberaci\u00f3n r\u00e1pida es compatible con una serie de receptores Manfrotto, sin embargo, no se garantiza la compatibilidad con todos los receptores.<\/p>\n","protected":false},"excerpt":{"rendered":"<p>Esta placa de liberaci\u00f3n r\u00e1pida universal Manfrotto se puede utilizar con una gran variedad de nuestros sistemas de soporte y accesorios. Esta placa de liberaci\u00f3n r\u00e1pida puede fijarse a la parte inferior de una c\u00e1mara o jaula para disparar en [&hellip;]<\/p>\n","protected":false},"featured_media":2009569,"comment_status":"closed","ping_status":"closed","template":"","meta":[],"product_cat":[3256,2936],"product_tag":[],"acf":[],"gallery_images":[2009559,2009553,2009547,2009541,2009535,2009529],"_links":{"self":[{"href":"https:\/\/eu.tilta.com\/es\/wp-json\/wp\/v2\/product\/2009829"}],"collection":[{"href":"https:\/\/eu.tilta.com\/es\/wp-json\/wp\/v2\/product"}],"about":[{"href":"https:\/\/eu.tilta.com\/es\/wp-json\/wp\/v2\/types\/product"}],"replies":[{"embeddable":true,"href":"https:\/\/eu.tilta.com\/es\/wp-json\/wp\/v2\/comments?post=2009829"}],"wp:featuredmedia":[{"embeddable":true,"href":"https:\/\/eu.tilta.com\/es\/wp-json\/wp\/v2\/media\/2009569"}],"wp:attachment":[{"href":"https:\/\/eu.tilta.com\/es\/wp-json\/wp\/v2\/media?parent=2009829"}],"wp:term":[{"taxonomy":"product_cat","embeddable":true,"href":"https:\/\/eu.tilta.com\/es\/wp-json\/wp\/v2\/product_cat?post=2009829"},{"taxonomy":"product_tag","embeddable":true,"href":"https:\/\/eu.tilta.com\/es\/wp-json\/wp\/v2\/product_tag?post=2009829"}],"curies":[{"name":"wp","href":"https:\/\/api.w.org\/{rel}","templated":true}]}}