{"id":2009830,"date":"2024-09-18T04:37:48","date_gmt":"2024-09-18T02:37:48","guid":{"rendered":"https:\/\/eu.tilta.com\/shop\/placa-de-bateria-para-dji-rs-4-placa-de-paso-de-energia-serie-l\/"},"modified":"2025-12-05T13:47:59","modified_gmt":"2025-12-05T12:47:59","slug":"battery-plate-for-dji-rs-4-power-pass-through-plate-l-series","status":"publish","type":"product","link":"https:\/\/eu.tilta.com\/es\/shop\/battery-plate-for-dji-rs-4-power-pass-through-plate-l-series\/","title":{"rendered":"Placa de bater\u00eda para DJI RS 4 Placa de paso de energ\u00eda &#8211; Serie L"},"content":{"rendered":"<p>Esta Placa para Bater\u00edas de la Serie L se monta en la parte inferior de la Placa de Paso de Potencia RS4 y permite a los usuarios alimentarla mediante Bater\u00edas Duales de la Serie L de Sony.<\/p>\n<p>Esto ofrece una alternativa incre\u00edblemente ligera para que los usuarios ampl\u00eden sus opciones de alimentaci\u00f3n minimizando el peso a\u00f1adido en su card\u00e1n.<\/p>\n<p>Esta placa de bater\u00eda puede suministrar la misma energ\u00eda a los puertos de la Placa de Paso que las opciones de Montaje Dorado y Montaje en V, mucho m\u00e1s grandes.<\/p>\n<p>Ten en cuenta: no hay salidas de alimentaci\u00f3n en la propia placa y \u00e9sta s\u00f3lo puede montarse en la Placa de Paso de Potencia, que no est\u00e1 incluida.<\/p>\n","protected":false},"excerpt":{"rendered":"<p>Esta Placa para Bater\u00edas de la Serie L se monta en la parte inferior de la Placa de Paso de Potencia RS4 y permite a los usuarios alimentarla mediante Bater\u00edas Duales de la Serie L de Sony. Esto ofrece una [&hellip;]<\/p>\n","protected":false},"featured_media":2009764,"comment_status":"open","ping_status":"closed","template":"","meta":[],"product_cat":[3133],"product_tag":[],"acf":[],"gallery_images":[2009758,2009752,2009746,2009740,2009734],"_links":{"self":[{"href":"https:\/\/eu.tilta.com\/es\/wp-json\/wp\/v2\/product\/2009830"}],"collection":[{"href":"https:\/\/eu.tilta.com\/es\/wp-json\/wp\/v2\/product"}],"about":[{"href":"https:\/\/eu.tilta.com\/es\/wp-json\/wp\/v2\/types\/product"}],"replies":[{"embeddable":true,"href":"https:\/\/eu.tilta.com\/es\/wp-json\/wp\/v2\/comments?post=2009830"}],"wp:featuredmedia":[{"embeddable":true,"href":"https:\/\/eu.tilta.com\/es\/wp-json\/wp\/v2\/media\/2009764"}],"wp:attachment":[{"href":"https:\/\/eu.tilta.com\/es\/wp-json\/wp\/v2\/media?parent=2009830"}],"wp:term":[{"taxonomy":"product_cat","embeddable":true,"href":"https:\/\/eu.tilta.com\/es\/wp-json\/wp\/v2\/product_cat?post=2009830"},{"taxonomy":"product_tag","embeddable":true,"href":"https:\/\/eu.tilta.com\/es\/wp-json\/wp\/v2\/product_tag?post=2009830"}],"curies":[{"name":"wp","href":"https:\/\/api.w.org\/{rel}","templated":true}]}}