{"id":2009831,"date":"2024-09-14T10:43:33","date_gmt":"2024-09-14T08:43:33","guid":{"rendered":"https:\/\/eu.tilta.com\/shop\/soporte-evf-para-sony-fx6\/"},"modified":"2025-12-05T13:48:00","modified_gmt":"2025-12-05T12:48:00","slug":"evf-bracket-for-sony-fx6","status":"publish","type":"product","link":"https:\/\/eu.tilta.com\/es\/shop\/evf-bracket-for-sony-fx6\/","title":{"rendered":"Soporte EVF para Sony FX6"},"content":{"rendered":"<p>Este soporte EVF para Sony FX6 permite a los usuarios montar su monitor de visualizaci\u00f3n m\u00e1s lejos del cuerpo de la c\u00e1mara, al tiempo que mejora la seguridad de su conexi\u00f3n.<\/p>\n<p>La flexibilidad a\u00f1adida de este accesorio es especialmente \u00fatil cuando se utiliza el Ocular del Visor.<\/p>\n<p>El soporte utiliza un ra\u00edl OTAN que permite ajustar la posici\u00f3n del visor con respecto a la barra de montaje central.<\/p>\n<p>El extremo del soporte incluye un punto de montaje para la pantalla LCD de la FX6, que se puede girar para encontrar el \u00e1ngulo de funcionamiento m\u00e1s c\u00f3modo.<\/p>\n<p>Esto es incre\u00edblemente \u00fatil cuando se utiliza un aparejo de hombro con el Ocular Visor, ya que crea m\u00e1s opciones para que el operador encuentre una posici\u00f3n c\u00f3moda.<\/p>\n","protected":false},"excerpt":{"rendered":"<p>Este soporte EVF para Sony FX6 permite a los usuarios montar su monitor de visualizaci\u00f3n m\u00e1s lejos del cuerpo de la c\u00e1mara, al tiempo que mejora la seguridad de su conexi\u00f3n. La flexibilidad a\u00f1adida de este accesorio es especialmente \u00fatil [&hellip;]<\/p>\n","protected":false},"featured_media":2158881,"comment_status":"open","ping_status":"closed","template":"","meta":[],"product_cat":[2733],"product_tag":[],"acf":[],"gallery_images":[2158887,2158893,2158899,2009679],"_links":{"self":[{"href":"https:\/\/eu.tilta.com\/es\/wp-json\/wp\/v2\/product\/2009831"}],"collection":[{"href":"https:\/\/eu.tilta.com\/es\/wp-json\/wp\/v2\/product"}],"about":[{"href":"https:\/\/eu.tilta.com\/es\/wp-json\/wp\/v2\/types\/product"}],"replies":[{"embeddable":true,"href":"https:\/\/eu.tilta.com\/es\/wp-json\/wp\/v2\/comments?post=2009831"}],"wp:featuredmedia":[{"embeddable":true,"href":"https:\/\/eu.tilta.com\/es\/wp-json\/wp\/v2\/media\/2158881"}],"wp:attachment":[{"href":"https:\/\/eu.tilta.com\/es\/wp-json\/wp\/v2\/media?parent=2009831"}],"wp:term":[{"taxonomy":"product_cat","embeddable":true,"href":"https:\/\/eu.tilta.com\/es\/wp-json\/wp\/v2\/product_cat?post=2009831"},{"taxonomy":"product_tag","embeddable":true,"href":"https:\/\/eu.tilta.com\/es\/wp-json\/wp\/v2\/product_tag?post=2009831"}],"curies":[{"name":"wp","href":"https:\/\/api.w.org\/{rel}","templated":true}]}}