{"id":2009832,"date":"2024-09-14T09:27:45","date_gmt":"2024-09-14T07:27:45","guid":{"rendered":"https:\/\/eu.tilta.com\/shop\/placa-de-montaje-lateral-para-sony-fx6\/"},"modified":"2025-12-05T13:48:00","modified_gmt":"2025-12-05T12:48:00","slug":"side-mounting-plate-for-sony-fx6","status":"publish","type":"product","link":"https:\/\/eu.tilta.com\/es\/shop\/side-mounting-plate-for-sony-fx6\/","title":{"rendered":"Placa de montaje lateral para Sony FX6"},"content":{"rendered":"<p>Esta placa de montaje lateral para Sony FX6 es el accesorio ligero perfecto para ampliar las opciones de montaje de la jaula de tu c\u00e1mara.<\/p>\n<p>Esta Placa se monta de forma nativa en el lateral de la <a href=\"https:\/\/eu.tilta.com\/shop\/camera-cage-for-sony-fx6-advanced-kit\/\">Jaula de la C\u00e1mara para Sony FX6<\/a> e incorpora puntos de montaje para accesorios como Receptores de Zapata Fr\u00eda, roscas de 1\/4\u2033-20 y 3\/8\u2033-16 con puntos de localizaci\u00f3n.<\/p>\n<p>Esta Placa tambi\u00e9n sirve como superficie plana para posibilidades de aparejo \u00fanicas y se puede utilizar f\u00e1cilmente para disparar en vertical acoplando la placa de liberaci\u00f3n r\u00e1pida de un tr\u00edpode.<\/p>\n<p>Con este kit tambi\u00e9n se incluyen etiquetas de \u00edndice de c\u00e1mara A\/B\/C que se pueden fijar a un punto determinado de la placa lateral para identificar f\u00e1cilmente cada c\u00e1mara en una configuraci\u00f3n multic\u00e1mara.<\/p>\n<p><strong>NOTA: Este accesorio requiere nuestra <a href=\"https:\/\/eu.tilta.com\/shop\/camera-cage-for-sony-fx6-advanced-kit\/\">Jaula de c\u00e1mara para Sony FX6<\/a><\/strong><\/p>\n","protected":false},"excerpt":{"rendered":"<p>Esta placa de montaje lateral para Sony FX6 es el accesorio ligero perfecto para ampliar las opciones de montaje de la jaula de tu c\u00e1mara. Esta Placa se monta de forma nativa en el lateral de la Jaula de la [&hellip;]<\/p>\n","protected":false},"featured_media":2009642,"comment_status":"open","ping_status":"closed","template":"","meta":[],"product_cat":[2733,3014],"product_tag":[],"acf":[],"gallery_images":[2009636,2009630,2009624,2009618,2009612,2009606],"_links":{"self":[{"href":"https:\/\/eu.tilta.com\/es\/wp-json\/wp\/v2\/product\/2009832"}],"collection":[{"href":"https:\/\/eu.tilta.com\/es\/wp-json\/wp\/v2\/product"}],"about":[{"href":"https:\/\/eu.tilta.com\/es\/wp-json\/wp\/v2\/types\/product"}],"replies":[{"embeddable":true,"href":"https:\/\/eu.tilta.com\/es\/wp-json\/wp\/v2\/comments?post=2009832"}],"wp:featuredmedia":[{"embeddable":true,"href":"https:\/\/eu.tilta.com\/es\/wp-json\/wp\/v2\/media\/2009642"}],"wp:attachment":[{"href":"https:\/\/eu.tilta.com\/es\/wp-json\/wp\/v2\/media?parent=2009832"}],"wp:term":[{"taxonomy":"product_cat","embeddable":true,"href":"https:\/\/eu.tilta.com\/es\/wp-json\/wp\/v2\/product_cat?post=2009832"},{"taxonomy":"product_tag","embeddable":true,"href":"https:\/\/eu.tilta.com\/es\/wp-json\/wp\/v2\/product_tag?post=2009832"}],"curies":[{"name":"wp","href":"https:\/\/api.w.org\/{rel}","templated":true}]}}