{"id":2009833,"date":"2024-09-11T11:33:59","date_gmt":"2024-09-11T09:33:59","guid":{"rendered":"https:\/\/eu.tilta.com\/shop\/extensor-de-empunadura-para-sony-fx6\/"},"modified":"2025-12-05T13:48:01","modified_gmt":"2025-12-05T12:48:01","slug":"handgrip-extender-for-sony-fx6","status":"publish","type":"product","link":"https:\/\/eu.tilta.com\/es\/shop\/handgrip-extender-for-sony-fx6\/","title":{"rendered":"Extensor de empu\u00f1adura para Sony FX6"},"content":{"rendered":"<p>Este Extensor de Empu\u00f1adura para Sony FX6 permite a los usuarios montar la empu\u00f1adura de su c\u00e1mara m\u00e1s lejos del cuerpo de la c\u00e1mara.<\/p>\n<p>El extremo del cable de este Extensor de Empu\u00f1adura se conecta al cuerpo de la c\u00e1mara FX6, mientras que el otro extremo incorpora una montura para la Empu\u00f1adura, as\u00ed como una Conexi\u00f3n de Roseta.<\/p>\n<p>Este extensor de empu\u00f1adura es la opci\u00f3n perfecta para utilizar la FX6 en un soporte de hombro o card\u00e1n, manteniendo todos los controles disponibles a trav\u00e9s de la empu\u00f1adura.<\/p>\n<p>Este cable en espiral es incre\u00edblemente flexible para adaptarse a distintas configuraciones, ya que puede extenderse de 17,7\u2033 a 39,3\u2033.<\/p>\n","protected":false},"excerpt":{"rendered":"<p>Este Extensor de Empu\u00f1adura para Sony FX6 permite a los usuarios montar la empu\u00f1adura de su c\u00e1mara m\u00e1s lejos del cuerpo de la c\u00e1mara. El extremo del cable de este Extensor de Empu\u00f1adura se conecta al cuerpo de la c\u00e1mara [&hellip;]<\/p>\n","protected":false},"featured_media":2009520,"comment_status":"closed","ping_status":"closed","template":"","meta":[],"product_cat":[2733],"product_tag":[],"acf":[],"gallery_images":[2009514,2009508,2009526],"_links":{"self":[{"href":"https:\/\/eu.tilta.com\/es\/wp-json\/wp\/v2\/product\/2009833"}],"collection":[{"href":"https:\/\/eu.tilta.com\/es\/wp-json\/wp\/v2\/product"}],"about":[{"href":"https:\/\/eu.tilta.com\/es\/wp-json\/wp\/v2\/types\/product"}],"replies":[{"embeddable":true,"href":"https:\/\/eu.tilta.com\/es\/wp-json\/wp\/v2\/comments?post=2009833"}],"wp:featuredmedia":[{"embeddable":true,"href":"https:\/\/eu.tilta.com\/es\/wp-json\/wp\/v2\/media\/2009520"}],"wp:attachment":[{"href":"https:\/\/eu.tilta.com\/es\/wp-json\/wp\/v2\/media?parent=2009833"}],"wp:term":[{"taxonomy":"product_cat","embeddable":true,"href":"https:\/\/eu.tilta.com\/es\/wp-json\/wp\/v2\/product_cat?post=2009833"},{"taxonomy":"product_tag","embeddable":true,"href":"https:\/\/eu.tilta.com\/es\/wp-json\/wp\/v2\/product_tag?post=2009833"}],"curies":[{"name":"wp","href":"https:\/\/api.w.org\/{rel}","templated":true}]}}