{"id":2009834,"date":"2024-09-11T09:22:34","date_gmt":"2024-09-11T07:22:34","guid":{"rendered":"https:\/\/eu.tilta.com\/shop\/placa-de-paso-de-corriente-tilta-para-dji-rs-4\/"},"modified":"2025-12-05T13:48:11","modified_gmt":"2025-12-05T12:48:11","slug":"tilta-power-pass-through-plate-for-dji-rs-4","status":"publish","type":"product","link":"https:\/\/eu.tilta.com\/es\/shop\/tilta-power-pass-through-plate-for-dji-rs-4\/","title":{"rendered":"Placa de paso de corriente Tilta para DJI RS 4"},"content":{"rendered":"<p><em>Presentamos la placa de paso de corriente para DJI RS 4<\/em><\/p>\n<p>Esta placa pasante sustituye al trineo original de las DJI RS2, RS3, RS3 Pro, RS4 y RS4 Pro para ampliar las opciones de alimentaci\u00f3n de c\u00e1maras y accesorios.<\/p>\n<p>Los usuarios pueden retirar la placa original del Ronin desbloqueando la palanca de ajuste de altura y deslizando la placa hacia fuera, para luego fijar este accesorio de la misma manera.<\/p>\n<p>A continuaci\u00f3n, se puede conectar la Montura Dorada, la Bater\u00eda de Montaje en V o la Placa de Bater\u00eda Doble NP-F para montar las bater\u00edas debajo de la placa.<\/p>\n<p>La Placa dispone de (2) puertos de salida P-Tap, (1) puerto Lemo de 2 patillas y (1) USB-C, perfectos para alimentar tu c\u00e1mara mediante cables de bater\u00eda falsa o accesorios como motores de seguimiento de enfoque inal\u00e1mbricos.<\/p>\n<p>El puerto Lemo de 2 patillas tambi\u00e9n puede funcionar como entrada de alimentaci\u00f3n, lo que permite a los usuarios alimentar la placa mediante una fuente externa con un cable de alimentaci\u00f3n de 2 patillas (no incluido).<\/p>\n<p>Esta Placa mejora el equilibrio de la c\u00e1mara y conduce a un mejor rendimiento general del card\u00e1n mediante un centro de gravedad m\u00e1s optimizado, lo que resulta especialmente \u00fatil cuando se utilizan objetivos m\u00e1s largos.<\/p>\n<p>El receptor Manfrotto de la parte superior y el receptor de zapata fr\u00eda de la parte inferior son id\u00e9nticos al original, lo que significa que los accesorios DJI, como su placa de liberaci\u00f3n r\u00e1pida Manfrotto o el transmisor de v\u00eddeo inal\u00e1mbrico Raven Eye, siguen siendo compatibles.<\/p>\n","protected":false},"excerpt":{"rendered":"<p>Presentamos la placa de paso de corriente para DJI RS 4 Esta placa pasante sustituye al trineo original de las DJI RS2, RS3, RS3 Pro, RS4 y RS4 Pro para ampliar las opciones de alimentaci\u00f3n de c\u00e1maras y accesorios. Los [&hellip;]<\/p>\n","protected":false},"featured_media":2009395,"comment_status":"closed","ping_status":"closed","template":"","meta":[],"product_cat":[3010,2943],"product_tag":[],"acf":[],"gallery_images":[2009389,2009383,2009377,2009371],"_links":{"self":[{"href":"https:\/\/eu.tilta.com\/es\/wp-json\/wp\/v2\/product\/2009834"}],"collection":[{"href":"https:\/\/eu.tilta.com\/es\/wp-json\/wp\/v2\/product"}],"about":[{"href":"https:\/\/eu.tilta.com\/es\/wp-json\/wp\/v2\/types\/product"}],"replies":[{"embeddable":true,"href":"https:\/\/eu.tilta.com\/es\/wp-json\/wp\/v2\/comments?post=2009834"}],"wp:featuredmedia":[{"embeddable":true,"href":"https:\/\/eu.tilta.com\/es\/wp-json\/wp\/v2\/media\/2009395"}],"wp:attachment":[{"href":"https:\/\/eu.tilta.com\/es\/wp-json\/wp\/v2\/media?parent=2009834"}],"wp:term":[{"taxonomy":"product_cat","embeddable":true,"href":"https:\/\/eu.tilta.com\/es\/wp-json\/wp\/v2\/product_cat?post=2009834"},{"taxonomy":"product_tag","embeddable":true,"href":"https:\/\/eu.tilta.com\/es\/wp-json\/wp\/v2\/product_tag?post=2009834"}],"curies":[{"name":"wp","href":"https:\/\/api.w.org\/{rel}","templated":true}]}}