{"id":2009835,"date":"2024-09-11T05:16:51","date_gmt":"2024-09-11T03:16:51","guid":{"rendered":"https:\/\/eu.tilta.com\/shop\/placa-de-bateria-tilta-mini-pd-v-mount-negra\/"},"modified":"2025-12-05T13:48:02","modified_gmt":"2025-12-05T12:48:02","slug":"tilta-mini-pd-v-mount-battery-plate-black","status":"publish","type":"product","link":"https:\/\/eu.tilta.com\/es\/shop\/tilta-mini-pd-v-mount-battery-plate-black\/","title":{"rendered":"Placa de bater\u00eda Tilta Mini PD V Mount &#8211; Negra"},"content":{"rendered":"<div class=\"overview-text\">\n<p><em>Presentamos la Placa para Bater\u00eda Tilta Mini PD V Mount<\/em><\/p>\n<p>Esta placa de bater\u00eda permite a los usuarios ampliar el tiempo de funcionamiento de su c\u00e1mara y accesorios mediante bater\u00edas de montura en V de mayor capacidad.<\/p>\n<p>Esta placa cuenta con m\u00faltiples opciones de salida de energ\u00eda, como una PD USB-C de 60 W, un P-Tap y una conexi\u00f3n Lemo de 2 patillas.<\/p>\n<p>Una caracter\u00edstica exclusiva de esta placa son las ranuras para correa integradas, que permiten a los usuarios conectar una correa de seguridad incluida a su bater\u00eda V-Mount.<\/p>\n<p>Esto limita la posibilidad de desconexi\u00f3n accidental, lo que resulta especialmente \u00fatil cuando se fija la c\u00e1mara a sistemas de soporte, como monturas de coche.<\/p>\n<p>Con la placa de la bater\u00eda se incluye un adaptador de doble varilla que facilita la integraci\u00f3n de la unidad en sistemas que utilizan varillas LWS de 15 mm.<\/p>\n<p>La placa de la bater\u00eda tambi\u00e9n tiene roscas de 1\/4&#8243;-20 y M4 en la parte superior, lo que permite montar f\u00e1cilmente la unidad de formas \u00fanicas mediante adaptadores adicionales o brazos articulados.<\/p>\n<p><em>Los puertos P-Tap\/2 Pin Lemo proporcionan 20V\/3A<\/em><\/p>\n<\/div>\n","protected":false},"excerpt":{"rendered":"<p>Presentamos la Placa para Bater\u00eda Tilta Mini PD V Mount Esta placa de bater\u00eda permite a los usuarios ampliar el tiempo de funcionamiento de su c\u00e1mara y accesorios mediante bater\u00edas de montura en V de mayor capacidad. Esta placa cuenta [&hellip;]<\/p>\n","protected":false},"featured_media":2009217,"comment_status":"closed","ping_status":"closed","template":"","meta":[],"product_cat":[3899,3248,3386,2749,2843,2844,2834,2842,2833,2831,2740,2735,2813,2747,2742,2837,2739,2790,2744,2830,2821,2822,2922],"product_tag":[],"acf":[],"gallery_images":[2009211,2009205,2009199,2009193,2009187,2009181,2009175,2009169],"_links":{"self":[{"href":"https:\/\/eu.tilta.com\/es\/wp-json\/wp\/v2\/product\/2009835"}],"collection":[{"href":"https:\/\/eu.tilta.com\/es\/wp-json\/wp\/v2\/product"}],"about":[{"href":"https:\/\/eu.tilta.com\/es\/wp-json\/wp\/v2\/types\/product"}],"replies":[{"embeddable":true,"href":"https:\/\/eu.tilta.com\/es\/wp-json\/wp\/v2\/comments?post=2009835"}],"wp:featuredmedia":[{"embeddable":true,"href":"https:\/\/eu.tilta.com\/es\/wp-json\/wp\/v2\/media\/2009217"}],"wp:attachment":[{"href":"https:\/\/eu.tilta.com\/es\/wp-json\/wp\/v2\/media?parent=2009835"}],"wp:term":[{"taxonomy":"product_cat","embeddable":true,"href":"https:\/\/eu.tilta.com\/es\/wp-json\/wp\/v2\/product_cat?post=2009835"},{"taxonomy":"product_tag","embeddable":true,"href":"https:\/\/eu.tilta.com\/es\/wp-json\/wp\/v2\/product_tag?post=2009835"}],"curies":[{"name":"wp","href":"https:\/\/api.w.org\/{rel}","templated":true}]}}