{"id":2010073,"date":"2022-03-25T13:17:10","date_gmt":"2022-03-25T12:17:10","guid":{"rendered":"https:\/\/eu.tilta.com\/shop\/funda-blanda-para-la-empunadura-anular-avanzada\/"},"modified":"2026-05-04T15:46:39","modified_gmt":"2026-05-04T13:46:39","slug":"soft-shell-case-for-advanced-ring-grip","status":"publish","type":"product","link":"https:\/\/eu.tilta.com\/es\/shop\/soft-shell-case-for-advanced-ring-grip\/","title":{"rendered":"Funda blanda para la empu\u00f1adura anular avanzada"},"content":{"rendered":"<p>Esta funda blanda est\u00e1 dise\u00f1ada para guardar y proteger la empu\u00f1adura anular b\u00e1sica\/avanzada, el card\u00e1n DJI RS2 y otros accesorios relevantes del ecosistema DJI.<\/p>\n<p>Esto te permite transportar con seguridad el Agarre Anular y el RS2 entre lugares de grabaci\u00f3n y guardarlos ordenadamente cuando no se utilicen.<\/p>\n<p>Los separadores incorporados te permiten organizar f\u00e1cilmente tu equipo, accesorios y cables diversos.<\/p>\n<p>El dise\u00f1o de doble cara maximiza el espacio y se adapta a casi cualquier tama\u00f1o de RS2.<\/p>\n<p>El dise\u00f1o de poli\u00e9ster impermeable protege la funda de peligros como la lluvia y la nieve, a la vez que evita que se acumule presi\u00f3n de aire al volar con la funda.<\/p>\n<p>La maleta tambi\u00e9n dispone de una funda para trolley, que te permite fijarla f\u00e1cilmente al asa de tu equipaje o maleta pel\u00edcano.<\/p>\n","protected":false},"excerpt":{"rendered":"<p>Esta funda blanda est\u00e1 dise\u00f1ada para guardar y proteger la empu\u00f1adura anular b\u00e1sica\/avanzada, el card\u00e1n DJI RS2 y otros accesorios relevantes del ecosistema DJI. Esto te permite transportar con seguridad el Agarre Anular y el RS2 entre lugares de grabaci\u00f3n [&hellip;]<\/p>\n","protected":false},"featured_media":2010090,"comment_status":"closed","ping_status":"closed","template":"","meta":[],"product_cat":[2941,2940],"product_tag":[],"acf":[],"gallery_images":[2010083,2010084,2010085],"_links":{"self":[{"href":"https:\/\/eu.tilta.com\/es\/wp-json\/wp\/v2\/product\/2010073"}],"collection":[{"href":"https:\/\/eu.tilta.com\/es\/wp-json\/wp\/v2\/product"}],"about":[{"href":"https:\/\/eu.tilta.com\/es\/wp-json\/wp\/v2\/types\/product"}],"replies":[{"embeddable":true,"href":"https:\/\/eu.tilta.com\/es\/wp-json\/wp\/v2\/comments?post=2010073"}],"wp:featuredmedia":[{"embeddable":true,"href":"https:\/\/eu.tilta.com\/es\/wp-json\/wp\/v2\/media\/2010090"}],"wp:attachment":[{"href":"https:\/\/eu.tilta.com\/es\/wp-json\/wp\/v2\/media?parent=2010073"}],"wp:term":[{"taxonomy":"product_cat","embeddable":true,"href":"https:\/\/eu.tilta.com\/es\/wp-json\/wp\/v2\/product_cat?post=2010073"},{"taxonomy":"product_tag","embeddable":true,"href":"https:\/\/eu.tilta.com\/es\/wp-json\/wp\/v2\/product_tag?post=2010073"}],"curies":[{"name":"wp","href":"https:\/\/api.w.org\/{rel}","templated":true}]}}