{"id":2012313,"date":"2024-05-29T23:01:40","date_gmt":"2024-05-29T21:01:40","guid":{"rendered":"https:\/\/eu.tilta.com\/shop\/filtro-tilta-illusion-95-mm-raya-dorada\/"},"modified":"2025-12-05T13:49:05","modified_gmt":"2025-12-05T12:49:05","slug":"tilta-illusion-95mm-gold-streak-filter","status":"publish","type":"product","link":"https:\/\/eu.tilta.com\/es\/shop\/tilta-illusion-95mm-gold-streak-filter\/","title":{"rendered":"Filtro Tilta Illusion 95 mm Raya Dorada"},"content":{"rendered":"<p><em>Presentamos la nueva generaci\u00f3n de filtros de 95 mm para la Mirage Matte Box &#8211; TILTA ILLUSION<\/em><\/p>\n<p>Los Filtros Ilusi\u00f3n son el nuevo conjunto de filtros de fabricaci\u00f3n propia dise\u00f1ados espec\u00edficamente para el Est\u00e1ndar Circular de 95 mm de la Mirage Matte Box.<\/p>\n<p>Este filtro crea destellos \u00fanicos, de inspiraci\u00f3n anam\u00f3rfica, originados por fuentes de luz.<\/p>\n<p>El filtro puede colocarse para crear rayas en cualquier direcci\u00f3n a trav\u00e9s de la imagen.<\/p>\n<p>Este filtro produce colores precisos sin reducir la nitidez e incorpora un nanorrevestimiento de doble cara que protege el filtro de ara\u00f1azos y reflejos<\/p>\n","protected":false},"excerpt":{"rendered":"<p>Presentamos la nueva generaci\u00f3n de filtros de 95 mm para la Mirage Matte Box &#8211; TILTA ILLUSION Los Filtros Ilusi\u00f3n son el nuevo conjunto de filtros de fabricaci\u00f3n propia dise\u00f1ados espec\u00edficamente para el Est\u00e1ndar Circular de 95 mm de la [&hellip;]<\/p>\n","protected":false},"featured_media":2011681,"comment_status":"closed","ping_status":"closed","template":"","meta":[],"product_cat":[2785],"product_tag":[],"acf":[],"gallery_images":[],"_links":{"self":[{"href":"https:\/\/eu.tilta.com\/es\/wp-json\/wp\/v2\/product\/2012313"}],"collection":[{"href":"https:\/\/eu.tilta.com\/es\/wp-json\/wp\/v2\/product"}],"about":[{"href":"https:\/\/eu.tilta.com\/es\/wp-json\/wp\/v2\/types\/product"}],"replies":[{"embeddable":true,"href":"https:\/\/eu.tilta.com\/es\/wp-json\/wp\/v2\/comments?post=2012313"}],"wp:featuredmedia":[{"embeddable":true,"href":"https:\/\/eu.tilta.com\/es\/wp-json\/wp\/v2\/media\/2011681"}],"wp:attachment":[{"href":"https:\/\/eu.tilta.com\/es\/wp-json\/wp\/v2\/media?parent=2012313"}],"wp:term":[{"taxonomy":"product_cat","embeddable":true,"href":"https:\/\/eu.tilta.com\/es\/wp-json\/wp\/v2\/product_cat?post=2012313"},{"taxonomy":"product_tag","embeddable":true,"href":"https:\/\/eu.tilta.com\/es\/wp-json\/wp\/v2\/product_tag?post=2012313"}],"curies":[{"name":"wp","href":"https:\/\/api.w.org\/{rel}","templated":true}]}}