{"id":2012343,"date":"2024-10-30T09:25:36","date_gmt":"2024-10-30T08:25:36","guid":{"rendered":"https:\/\/eu.tilta.com\/shop\/sistema-de-montaje-para-coche-hydra-alien-pro\/"},"modified":"2025-12-05T13:49:50","modified_gmt":"2025-12-05T12:49:50","slug":"hydra-alien-pro-car-mounting-system","status":"publish","type":"product","link":"https:\/\/eu.tilta.com\/es\/shop\/hydra-alien-pro-car-mounting-system\/","title":{"rendered":"Sistema de montaje para coche Hydra Alien Pro"},"content":{"rendered":"<div class=\"overview-text\">\n<p>El Sistema de Montaje en Coche Hydra Alien Pro es una soluci\u00f3n de soporte de card\u00e1n de nueva generaci\u00f3n para la cinematograf\u00eda montada en coche y es una de las soluciones de montaje en coche m\u00e1s accesibles e innovadoras para el RS4 Pro al Ronin 2, a partir de 1799 $ para pedidos anticipados.<\/p>\n<p>El sistema utiliza una combinaci\u00f3n altamente personalizable de placas en forma de cola de milano y ventosas que permite a los usuarios ajustar la colocaci\u00f3n exacta de su toma para conseguir casi cualquier \u00e1ngulo posible al montarla en un veh\u00edculo.<\/p>\n<p>Las placas de cola de milano de nuevo dise\u00f1o incorporan pasadores de seguridad retr\u00e1ctiles en todas las posiciones en las que se puede montar el brazo. Esto mejora dr\u00e1sticamente la seguridad del sistema, especialmente al ajustar la posici\u00f3n del brazo mediante un nuevo dise\u00f1o deslizante que hace que los peque\u00f1os ajustes sean r\u00e1pidos y sencillos.<\/p>\n<p>El brazo amortiguador de nuevo dise\u00f1o soporta cargas \u00fatiles m\u00e1s elevadas, de hasta 28,7 lb, e incorpora un cabezal amortiguador motorizado que proporciona mayor estabilidad y utiliza motores para ayudar a estabilizar el sistema, de forma similar a un card\u00e1n.<\/p>\n<p>Cuando se combina con el mando de control opcional Nucleus Nano 2, la amortiguaci\u00f3n del cabezal amortiguador se puede ajustar a distancia, lo que lo hace ideal para entornos de ritmo r\u00e1pido y ofrece la oportunidad de afinar los ajustes de amortiguaci\u00f3n a medida que cambian las condiciones de la carretera en tiempo real.<\/p>\n<p>Cuando se combina con un card\u00e1n ligero, crea una imagen incre\u00edblemente fluida y m\u00e1s f\u00e1cil de usar que los sistemas tradicionales. Este innovador sistema ampl\u00eda enormemente las posibilidades tanto para los usuarios principiantes como para los experimentados, que quiz\u00e1 no dispongan del presupuesto necesario para los equipos m\u00e1s tradicionales montados en veh\u00edculos.<\/p>\n<p>Los accesorios opcionales, como las ventosas electr\u00f3nicas y nuestro kit de montaje de cola de milano, son excelentes opciones para ampliar la funcionalidad de este sistema.<\/p>\n<p><strong>Nota: cuando utilices cardanes m\u00e1s grandes, como el Ronin 2, te recomendamos que montes s\u00f3lo el Hydra Alien Pro con Speed Rail, ya que otras opciones basadas en ventosas no son lo suficientemente fuertes como para soportar el sistema de forma fiable.<\/strong><\/p>\n<\/div>\n","protected":false},"excerpt":{"rendered":"<p>El Sistema de Montaje en Coche Hydra Alien Pro es una soluci\u00f3n de soporte de card\u00e1n de nueva generaci\u00f3n para la cinematograf\u00eda montada en coche y es una de las soluciones de montaje en coche m\u00e1s accesibles e innovadoras para [&hellip;]<\/p>\n","protected":false},"featured_media":2012273,"comment_status":"open","ping_status":"closed","template":"","meta":[],"product_cat":[3245],"product_tag":[],"acf":[],"gallery_images":[2011959,2011947,2011953,2011941,2011935,2011929,2011923,2011917,2011911,2011905],"_links":{"self":[{"href":"https:\/\/eu.tilta.com\/es\/wp-json\/wp\/v2\/product\/2012343"}],"collection":[{"href":"https:\/\/eu.tilta.com\/es\/wp-json\/wp\/v2\/product"}],"about":[{"href":"https:\/\/eu.tilta.com\/es\/wp-json\/wp\/v2\/types\/product"}],"replies":[{"embeddable":true,"href":"https:\/\/eu.tilta.com\/es\/wp-json\/wp\/v2\/comments?post=2012343"}],"wp:featuredmedia":[{"embeddable":true,"href":"https:\/\/eu.tilta.com\/es\/wp-json\/wp\/v2\/media\/2012273"}],"wp:attachment":[{"href":"https:\/\/eu.tilta.com\/es\/wp-json\/wp\/v2\/media?parent=2012343"}],"wp:term":[{"taxonomy":"product_cat","embeddable":true,"href":"https:\/\/eu.tilta.com\/es\/wp-json\/wp\/v2\/product_cat?post=2012343"},{"taxonomy":"product_tag","embeddable":true,"href":"https:\/\/eu.tilta.com\/es\/wp-json\/wp\/v2\/product_tag?post=2012343"}],"curies":[{"name":"wp","href":"https:\/\/api.w.org\/{rel}","templated":true}]}}