{"id":2012351,"date":"2024-10-24T10:49:06","date_gmt":"2024-10-24T08:49:06","guid":{"rendered":"https:\/\/eu.tilta.com\/shop\/jaula-completa-para-canon-r5-mark-ii-negra\/"},"modified":"2025-12-05T13:49:43","modified_gmt":"2025-12-05T12:49:43","slug":"full-camera-cage-for-canon-r5-mark-ii-black","status":"publish","type":"product","link":"https:\/\/eu.tilta.com\/es\/shop\/full-camera-cage-for-canon-r5-mark-ii-black\/","title":{"rendered":"Jaula completa para Canon R5 Mark II &#8211; Negra"},"content":{"rendered":"<p><em>Presentamos la Jaula de C\u00e1mara Completa para Canon R5 Mark II<\/em><\/p>\n<p>Esta jaula para c\u00e1mara proporciona protecci\u00f3n adicional al cuerpo de la c\u00e1mara, al tiempo que ampl\u00eda las opciones de montaje de diversos accesorios.<\/p>\n<p>La Jaula Completa incorpora un Receptor de Zapata Fr\u00eda, roscas M3 para soporte de adaptador de montura, soportes de correa de mu\u00f1eca, roscas 1\/4\u2033-20 y 3\/8\u2033-16, ambas con puntos de fijaci\u00f3n.<\/p>\n<p>Una exclusiva rosca de 3\/8\u2033-16 en la parte superior de la jaula incorpora un adaptador extra\u00edble de 1\/4\u2033-20 que la convierte en la opci\u00f3n perfecta para una gran variedad de asas superiores.<\/p>\n<p>El suave acolchado de silicona y los m\u00faltiples puntos de contacto entre la c\u00e1mara y la jaula garantizan una conexi\u00f3n s\u00f3lida y una base firme para montar accesorios.<\/p>\n<p>La abrazadera para cables incluida se monta directamente en el cuerpo de la c\u00e1mara, con o sin la jaula de la c\u00e1mara, y proporciona una mayor seguridad para los cables.<\/p>\n<p>Tambi\u00e9n dispone de tornillos de mariposa que permiten fijar o retirar r\u00e1pidamente varios cables y garantizan que no se necesiten herramientas para utilizar este accesorio.<\/p>\n","protected":false},"excerpt":{"rendered":"<p>Presentamos la Jaula de C\u00e1mara Completa para Canon R5 Mark II Esta jaula para c\u00e1mara proporciona protecci\u00f3n adicional al cuerpo de la c\u00e1mara, al tiempo que ampl\u00eda las opciones de montaje de diversos accesorios. La Jaula Completa incorpora un Receptor [&hellip;]<\/p>\n","protected":false},"featured_media":2011459,"comment_status":"open","ping_status":"closed","template":"","meta":[],"product_cat":[3248],"product_tag":[],"acf":[],"gallery_images":[2011453,2011447,2011441,2011435,2011429],"_links":{"self":[{"href":"https:\/\/eu.tilta.com\/es\/wp-json\/wp\/v2\/product\/2012351"}],"collection":[{"href":"https:\/\/eu.tilta.com\/es\/wp-json\/wp\/v2\/product"}],"about":[{"href":"https:\/\/eu.tilta.com\/es\/wp-json\/wp\/v2\/types\/product"}],"replies":[{"embeddable":true,"href":"https:\/\/eu.tilta.com\/es\/wp-json\/wp\/v2\/comments?post=2012351"}],"wp:featuredmedia":[{"embeddable":true,"href":"https:\/\/eu.tilta.com\/es\/wp-json\/wp\/v2\/media\/2011459"}],"wp:attachment":[{"href":"https:\/\/eu.tilta.com\/es\/wp-json\/wp\/v2\/media?parent=2012351"}],"wp:term":[{"taxonomy":"product_cat","embeddable":true,"href":"https:\/\/eu.tilta.com\/es\/wp-json\/wp\/v2\/product_cat?post=2012351"},{"taxonomy":"product_tag","embeddable":true,"href":"https:\/\/eu.tilta.com\/es\/wp-json\/wp\/v2\/product_tag?post=2012351"}],"curies":[{"name":"wp","href":"https:\/\/api.w.org\/{rel}","templated":true}]}}