{"id":2012362,"date":"2024-10-25T04:51:58","date_gmt":"2024-10-25T02:51:58","guid":{"rendered":"https:\/\/eu.tilta.com\/shop\/filtro-polarizador-tilta-illusion-95mm\/"},"modified":"2025-12-05T13:49:47","modified_gmt":"2025-12-05T12:49:47","slug":"tilta-illusion-95mm-polarizer-filter","status":"publish","type":"product","link":"https:\/\/eu.tilta.com\/es\/shop\/tilta-illusion-95mm-polarizer-filter\/","title":{"rendered":"Filtro Polarizador Tilta Illusion 95mm"},"content":{"rendered":"<p><em>Presentamos la nueva generaci\u00f3n de filtros de 95 mm para la Mirage Matte Box &#8211; TILTA ILLUSION<\/em><\/p>\n<p>Los Filtros Ilusi\u00f3n son el nuevo conjunto de filtros de fabricaci\u00f3n propia dise\u00f1ados espec\u00edficamente para el Est\u00e1ndar Circular de 95 mm de la Mirage Matte Box.<\/p>\n<p>Este filtro produce colores precisos y vibrantes limitando la luz reflejada y evitando los reflejos no deseados causados por superficies reflectantes como el agua o el cristal.<\/p>\n<p>Este filtro ofrece una alternativa econ\u00f3mica al <a href=\"https:\/\/eu.tilta.com\/shop\/95mm-polarizer-filter-for-tilta-mirage\/\">filtro polarizador<\/a> original <a href=\"https:\/\/eu.tilta.com\/shop\/95mm-polarizer-filter-for-tilta-mirage\/\">de 95 mm para Tilta Mirage<\/a><\/p>\n<p>Los usuarios pueden ajustar los filtros a la posici\u00f3n deseada girando toda la caja mate.<\/p>\n","protected":false},"excerpt":{"rendered":"<p>Presentamos la nueva generaci\u00f3n de filtros de 95 mm para la Mirage Matte Box &#8211; TILTA ILLUSION Los Filtros Ilusi\u00f3n son el nuevo conjunto de filtros de fabricaci\u00f3n propia dise\u00f1ados espec\u00edficamente para el Est\u00e1ndar Circular de 95 mm de la [&hellip;]<\/p>\n","protected":false},"featured_media":2011698,"comment_status":"open","ping_status":"closed","template":"","meta":[],"product_cat":[3253],"product_tag":[],"acf":[],"gallery_images":[],"_links":{"self":[{"href":"https:\/\/eu.tilta.com\/es\/wp-json\/wp\/v2\/product\/2012362"}],"collection":[{"href":"https:\/\/eu.tilta.com\/es\/wp-json\/wp\/v2\/product"}],"about":[{"href":"https:\/\/eu.tilta.com\/es\/wp-json\/wp\/v2\/types\/product"}],"replies":[{"embeddable":true,"href":"https:\/\/eu.tilta.com\/es\/wp-json\/wp\/v2\/comments?post=2012362"}],"wp:featuredmedia":[{"embeddable":true,"href":"https:\/\/eu.tilta.com\/es\/wp-json\/wp\/v2\/media\/2011698"}],"wp:attachment":[{"href":"https:\/\/eu.tilta.com\/es\/wp-json\/wp\/v2\/media?parent=2012362"}],"wp:term":[{"taxonomy":"product_cat","embeddable":true,"href":"https:\/\/eu.tilta.com\/es\/wp-json\/wp\/v2\/product_cat?post=2012362"},{"taxonomy":"product_tag","embeddable":true,"href":"https:\/\/eu.tilta.com\/es\/wp-json\/wp\/v2\/product_tag?post=2012362"}],"curies":[{"name":"wp","href":"https:\/\/api.w.org\/{rel}","templated":true}]}}