{"id":2012363,"date":"2024-10-24T11:32:59","date_gmt":"2024-10-24T09:32:59","guid":{"rendered":"https:\/\/eu.tilta.com\/shop\/jaula-para-canon-r5-mark-ii-kit-ligero-negro\/"},"modified":"2025-12-05T13:49:48","modified_gmt":"2025-12-05T12:49:48","slug":"camera-cage-for-canon-r5-mark-ii-lightweight-kit-black","status":"publish","type":"product","link":"https:\/\/eu.tilta.com\/es\/shop\/camera-cage-for-canon-r5-mark-ii-lightweight-kit-black\/","title":{"rendered":"Jaula para Canon R5 Mark II Kit Ligero &#8211; Negro"},"content":{"rendered":"<p><em>Presentamos la Jaula de C\u00e1mara para el Kit Ligero Canon R5 Mark II<\/em><\/p>\n<p>Esta jaula para c\u00e1mara proporciona protecci\u00f3n adicional al cuerpo de la c\u00e1mara, al tiempo que ampl\u00eda las opciones de montaje de diversos accesorios.<\/p>\n<p>La Jaula Completa incorpora un Receptor de Zapata Fr\u00eda, roscas M3 para soporte de adaptador de montura, soportes de correa de mu\u00f1eca, roscas 1\/4\u2033-20 y 3\/8\u2033-16, ambas con puntos de fijaci\u00f3n.<\/p>\n<p>Una exclusiva rosca de 3\/8\u2033-16 en la parte superior de la jaula incorpora un adaptador extra\u00edble de 1\/4\u2033-20 que la convierte en la opci\u00f3n perfecta para una gran variedad de asas superiores.<\/p>\n<p>El suave acolchado de silicona y los m\u00faltiples puntos de contacto entre la c\u00e1mara y la jaula garantizan una conexi\u00f3n s\u00f3lida y una base firme para montar accesorios.<\/p>\n<p>La abrazadera para cables incluida se monta directamente en el cuerpo de la c\u00e1mara, con o sin la jaula de la c\u00e1mara, y proporciona una mayor seguridad para los cables.<\/p>\n<p>Tambi\u00e9n dispone de tornillos de mariposa que permiten fijar o retirar r\u00e1pidamente varios cables y garantizan que no se necesiten herramientas para utilizar este accesorio.<\/p>\n<p>La montura para ra\u00edl OTAN y el asa superior incluidos ofrecen opciones de manejo m\u00e1s flexibles, especialmente \u00fatiles para disparos desde \u00e1ngulos bajos.<\/p>\n<p>Esta empu\u00f1adura tambi\u00e9n ampl\u00eda las opciones de montaje con roscas adicionales de 1\/4\u2033-20 y un receptor de zapata fr\u00eda, perfecto para un monitor externo.<\/p>\n","protected":false},"excerpt":{"rendered":"<p>Presentamos la Jaula de C\u00e1mara para el Kit Ligero Canon R5 Mark II Esta jaula para c\u00e1mara proporciona protecci\u00f3n adicional al cuerpo de la c\u00e1mara, al tiempo que ampl\u00eda las opciones de montaje de diversos accesorios. La Jaula Completa incorpora [&hellip;]<\/p>\n","protected":false},"featured_media":2011572,"comment_status":"open","ping_status":"closed","template":"","meta":[],"product_cat":[3248],"product_tag":[],"acf":[],"gallery_images":[2011566,2011560,2011554,2011548,2011542],"_links":{"self":[{"href":"https:\/\/eu.tilta.com\/es\/wp-json\/wp\/v2\/product\/2012363"}],"collection":[{"href":"https:\/\/eu.tilta.com\/es\/wp-json\/wp\/v2\/product"}],"about":[{"href":"https:\/\/eu.tilta.com\/es\/wp-json\/wp\/v2\/types\/product"}],"replies":[{"embeddable":true,"href":"https:\/\/eu.tilta.com\/es\/wp-json\/wp\/v2\/comments?post=2012363"}],"wp:featuredmedia":[{"embeddable":true,"href":"https:\/\/eu.tilta.com\/es\/wp-json\/wp\/v2\/media\/2011572"}],"wp:attachment":[{"href":"https:\/\/eu.tilta.com\/es\/wp-json\/wp\/v2\/media?parent=2012363"}],"wp:term":[{"taxonomy":"product_cat","embeddable":true,"href":"https:\/\/eu.tilta.com\/es\/wp-json\/wp\/v2\/product_cat?post=2012363"},{"taxonomy":"product_tag","embeddable":true,"href":"https:\/\/eu.tilta.com\/es\/wp-json\/wp\/v2\/product_tag?post=2012363"}],"curies":[{"name":"wp","href":"https:\/\/api.w.org\/{rel}","templated":true}]}}