{"id":2012372,"date":"2024-10-28T08:12:32","date_gmt":"2024-10-28T07:12:32","guid":{"rendered":"https:\/\/eu.tilta.com\/shop\/kit-de-receptor-de-liberacion-rapida-doble-tilta-arca-manfrotto-para-ct08\/"},"modified":"2025-12-05T13:50:24","modified_gmt":"2025-12-05T12:50:24","slug":"tilta-arca-manfrotto-dual-quick-release-receiver-kit-for-ct08","status":"publish","type":"product","link":"https:\/\/eu.tilta.com\/es\/shop\/tilta-arca-manfrotto-dual-quick-release-receiver-kit-for-ct08\/","title":{"rendered":"Kit de receptor de liberaci\u00f3n r\u00e1pida doble Tilta ARCA Manfrotto para CT08"},"content":{"rendered":"<p>Presentamos el Kit ARCA Manfrotto de doble receptor de liberaci\u00f3n r\u00e1pida para CT08.<\/p>\n<p>Este Receptor sustituye al original del Tr\u00edpode CT08 y proporciona un pestillo de bloqueo mejorado para mayor seguridad.<\/p>\n<p>Es compatible con la placa de liberaci\u00f3n r\u00e1pida Manfrotto incluida y tambi\u00e9n con las placas de liberaci\u00f3n r\u00e1pida Arca-Swiss est\u00e1ndar de DJI.<\/p>\n<p>Esto puede ayudar a los usuarios a pasar m\u00e1s r\u00e1pidamente de un tr\u00edpode a un card\u00e1n, mejorando enormemente la eficacia.<\/p>\n","protected":false},"excerpt":{"rendered":"<p>Presentamos el Kit ARCA Manfrotto de doble receptor de liberaci\u00f3n r\u00e1pida para CT08. Este Receptor sustituye al original del Tr\u00edpode CT08 y proporciona un pestillo de bloqueo mejorado para mayor seguridad. Es compatible con la placa de liberaci\u00f3n r\u00e1pida Manfrotto [&hellip;]<\/p>\n","protected":false},"featured_media":2011741,"comment_status":"open","ping_status":"closed","template":"","meta":[],"product_cat":[3256],"product_tag":[],"acf":[],"gallery_images":[2011735,2011729,2011723,2011717],"_links":{"self":[{"href":"https:\/\/eu.tilta.com\/es\/wp-json\/wp\/v2\/product\/2012372"}],"collection":[{"href":"https:\/\/eu.tilta.com\/es\/wp-json\/wp\/v2\/product"}],"about":[{"href":"https:\/\/eu.tilta.com\/es\/wp-json\/wp\/v2\/types\/product"}],"replies":[{"embeddable":true,"href":"https:\/\/eu.tilta.com\/es\/wp-json\/wp\/v2\/comments?post=2012372"}],"wp:featuredmedia":[{"embeddable":true,"href":"https:\/\/eu.tilta.com\/es\/wp-json\/wp\/v2\/media\/2011741"}],"wp:attachment":[{"href":"https:\/\/eu.tilta.com\/es\/wp-json\/wp\/v2\/media?parent=2012372"}],"wp:term":[{"taxonomy":"product_cat","embeddable":true,"href":"https:\/\/eu.tilta.com\/es\/wp-json\/wp\/v2\/product_cat?post=2012372"},{"taxonomy":"product_tag","embeddable":true,"href":"https:\/\/eu.tilta.com\/es\/wp-json\/wp\/v2\/product_tag?post=2012372"}],"curies":[{"name":"wp","href":"https:\/\/api.w.org\/{rel}","templated":true}]}}