{"id":2012382,"date":"2024-10-24T09:54:40","date_gmt":"2024-10-24T07:54:40","guid":{"rendered":"https:\/\/eu.tilta.com\/shop\/media-jaula-de-camara-para-canon-r5-mark-ii-negro\/"},"modified":"2026-02-16T09:01:00","modified_gmt":"2026-02-16T08:01:00","slug":"half-camera-cage-for-canon-r5-mark-ii-black","status":"publish","type":"product","link":"https:\/\/eu.tilta.com\/es\/shop\/half-camera-cage-for-canon-r5-mark-ii-black\/","title":{"rendered":"Media jaula de c\u00e1mara para Canon R5 Mark II &#8211; Negro"},"content":{"rendered":"<p><em>Presentamos la Media Jaula de C\u00e1mara para Canon R5 Mark II<\/em><\/p>\n<p>Esta jaula para c\u00e1mara proporciona una protecci\u00f3n moderada al cuerpo de la c\u00e1mara y ampl\u00eda las opciones de montaje de diversos accesorios, sin dejar de ser ligera.<\/p>\n<p>La Media Jaula dispone de soportes para correas de mu\u00f1eca, una rosca de 3\/8\u2033-16 y roscas de 1\/4\u2033-20 con puntos de fijaci\u00f3n.<\/p>\n<p>El suave acolchado de silicona y un punto de contacto adicional entre la c\u00e1mara y la jaula garantizan una conexi\u00f3n s\u00f3lida y una base firme para montar accesorios.<\/p>\n","protected":false},"excerpt":{"rendered":"<p>Presentamos la Media Jaula de C\u00e1mara para Canon R5 Mark II Esta jaula para c\u00e1mara proporciona una protecci\u00f3n moderada al cuerpo de la c\u00e1mara y ampl\u00eda las opciones de montaje de diversos accesorios, sin dejar de ser ligera. La Media [&hellip;]<\/p>\n","protected":false},"featured_media":2011459,"comment_status":"open","ping_status":"closed","template":"","meta":[],"product_cat":[3248,4448],"product_tag":[],"acf":[],"gallery_images":[2011453,2011447,2011441,2011435,2011429],"_links":{"self":[{"href":"https:\/\/eu.tilta.com\/es\/wp-json\/wp\/v2\/product\/2012382"}],"collection":[{"href":"https:\/\/eu.tilta.com\/es\/wp-json\/wp\/v2\/product"}],"about":[{"href":"https:\/\/eu.tilta.com\/es\/wp-json\/wp\/v2\/types\/product"}],"replies":[{"embeddable":true,"href":"https:\/\/eu.tilta.com\/es\/wp-json\/wp\/v2\/comments?post=2012382"}],"wp:featuredmedia":[{"embeddable":true,"href":"https:\/\/eu.tilta.com\/es\/wp-json\/wp\/v2\/media\/2011459"}],"wp:attachment":[{"href":"https:\/\/eu.tilta.com\/es\/wp-json\/wp\/v2\/media?parent=2012382"}],"wp:term":[{"taxonomy":"product_cat","embeddable":true,"href":"https:\/\/eu.tilta.com\/es\/wp-json\/wp\/v2\/product_cat?post=2012382"},{"taxonomy":"product_tag","embeddable":true,"href":"https:\/\/eu.tilta.com\/es\/wp-json\/wp\/v2\/product_tag?post=2012382"}],"curies":[{"name":"wp","href":"https:\/\/api.w.org\/{rel}","templated":true}]}}