{"id":2012386,"date":"2024-10-24T09:08:52","date_gmt":"2024-10-24T07:08:52","guid":{"rendered":"https:\/\/eu.tilta.com\/shop\/abrazadera-de-cable-hdmi-y-usb-c-para-canon-r5-mark-ii-negro\/"},"modified":"2025-12-05T13:50:19","modified_gmt":"2025-12-05T12:50:19","slug":"hdmi-and-usb-c-cable-clamp-for-canon-r5-mark-ii-black","status":"publish","type":"product","link":"https:\/\/eu.tilta.com\/es\/shop\/hdmi-and-usb-c-cable-clamp-for-canon-r5-mark-ii-black\/","title":{"rendered":"Abrazadera de cable HDMI y USB-C para Canon R5 Mark II &#8211; Negro"},"content":{"rendered":"<p>Esta abrazadera de cable HDMI y USB-C para Canon R5 Mark II se monta directamente en el cuerpo de la c\u00e1mara y proporciona mayor seguridad a los cables.<\/p>\n<p>Esto significa que este accesorio puede utilizarse con nuestra Jaula de C\u00e1mara Completa, Media Jaula de C\u00e1mara o s\u00f3lo con la propia c\u00e1mara.<\/p>\n<p>Incorpora tornillos de mariposa que permiten fijar o retirar r\u00e1pidamente varios cables, y garantiza que no se necesiten herramientas para utilizar este accesorio.<\/p>\n<p>Esta pinza es especialmente \u00fatil para grabar en exteriores, ya que limita la posibilidad de desconexiones accidentales del cable.<\/p>\n","protected":false},"excerpt":{"rendered":"<p>Esta abrazadera de cable HDMI y USB-C para Canon R5 Mark II se monta directamente en el cuerpo de la c\u00e1mara y proporciona mayor seguridad a los cables. Esto significa que este accesorio puede utilizarse con nuestra Jaula de C\u00e1mara [&hellip;]<\/p>\n","protected":false},"featured_media":2011422,"comment_status":"open","ping_status":"closed","template":"","meta":[],"product_cat":[3248],"product_tag":[],"acf":[],"gallery_images":[2011416,2011410,2011404,2011398,2011392],"_links":{"self":[{"href":"https:\/\/eu.tilta.com\/es\/wp-json\/wp\/v2\/product\/2012386"}],"collection":[{"href":"https:\/\/eu.tilta.com\/es\/wp-json\/wp\/v2\/product"}],"about":[{"href":"https:\/\/eu.tilta.com\/es\/wp-json\/wp\/v2\/types\/product"}],"replies":[{"embeddable":true,"href":"https:\/\/eu.tilta.com\/es\/wp-json\/wp\/v2\/comments?post=2012386"}],"wp:featuredmedia":[{"embeddable":true,"href":"https:\/\/eu.tilta.com\/es\/wp-json\/wp\/v2\/media\/2011422"}],"wp:attachment":[{"href":"https:\/\/eu.tilta.com\/es\/wp-json\/wp\/v2\/media?parent=2012386"}],"wp:term":[{"taxonomy":"product_cat","embeddable":true,"href":"https:\/\/eu.tilta.com\/es\/wp-json\/wp\/v2\/product_cat?post=2012386"},{"taxonomy":"product_tag","embeddable":true,"href":"https:\/\/eu.tilta.com\/es\/wp-json\/wp\/v2\/product_tag?post=2012386"}],"curies":[{"name":"wp","href":"https:\/\/api.w.org\/{rel}","templated":true}]}}