{"id":2012387,"date":"2024-10-23T12:48:22","date_gmt":"2024-10-23T10:48:22","guid":{"rendered":"https:\/\/eu.tilta.com\/shop\/kit-portatil-hydra-alien-mini-gris-titanio\/"},"modified":"2025-12-05T13:50:19","modified_gmt":"2025-12-05T12:50:19","slug":"hydra-alien-mini-handheld-kit-titanium-grey","status":"publish","type":"product","link":"https:\/\/eu.tilta.com\/es\/shop\/hydra-alien-mini-handheld-kit-titanium-grey\/","title":{"rendered":"Kit port\u00e1til Hydra Alien Mini &#8211; Gris titanio"},"content":{"rendered":"<p><em>Presentamos el Mini Kit Port\u00e1til Hydra Alien<\/em><\/p>\n<p>Este brazo en miniatura es compatible con sistemas de c\u00e1mara m\u00e1s peque\u00f1os, como la <a href=\"https:\/\/eu.tilta.com\/product-category\/shop-by-camera\/for-dji-cameras\/\">DJI Action 3\/4<\/a>, la <a href=\"https:\/\/eu.tilta.com\/product-category\/shop-by-camera\/for-dji-cameras\/osmo-pocket-3\/\">DJI Pocket 3<\/a>, <a href=\"https:\/\/eu.tilta.com\/product-category\/shop-by-camera\/for-insta360-cameras\/\">la Insta360 X4\/X3<\/a> y cualquier otro sistema que pese hasta 1,32 libras, incluidos los tel\u00e9fonos inteligentes con nuestro <a href=\"https:\/\/eu.tilta.com\/product-category\/khronos-ecosystem-for-iphone\/\">Ecosistema Khronos<\/a>.<\/p>\n<p>El sistema de amortiguaci\u00f3n hidr\u00e1ulica utiliza aceite de calidad automovil\u00edstica importado de EE.UU. para un rendimiento a nivel de pista, y es f\u00e1cil para los usuarios a\u00f1adir aceite adicional si es necesario.<\/p>\n<p>Con el kit se incluye un brazo extensor ajustable en ambos ejes, que permite a los usuarios colocar mejor el brazo para distintas configuraciones y colocaciones de veh\u00edculos.<\/p>\n<p>El kit de mano incluye un mango que se puede utilizar cuando se usa el brazo de mano. Esta configuraci\u00f3n es especialmente \u00fatil cuando corres o filmas en terrenos irregulares.<\/p>\n","protected":false},"excerpt":{"rendered":"<p>Presentamos el Mini Kit Port\u00e1til Hydra Alien Este brazo en miniatura es compatible con sistemas de c\u00e1mara m\u00e1s peque\u00f1os, como la DJI Action 3\/4, la DJI Pocket 3, la Insta360 X4\/X3 y cualquier otro sistema que pese hasta 1,32 libras, [&hellip;]<\/p>\n","protected":false},"featured_media":2011212,"comment_status":"open","ping_status":"closed","template":"","meta":[],"product_cat":[3261],"product_tag":[],"acf":[],"gallery_images":[2011206,2011200,2011194,2011188],"_links":{"self":[{"href":"https:\/\/eu.tilta.com\/es\/wp-json\/wp\/v2\/product\/2012387"}],"collection":[{"href":"https:\/\/eu.tilta.com\/es\/wp-json\/wp\/v2\/product"}],"about":[{"href":"https:\/\/eu.tilta.com\/es\/wp-json\/wp\/v2\/types\/product"}],"replies":[{"embeddable":true,"href":"https:\/\/eu.tilta.com\/es\/wp-json\/wp\/v2\/comments?post=2012387"}],"wp:featuredmedia":[{"embeddable":true,"href":"https:\/\/eu.tilta.com\/es\/wp-json\/wp\/v2\/media\/2011212"}],"wp:attachment":[{"href":"https:\/\/eu.tilta.com\/es\/wp-json\/wp\/v2\/media?parent=2012387"}],"wp:term":[{"taxonomy":"product_cat","embeddable":true,"href":"https:\/\/eu.tilta.com\/es\/wp-json\/wp\/v2\/product_cat?post=2012387"},{"taxonomy":"product_tag","embeddable":true,"href":"https:\/\/eu.tilta.com\/es\/wp-json\/wp\/v2\/product_tag?post=2012387"}],"curies":[{"name":"wp","href":"https:\/\/api.w.org\/{rel}","templated":true}]}}