{"id":2012393,"date":"2024-10-24T08:11:35","date_gmt":"2024-10-24T06:11:35","guid":{"rendered":"https:\/\/eu.tilta.com\/shop\/anclaje-universal-de-liberacion-rapida-tilta-para-cabeza-de-fluido-de-cine-gris-espacial\/"},"modified":"2025-12-05T13:50:22","modified_gmt":"2025-12-05T12:50:22","slug":"tilta-universal-quick-release-tie-down-for-cine-fluid-head-space-grey","status":"publish","type":"product","link":"https:\/\/eu.tilta.com\/es\/shop\/tilta-universal-quick-release-tie-down-for-cine-fluid-head-space-grey\/","title":{"rendered":"Anclaje universal de liberaci\u00f3n r\u00e1pida Tilta para cabeza de fluido de cine &#8211; Gris espacial"},"content":{"rendered":"<p>Este anclaje universal para cabeza fluida de cine se fija r\u00e1pidamente a la base de las cabezas de tr\u00edpode CT12 y CT08 y permite montar y desmontar la cabeza fluida con mayor rapidez.<\/p>\n<p>S\u00f3lo tienes que sujetar el bot\u00f3n de liberaci\u00f3n r\u00e1pida, deslizar el Atar, soltar la leng\u00fceta y apretarlo con unas cuantas vueltas.<\/p>\n<p>Esto permite a los usuarios moverse con mayor rapidez al disparar, ya que el cabezal del tr\u00edpode puede montarse o desmontarse r\u00e1pidamente, lo que resulta especialmente \u00fatil al cambiar entre las patas del tr\u00edpode, una dolly u otros sistemas de soporte.<\/p>\n<p>Con un dise\u00f1o universal, este accesorio es compatible con cualquier cabeza de tr\u00edpode que tenga una rosca M10 o 3\/8\u2033-16.<\/p>\n","protected":false},"excerpt":{"rendered":"<p>Este anclaje universal para cabeza fluida de cine se fija r\u00e1pidamente a la base de las cabezas de tr\u00edpode CT12 y CT08 y permite montar y desmontar la cabeza fluida con mayor rapidez. S\u00f3lo tienes que sujetar el bot\u00f3n de [&hellip;]<\/p>\n","protected":false},"featured_media":2011385,"comment_status":"open","ping_status":"closed","template":"","meta":[],"product_cat":[3256],"product_tag":[],"acf":[],"gallery_images":[2011379,2011373],"_links":{"self":[{"href":"https:\/\/eu.tilta.com\/es\/wp-json\/wp\/v2\/product\/2012393"}],"collection":[{"href":"https:\/\/eu.tilta.com\/es\/wp-json\/wp\/v2\/product"}],"about":[{"href":"https:\/\/eu.tilta.com\/es\/wp-json\/wp\/v2\/types\/product"}],"replies":[{"embeddable":true,"href":"https:\/\/eu.tilta.com\/es\/wp-json\/wp\/v2\/comments?post=2012393"}],"wp:featuredmedia":[{"embeddable":true,"href":"https:\/\/eu.tilta.com\/es\/wp-json\/wp\/v2\/media\/2011385"}],"wp:attachment":[{"href":"https:\/\/eu.tilta.com\/es\/wp-json\/wp\/v2\/media?parent=2012393"}],"wp:term":[{"taxonomy":"product_cat","embeddable":true,"href":"https:\/\/eu.tilta.com\/es\/wp-json\/wp\/v2\/product_cat?post=2012393"},{"taxonomy":"product_tag","embeddable":true,"href":"https:\/\/eu.tilta.com\/es\/wp-json\/wp\/v2\/product_tag?post=2012393"}],"curies":[{"name":"wp","href":"https:\/\/api.w.org\/{rel}","templated":true}]}}