{"id":2012396,"date":"2024-10-24T05:38:28","date_gmt":"2024-10-24T03:38:28","guid":{"rendered":"https:\/\/eu.tilta.com\/shop\/kit-hydra-alien-mini-ultimate\/"},"modified":"2025-12-05T13:50:57","modified_gmt":"2025-12-05T12:50:57","slug":"hydra-alien-mini-ultimate-kit","status":"publish","type":"product","link":"https:\/\/eu.tilta.com\/es\/shop\/hydra-alien-mini-ultimate-kit\/","title":{"rendered":"Kit Hydra Alien Mini Ultimate"},"content":{"rendered":"<p><em>Presentamos el Kit Hydra Alien Mini Ultimate<\/em><br \/>\n<strong><em>*Las opciones de color de edici\u00f3n limitada est\u00e1n disponibles hasta agotar existencias*.  <\/em><\/strong><\/p>\n<p>Inspirado en la est\u00e9tica de dise\u00f1o del <a href=\"https:\/\/eu.tilta.com\/product-category\/stabilization-systems\/hydra-arm-mini\/\">Brazo Hydra<\/a>, este compacto brazo amortiguador establece un nuevo est\u00e1ndar para los sistemas ligeros de montaje en el autom\u00f3vil.<\/p>\n<p>Este brazo en miniatura es compatible con sistemas de c\u00e1mara m\u00e1s peque\u00f1os, como la <a href=\"https:\/\/eu.tilta.com\/product-category\/shop-by-camera\/for-dji-cameras\/\">DJI Action 3\/4<\/a>, la <a href=\"https:\/\/eu.tilta.com\/product-category\/shop-by-camera\/for-dji-cameras\/osmo-pocket-3\/\">DJI Pocket 3<\/a>, <a href=\"https:\/\/eu.tilta.com\/product-category\/shop-by-camera\/for-insta360-cameras\/\">la Insta360 X4\/X3<\/a> y cualquier otro sistema que pese hasta 1,32 libras, incluidos los tel\u00e9fonos inteligentes con nuestro <a href=\"https:\/\/eu.tilta.com\/product-category\/khronos-ecosystem-for-iphone\/\">Ecosistema Khronos<\/a>.<\/p>\n<p>El sistema de amortiguaci\u00f3n hidr\u00e1ulica utiliza aceite de calidad automovil\u00edstica importado de EE.UU. para un rendimiento a nivel de pista, y es f\u00e1cil para los usuarios a\u00f1adir aceite adicional si es necesario.<\/p>\n<p>Con el kit se incluye un brazo extensor ajustable en ambos ejes, que permite a los usuarios colocar mejor el brazo para distintas configuraciones y colocaciones de veh\u00edculos.<\/p>\n<p>Tambi\u00e9n se incluye un asa que se puede utilizar cuando se usa el brazo manual. Esta configuraci\u00f3n es especialmente \u00fatil cuando corres o filmas en terrenos irregulares.<\/p>\n<p>La ventosa <a href=\"https:\/\/eu.tilta.com\/shop\/electronic-suction-cup-4-5_\/\">electr\u00f3nica<\/a> incluida es una ventosa que funciona con pilas y tiene capacidad para controlar la presi\u00f3n en tiempo real y aumentar autom\u00e1ticamente la succi\u00f3n en caso de fuga.<\/p>\n<p>Con una bater\u00eda integrada de 2000 mAh, puede funcionar durante m\u00e1s de 14 horas seguidas en condiciones normales. La bater\u00eda tambi\u00e9n admite una entrada de alimentaci\u00f3n externa USB-C de 5 V\/1 A, lo que permite disparar sin interrupciones durante a\u00fan m\u00e1s tiempo mediante fuentes de alimentaci\u00f3n adicionales.<\/p>\n<p><em>*Los datos se basan en pruebas realizadas en el mundo real por el Laboratorio de Tilta, pero la duraci\u00f3n real de la bater\u00eda puede disminuir y variar debido a numerosos factores.*<\/em><\/p>\n","protected":false},"excerpt":{"rendered":"<p>Presentamos el Kit Hydra Alien Mini Ultimate *Las opciones de color de edici\u00f3n limitada est\u00e1n disponibles hasta agotar existencias*. Inspirado en la est\u00e9tica de dise\u00f1o del Brazo Hydra, este compacto brazo amortiguador establece un nuevo est\u00e1ndar para los sistemas ligeros [&hellip;]<\/p>\n","protected":false},"featured_media":2011312,"comment_status":"open","ping_status":"closed","template":"","meta":[],"product_cat":[3261],"product_tag":[],"acf":[],"gallery_images":[2011306,2011300,2011294,2011268,2011262,2011256],"_links":{"self":[{"href":"https:\/\/eu.tilta.com\/es\/wp-json\/wp\/v2\/product\/2012396"}],"collection":[{"href":"https:\/\/eu.tilta.com\/es\/wp-json\/wp\/v2\/product"}],"about":[{"href":"https:\/\/eu.tilta.com\/es\/wp-json\/wp\/v2\/types\/product"}],"replies":[{"embeddable":true,"href":"https:\/\/eu.tilta.com\/es\/wp-json\/wp\/v2\/comments?post=2012396"}],"wp:featuredmedia":[{"embeddable":true,"href":"https:\/\/eu.tilta.com\/es\/wp-json\/wp\/v2\/media\/2011312"}],"wp:attachment":[{"href":"https:\/\/eu.tilta.com\/es\/wp-json\/wp\/v2\/media?parent=2012396"}],"wp:term":[{"taxonomy":"product_cat","embeddable":true,"href":"https:\/\/eu.tilta.com\/es\/wp-json\/wp\/v2\/product_cat?post=2012396"},{"taxonomy":"product_tag","embeddable":true,"href":"https:\/\/eu.tilta.com\/es\/wp-json\/wp\/v2\/product_tag?post=2012396"}],"curies":[{"name":"wp","href":"https:\/\/api.w.org\/{rel}","templated":true}]}}