{"id":2012407,"date":"2024-10-23T11:10:48","date_gmt":"2024-10-23T09:10:48","guid":{"rendered":"https:\/\/eu.tilta.com\/shop\/empunadura-para-hydra-alien-mini-gris-titanio\/"},"modified":"2025-12-05T13:50:47","modified_gmt":"2025-12-05T12:50:47","slug":"hand-grip-for-hydra-alien-mini-titanium-grey","status":"publish","type":"product","link":"https:\/\/eu.tilta.com\/es\/shop\/hand-grip-for-hydra-alien-mini-titanium-grey\/","title":{"rendered":"Empu\u00f1adura para Hydra Alien Mini &#8211; Gris titanio"},"content":{"rendered":"<p>La empu\u00f1adura para Hydra Alien Mini es un asa mec\u00e1nica que se conecta al brazo amortiguador para manejar el sistema con la mano.<\/p>\n<p>La c\u00f3moda empu\u00f1adura proporciona una forma m\u00e1s segura de sujetar el sistema en comparaci\u00f3n con el manejo de una c\u00e1mara de acci\u00f3n sin empu\u00f1adura.<\/p>\n<p>Con una montura tipo roseta, el \u00e1ngulo de la empu\u00f1adura puede ajustarse f\u00e1cilmente para un manejo m\u00e1s c\u00f3modo en distintas configuraciones.<\/p>\n<p>Esta configuraci\u00f3n es especialmente \u00fatil cuando corres o filmas en terrenos irregulares.<\/p>\n","protected":false},"excerpt":{"rendered":"<p>La empu\u00f1adura para Hydra Alien Mini es un asa mec\u00e1nica que se conecta al brazo amortiguador para manejar el sistema con la mano. La c\u00f3moda empu\u00f1adura proporciona una forma m\u00e1s segura de sujetar el sistema en comparaci\u00f3n con el manejo [&hellip;]<\/p>\n","protected":false},"featured_media":2011052,"comment_status":"open","ping_status":"closed","template":"","meta":[],"product_cat":[3261],"product_tag":[],"acf":[],"gallery_images":[2011046,2011040,2011034],"_links":{"self":[{"href":"https:\/\/eu.tilta.com\/es\/wp-json\/wp\/v2\/product\/2012407"}],"collection":[{"href":"https:\/\/eu.tilta.com\/es\/wp-json\/wp\/v2\/product"}],"about":[{"href":"https:\/\/eu.tilta.com\/es\/wp-json\/wp\/v2\/types\/product"}],"replies":[{"embeddable":true,"href":"https:\/\/eu.tilta.com\/es\/wp-json\/wp\/v2\/comments?post=2012407"}],"wp:featuredmedia":[{"embeddable":true,"href":"https:\/\/eu.tilta.com\/es\/wp-json\/wp\/v2\/media\/2011052"}],"wp:attachment":[{"href":"https:\/\/eu.tilta.com\/es\/wp-json\/wp\/v2\/media?parent=2012407"}],"wp:term":[{"taxonomy":"product_cat","embeddable":true,"href":"https:\/\/eu.tilta.com\/es\/wp-json\/wp\/v2\/product_cat?post=2012407"},{"taxonomy":"product_tag","embeddable":true,"href":"https:\/\/eu.tilta.com\/es\/wp-json\/wp\/v2\/product_tag?post=2012407"}],"curies":[{"name":"wp","href":"https:\/\/api.w.org\/{rel}","templated":true}]}}