{"id":2012421,"date":"2024-10-23T12:27:59","date_gmt":"2024-10-23T10:27:59","guid":{"rendered":"https:\/\/eu.tilta.com\/shop\/sistema-de-montaje-para-coches-hydra-alien-mini\/"},"modified":"2025-12-05T13:51:18","modified_gmt":"2025-12-05T12:51:18","slug":"hydra-alien-mini-car-mounting-system","status":"publish","type":"product","link":"https:\/\/eu.tilta.com\/es\/shop\/hydra-alien-mini-car-mounting-system\/","title":{"rendered":"Sistema de montaje para coches Hydra Alien Mini"},"content":{"rendered":"<p><em>Presentamos el sistema de montaje para coches Hydra Alien Mini<\/em><\/p>\n<p>Inspirado en la est\u00e9tica de dise\u00f1o del Brazo Hydra, este compacto brazo amortiguador establece un nuevo est\u00e1ndar para los sistemas ligeros de montaje en el autom\u00f3vil.<\/p>\n<p>Este brazo en miniatura es compatible con sistemas de c\u00e1mara m\u00e1s peque\u00f1os, como la <a href=\"https:\/\/eu.tilta.com\/product-category\/shop-by-camera\/for-dji-cameras\/\">DJI Action 3\/4<\/a>, la <a href=\"https:\/\/eu.tilta.com\/product-category\/shop-by-camera\/for-dji-cameras\/osmo-pocket-3\/\">DJI Pocket 3<\/a>, <a href=\"https:\/\/eu.tilta.com\/product-category\/shop-by-camera\/for-insta360-cameras\/\">la Insta360 X4\/X3<\/a> y cualquier otro sistema que pese hasta 1,32 libras, incluidos los tel\u00e9fonos inteligentes con nuestro <a href=\"https:\/\/eu.tilta.com\/product-category\/khronos-ecosystem-for-iphone\/\">Ecosistema Khronos<\/a>.<\/p>\n<p>El sistema de amortiguaci\u00f3n hidr\u00e1ulica utiliza aceite de calidad automovil\u00edstica importado de EE.UU. para un rendimiento a nivel de pista, y es f\u00e1cil para los usuarios a\u00f1adir aceite adicional si es necesario.<\/p>\n<p>Con el kit se incluye un brazo extensor ajustable en ambos ejes, que permite a los usuarios colocar mejor el brazo para distintas configuraciones y colocaciones de veh\u00edculos.<\/p>\n<p>Fabricado a partir de una aleaci\u00f3n de aluminio aeroespacial de alto rendimiento y mecanizado con CNC de precisi\u00f3n a partir de una sola pieza, el kit completo s\u00f3lo pesa 982,5 g (2,17 lb).<\/p>\n<p>La ventosa <a href=\"https:\/\/eu.tilta.com\/shop\/electronic-suction-cup-4-5_\/\">electr\u00f3nica<\/a> opcional incorpora una ventosa alimentada por pilas que tiene capacidad para controlar la presi\u00f3n en tiempo real y aumentar autom\u00e1ticamente la succi\u00f3n en caso de fuga.<\/p>\n<p>Con una bater\u00eda integrada de 2000 mAh, puede funcionar durante m\u00e1s de 14 horas seguidas en condiciones normales. La bater\u00eda tambi\u00e9n admite una entrada de alimentaci\u00f3n externa USB-C de 5 V\/1 A, lo que permite disparar sin interrupciones durante a\u00fan m\u00e1s tiempo mediante fuentes de alimentaci\u00f3n adicionales.<\/p>\n<p><em>*Los datos se basan en pruebas realizadas en el mundo real por el Laboratorio de Tilta, pero la duraci\u00f3n real de la bater\u00eda puede disminuir y variar debido a numerosos factores.*<\/em><\/p>\n","protected":false},"excerpt":{"rendered":"<p>Presentamos el sistema de montaje para coches Hydra Alien Mini Inspirado en la est\u00e9tica de dise\u00f1o del Brazo Hydra, este compacto brazo amortiguador establece un nuevo est\u00e1ndar para los sistemas ligeros de montaje en el autom\u00f3vil. Este brazo en miniatura [&hellip;]<\/p>\n","protected":false},"featured_media":2011095,"comment_status":"open","ping_status":"closed","template":"","meta":[],"product_cat":[3261],"product_tag":[],"acf":[],"gallery_images":[2011089,2011083,2011077,2011071,2011065,2011059],"_links":{"self":[{"href":"https:\/\/eu.tilta.com\/es\/wp-json\/wp\/v2\/product\/2012421"}],"collection":[{"href":"https:\/\/eu.tilta.com\/es\/wp-json\/wp\/v2\/product"}],"about":[{"href":"https:\/\/eu.tilta.com\/es\/wp-json\/wp\/v2\/types\/product"}],"replies":[{"embeddable":true,"href":"https:\/\/eu.tilta.com\/es\/wp-json\/wp\/v2\/comments?post=2012421"}],"wp:featuredmedia":[{"embeddable":true,"href":"https:\/\/eu.tilta.com\/es\/wp-json\/wp\/v2\/media\/2011095"}],"wp:attachment":[{"href":"https:\/\/eu.tilta.com\/es\/wp-json\/wp\/v2\/media?parent=2012421"}],"wp:term":[{"taxonomy":"product_cat","embeddable":true,"href":"https:\/\/eu.tilta.com\/es\/wp-json\/wp\/v2\/product_cat?post=2012421"},{"taxonomy":"product_tag","embeddable":true,"href":"https:\/\/eu.tilta.com\/es\/wp-json\/wp\/v2\/product_tag?post=2012421"}],"curies":[{"name":"wp","href":"https:\/\/api.w.org\/{rel}","templated":true}]}}