{"id":2012435,"date":"2024-09-26T05:25:48","date_gmt":"2024-09-26T03:25:48","guid":{"rendered":"https:\/\/eu.tilta.com\/shop\/jaula-para-canon-c400-pro-kit\/"},"modified":"2025-12-05T13:51:34","modified_gmt":"2025-12-05T12:51:34","slug":"camera-cage-for-canon-c400-pro-kit","status":"publish","type":"product","link":"https:\/\/eu.tilta.com\/es\/shop\/camera-cage-for-canon-c400-pro-kit\/","title":{"rendered":"Jaula para Canon C400 Pro Kit"},"content":{"rendered":"<p><em>Eleva tu experiencia cinematogr\u00e1fica con la Jaula de C\u00e1mara para Canon C400 Pro Kit<\/em><\/p>\n<p>Esta jaula meticulosamente dise\u00f1ada proporciona una armadura protectora para el cuerpo de la c\u00e1mara y permite a los usuarios fijar diferentes accesorios para mejorar la funcionalidad, y cuenta con m\u00faltiples puntos de contacto para evitar que se desplace durante el uso.<\/p>\n<p>Su dise\u00f1o modular te permite adaptar la configuraci\u00f3n a tus necesidades con componentes vers\u00e1tiles, como una Placa Superior, Brazos Laterales Izquierdo y Derecho, Placa Inferior y una Placa Trasera Multifuncional, todos ellos desmontables para realizar ajustes r\u00e1pidos.<\/p>\n<p>La Placa Trasera Multifuncional es una gran opci\u00f3n para montar placas de bater\u00eda ligeras, como nuestra Placa de Bater\u00eda Mini V-Mount, as\u00ed como otros accesorios. Los puntos de montaje de la Jaula Completa incluyen: Arri Rosette, ra\u00edl NATO, roscas de 1\/4\u2033-20 y 3\/8\u2033-16, ambos con puntos de fijaci\u00f3n.<\/p>\n<p>El asa superior multifuncional proporciona un agarre c\u00f3modo para manejar y manejar la c\u00e1mara, al tiempo que ofrece puntos de montaje adicionales para accesorios. Dise\u00f1ado para proporcionar espacio libre para la empu\u00f1adura superior original de Canon, este kit incluye una placa superior alternativa que puede utilizarse para proporcionar el espacio libre necesario para esta empu\u00f1adura.<\/p>\n<p>Esta placa base Sony compatible con el VCT-U14 permite a los usuarios acoplar diversos accesorios mediante varillas LWS de 15 mm en la parte frontal de la placa base e incorpora una hombrera ergon\u00f3mica para que los usuarios puedan pasar r\u00e1pidamente de la configuraci\u00f3n de tr\u00edpode a la de montaje en el hombro.<\/p>\n<p>Tambi\u00e9n incorpora rosetas Arri, que se pueden utilizar con el brazo de extensi\u00f3n de rosetas y el cable incluidos para montar la empu\u00f1adura lateral de la Canon C400 y tener acceso total a sus controles en una configuraci\u00f3n de aparejo de hombro.<\/p>\n<p>La placa de bater\u00eda incluida cuenta con entrada y salidas USB-C PD, as\u00ed como salidas P-Tap y una salida de 2 clavijas. La Placa tiene una montura giratoria que permite a los usuarios acceder f\u00e1cilmente a las bater\u00edas integradas de la c\u00e1mara, lo que la convierte en una gran opci\u00f3n para el intercambio en caliente.<\/p>\n","protected":false},"excerpt":{"rendered":"<p>Eleva tu experiencia cinematogr\u00e1fica con la Jaula de C\u00e1mara para Canon C400 Pro Kit Esta jaula meticulosamente dise\u00f1ada proporciona una armadura protectora para el cuerpo de la c\u00e1mara y permite a los usuarios fijar diferentes accesorios para mejorar la funcionalidad, [&hellip;]<\/p>\n","protected":false},"featured_media":2010659,"comment_status":"open","ping_status":"closed","template":"","meta":[],"product_cat":[3230],"product_tag":[],"acf":[],"gallery_images":[2010653,2010647,2010641,2010512,2010477,2010506],"_links":{"self":[{"href":"https:\/\/eu.tilta.com\/es\/wp-json\/wp\/v2\/product\/2012435"}],"collection":[{"href":"https:\/\/eu.tilta.com\/es\/wp-json\/wp\/v2\/product"}],"about":[{"href":"https:\/\/eu.tilta.com\/es\/wp-json\/wp\/v2\/types\/product"}],"replies":[{"embeddable":true,"href":"https:\/\/eu.tilta.com\/es\/wp-json\/wp\/v2\/comments?post=2012435"}],"wp:featuredmedia":[{"embeddable":true,"href":"https:\/\/eu.tilta.com\/es\/wp-json\/wp\/v2\/media\/2010659"}],"wp:attachment":[{"href":"https:\/\/eu.tilta.com\/es\/wp-json\/wp\/v2\/media?parent=2012435"}],"wp:term":[{"taxonomy":"product_cat","embeddable":true,"href":"https:\/\/eu.tilta.com\/es\/wp-json\/wp\/v2\/product_cat?post=2012435"},{"taxonomy":"product_tag","embeddable":true,"href":"https:\/\/eu.tilta.com\/es\/wp-json\/wp\/v2\/product_tag?post=2012435"}],"curies":[{"name":"wp","href":"https:\/\/api.w.org\/{rel}","templated":true}]}}