{"id":2012442,"date":"2024-09-26T08:06:23","date_gmt":"2024-09-26T06:06:23","guid":{"rendered":"https:\/\/eu.tilta.com\/shop\/placa-de-bateria-para-canon-c400\/"},"modified":"2025-12-05T13:51:34","modified_gmt":"2025-12-05T12:51:34","slug":"battery-plate-for-canon-c400","status":"publish","type":"product","link":"https:\/\/eu.tilta.com\/es\/shop\/battery-plate-for-canon-c400\/","title":{"rendered":"Placa de bater\u00eda para Canon C400"},"content":{"rendered":"<p><em>Presentamos la Placa de Bater\u00eda para Canon C400<\/em><\/p>\n<p>Esta Placa para Bater\u00eda con Montura en V se monta directamente en nuestra Jaula para C\u00e1mara Canon C400 y dispone de las siguientes salidas: PD USB-C, P-Tap y 2 Clavijas, as\u00ed como una entrada PD USB-C.<\/p>\n<p>La entrada USB-C es especialmente \u00fatil, ya que permite a los usuarios alimentar la placa de la bater\u00eda sin tener instalada una bater\u00eda de montura en V, lo que resulta perfecto para el intercambio en caliente o para montar la c\u00e1mara en configuraciones m\u00e1s ligeras.<\/p>\n<p>La Placa tambi\u00e9n cuenta con un soporte giratorio que permite a los usuarios acceder f\u00e1cilmente a las bater\u00edas integradas de la c\u00e1mara, lo que la convierte en una gran opci\u00f3n para el intercambio en caliente.<\/p>\n","protected":false},"excerpt":{"rendered":"<p>Presentamos la Placa de Bater\u00eda para Canon C400 Esta Placa para Bater\u00eda con Montura en V se monta directamente en nuestra Jaula para C\u00e1mara Canon C400 y dispone de las siguientes salidas: PD USB-C, P-Tap y 2 Clavijas, as\u00ed como [&hellip;]<\/p>\n","protected":false},"featured_media":2010685,"comment_status":"open","ping_status":"closed","template":"","meta":[],"product_cat":[3230,2868],"product_tag":[],"acf":[],"gallery_images":[2010679,2010673,2010667],"_links":{"self":[{"href":"https:\/\/eu.tilta.com\/es\/wp-json\/wp\/v2\/product\/2012442"}],"collection":[{"href":"https:\/\/eu.tilta.com\/es\/wp-json\/wp\/v2\/product"}],"about":[{"href":"https:\/\/eu.tilta.com\/es\/wp-json\/wp\/v2\/types\/product"}],"replies":[{"embeddable":true,"href":"https:\/\/eu.tilta.com\/es\/wp-json\/wp\/v2\/comments?post=2012442"}],"wp:featuredmedia":[{"embeddable":true,"href":"https:\/\/eu.tilta.com\/es\/wp-json\/wp\/v2\/media\/2010685"}],"wp:attachment":[{"href":"https:\/\/eu.tilta.com\/es\/wp-json\/wp\/v2\/media?parent=2012442"}],"wp:term":[{"taxonomy":"product_cat","embeddable":true,"href":"https:\/\/eu.tilta.com\/es\/wp-json\/wp\/v2\/product_cat?post=2012442"},{"taxonomy":"product_tag","embeddable":true,"href":"https:\/\/eu.tilta.com\/es\/wp-json\/wp\/v2\/product_tag?post=2012442"}],"curies":[{"name":"wp","href":"https:\/\/api.w.org\/{rel}","templated":true}]}}