{"id":2012443,"date":"2024-09-25T12:01:32","date_gmt":"2024-09-25T10:01:32","guid":{"rendered":"https:\/\/eu.tilta.com\/shop\/placa-de-montaje-de-accesorios-trasera-para-canon-c400\/"},"modified":"2025-12-05T13:51:27","modified_gmt":"2025-12-05T12:51:27","slug":"rear-accessory-mounting-plate-for-canon-c400","status":"publish","type":"product","link":"https:\/\/eu.tilta.com\/es\/shop\/rear-accessory-mounting-plate-for-canon-c400\/","title":{"rendered":"Placa de montaje de accesorios trasera para Canon C400"},"content":{"rendered":"<p><em>Presentamos la Placa de Montaje de Accesorios Trasera para Canon C400<\/em><\/p>\n<p>Esta Placa Trasera Multifuncional es una gran opci\u00f3n para montar placas de bater\u00eda ligeras, como nuestra Placa de Bater\u00eda Mini V-Mount, as\u00ed como otros accesorios.<\/p>\n<p>Los puntos de montaje incluyen roscas de 1\/4\u2033-20 y 3\/8\u2033-16, ambas con puntos de fijaci\u00f3n, as\u00ed como ranuras de correa para fijar accesorios como bater\u00edas V-Mount.<\/p>\n<p>Esta placa se monta directamente en el cuerpo de la c\u00e1mara y no requiere una jaula para su uso.<\/p>\n","protected":false},"excerpt":{"rendered":"<p>Presentamos la Placa de Montaje de Accesorios Trasera para Canon C400 Esta Placa Trasera Multifuncional es una gran opci\u00f3n para montar placas de bater\u00eda ligeras, como nuestra Placa de Bater\u00eda Mini V-Mount, as\u00ed como otros accesorios. Los puntos de montaje [&hellip;]<\/p>\n","protected":false},"featured_media":2010344,"comment_status":"open","ping_status":"closed","template":"","meta":[],"product_cat":[3230],"product_tag":[],"acf":[],"gallery_images":[2010500,2010494,2010488],"_links":{"self":[{"href":"https:\/\/eu.tilta.com\/es\/wp-json\/wp\/v2\/product\/2012443"}],"collection":[{"href":"https:\/\/eu.tilta.com\/es\/wp-json\/wp\/v2\/product"}],"about":[{"href":"https:\/\/eu.tilta.com\/es\/wp-json\/wp\/v2\/types\/product"}],"replies":[{"embeddable":true,"href":"https:\/\/eu.tilta.com\/es\/wp-json\/wp\/v2\/comments?post=2012443"}],"wp:featuredmedia":[{"embeddable":true,"href":"https:\/\/eu.tilta.com\/es\/wp-json\/wp\/v2\/media\/2010344"}],"wp:attachment":[{"href":"https:\/\/eu.tilta.com\/es\/wp-json\/wp\/v2\/media?parent=2012443"}],"wp:term":[{"taxonomy":"product_cat","embeddable":true,"href":"https:\/\/eu.tilta.com\/es\/wp-json\/wp\/v2\/product_cat?post=2012443"},{"taxonomy":"product_tag","embeddable":true,"href":"https:\/\/eu.tilta.com\/es\/wp-json\/wp\/v2\/product_tag?post=2012443"}],"curies":[{"name":"wp","href":"https:\/\/api.w.org\/{rel}","templated":true}]}}