{"id":2012460,"date":"2024-09-25T12:17:24","date_gmt":"2024-09-25T10:17:24","guid":{"rendered":"https:\/\/eu.tilta.com\/shop\/jaula-para-canon-c400-kit-base\/"},"modified":"2025-12-05T13:51:56","modified_gmt":"2025-12-05T12:51:56","slug":"camera-cage-for-canon-c400-base-kit","status":"publish","type":"product","link":"https:\/\/eu.tilta.com\/es\/shop\/camera-cage-for-canon-c400-base-kit\/","title":{"rendered":"Jaula para Canon C400 Kit Base"},"content":{"rendered":"<p><em>Eleva tu experiencia cinematogr\u00e1fica con la Jaula de C\u00e1mara para el Kit Base Canon C400<\/em><\/p>\n<p>Esta jaula meticulosamente dise\u00f1ada proporciona una armadura protectora para el cuerpo de la c\u00e1mara y permite a los usuarios fijar diferentes accesorios para mejorar la funcionalidad, y cuenta con m\u00faltiples puntos de contacto para evitar que se desplace durante el uso.<\/p>\n<p>Su dise\u00f1o modular te permite adaptar la configuraci\u00f3n a tus necesidades con componentes vers\u00e1tiles, como una Placa Superior, Brazos Laterales Izquierdo y Derecho, Placa Inferior y una Placa Trasera Multifuncional, todos ellos desmontables para realizar ajustes r\u00e1pidos.<\/p>\n<p>La Placa Trasera Multifuncional es una gran opci\u00f3n para montar placas de bater\u00eda ligeras, como nuestra Placa de Bater\u00eda Mini V-Mount, as\u00ed como otros accesorios.<\/p>\n<p>Los puntos de montaje de la Jaula Completa incluyen: Arri Rosette, ra\u00edl NATO, roscas de 1\/4\u2033-20 y 3\/8\u2033-16, ambos con puntos de fijaci\u00f3n.<\/p>\n<p>Dise\u00f1ada para dejar espacio libre para el asa superior original de Canon, la jaula garantiza un acceso sin obst\u00e1culos a todos los puertos.<\/p>\n<p>La placa de liberaci\u00f3n r\u00e1pida Manfrotto garantiza una f\u00e1cil compatibilidad con nuestra serie de tr\u00edpodes y facilita la transici\u00f3n a configuraciones montadas en el hombro con la placa base opcional para almohadillas de hombro. (no incluido)<\/p>\n<p>Fabricada para ofrecer durabilidad y versatilidad, la Jaula para C\u00e1mara Tilta para Canon C400 es la soluci\u00f3n definitiva para la filmaci\u00f3n profesional, ya que ofrece el equilibrio perfecto entre protecci\u00f3n y funcionalidad para dar rienda suelta a tu creatividad con confianza.<\/p>\n","protected":false},"excerpt":{"rendered":"<p>Eleva tu experiencia cinematogr\u00e1fica con la Jaula de C\u00e1mara para el Kit Base Canon C400 Esta jaula meticulosamente dise\u00f1ada proporciona una armadura protectora para el cuerpo de la c\u00e1mara y permite a los usuarios fijar diferentes accesorios para mejorar la [&hellip;]<\/p>\n","protected":false},"featured_media":2010387,"comment_status":"open","ping_status":"closed","template":"","meta":[],"product_cat":[3230],"product_tag":[],"acf":[],"gallery_images":[2010381,2010375,2010369,2010363,2010477,2010357],"_links":{"self":[{"href":"https:\/\/eu.tilta.com\/es\/wp-json\/wp\/v2\/product\/2012460"}],"collection":[{"href":"https:\/\/eu.tilta.com\/es\/wp-json\/wp\/v2\/product"}],"about":[{"href":"https:\/\/eu.tilta.com\/es\/wp-json\/wp\/v2\/types\/product"}],"replies":[{"embeddable":true,"href":"https:\/\/eu.tilta.com\/es\/wp-json\/wp\/v2\/comments?post=2012460"}],"wp:featuredmedia":[{"embeddable":true,"href":"https:\/\/eu.tilta.com\/es\/wp-json\/wp\/v2\/media\/2010387"}],"wp:attachment":[{"href":"https:\/\/eu.tilta.com\/es\/wp-json\/wp\/v2\/media?parent=2012460"}],"wp:term":[{"taxonomy":"product_cat","embeddable":true,"href":"https:\/\/eu.tilta.com\/es\/wp-json\/wp\/v2\/product_cat?post=2012460"},{"taxonomy":"product_tag","embeddable":true,"href":"https:\/\/eu.tilta.com\/es\/wp-json\/wp\/v2\/product_tag?post=2012460"}],"curies":[{"name":"wp","href":"https:\/\/api.w.org\/{rel}","templated":true}]}}