{"id":2013339,"date":"2024-11-15T11:34:54","date_gmt":"2024-11-15T10:34:54","guid":{"rendered":"https:\/\/eu.tilta.com\/shop\/funda-de-piel-para-camara-sony-zv-e10-ii-verde\/"},"modified":"2025-12-05T13:52:28","modified_gmt":"2025-12-05T12:52:28","slug":"leather-camera-case-for-sony-zv-e10-ii-green","status":"publish","type":"product","link":"https:\/\/eu.tilta.com\/es\/shop\/leather-camera-case-for-sony-zv-e10-ii-green\/","title":{"rendered":"Funda de piel para c\u00e1mara Sony ZV-E10 II &#8211; Verde"},"content":{"rendered":"<p>Presentamos la funda de piel para c\u00e1mara Sony ZV-E10 II<\/p>\n<p>Esta funda se monta mediante un tornillo de 1\/4\u2033-20 y proporciona a los usuarios una forma m\u00e1s c\u00f3moda de manejar y manipular el cuerpo de la c\u00e1mara mediante la empu\u00f1adura integrada.<\/p>\n<p>El dise\u00f1o tambi\u00e9n proporciona una protecci\u00f3n adicional para la parte inferior del cuerpo de la c\u00e1mara, lo que resulta especialmente \u00fatil al dejarla en el suelo.<\/p>\n<p>Una peque\u00f1a solapa en la parte inferior facilita el acceso al compartimento de las pilas.<\/p>\n","protected":false},"excerpt":{"rendered":"<p>Presentamos la funda de piel para c\u00e1mara Sony ZV-E10 II Esta funda se monta mediante un tornillo de 1\/4\u2033-20 y proporciona a los usuarios una forma m\u00e1s c\u00f3moda de manejar y manipular el cuerpo de la c\u00e1mara mediante la empu\u00f1adura [&hellip;]<\/p>\n","protected":false},"featured_media":2012981,"comment_status":"open","ping_status":"closed","template":"","meta":[],"product_cat":[3297],"product_tag":[],"acf":[],"gallery_images":[2012933,2012945,2012957,2012987],"_links":{"self":[{"href":"https:\/\/eu.tilta.com\/es\/wp-json\/wp\/v2\/product\/2013339"}],"collection":[{"href":"https:\/\/eu.tilta.com\/es\/wp-json\/wp\/v2\/product"}],"about":[{"href":"https:\/\/eu.tilta.com\/es\/wp-json\/wp\/v2\/types\/product"}],"replies":[{"embeddable":true,"href":"https:\/\/eu.tilta.com\/es\/wp-json\/wp\/v2\/comments?post=2013339"}],"wp:featuredmedia":[{"embeddable":true,"href":"https:\/\/eu.tilta.com\/es\/wp-json\/wp\/v2\/media\/2012981"}],"wp:attachment":[{"href":"https:\/\/eu.tilta.com\/es\/wp-json\/wp\/v2\/media?parent=2013339"}],"wp:term":[{"taxonomy":"product_cat","embeddable":true,"href":"https:\/\/eu.tilta.com\/es\/wp-json\/wp\/v2\/product_cat?post=2013339"},{"taxonomy":"product_tag","embeddable":true,"href":"https:\/\/eu.tilta.com\/es\/wp-json\/wp\/v2\/product_tag?post=2013339"}],"curies":[{"name":"wp","href":"https:\/\/api.w.org\/{rel}","templated":true}]}}