{"id":2013342,"date":"2024-11-15T11:24:00","date_gmt":"2024-11-15T10:24:00","guid":{"rendered":"https:\/\/eu.tilta.com\/shop\/placa-inferior-arca-para-sony-zv-e10-ii-negro\/"},"modified":"2025-12-05T13:52:29","modified_gmt":"2025-12-05T12:52:29","slug":"arca-bottom-plate-for-sony-zv-e10-ii-black","status":"publish","type":"product","link":"https:\/\/eu.tilta.com\/es\/shop\/arca-bottom-plate-for-sony-zv-e10-ii-black\/","title":{"rendered":"Placa inferior Arca para Sony ZV-E10 II &#8211; Negro"},"content":{"rendered":"<p><em>Presentamos la placa inferior Arca para Sony ZV-E10 II  <\/em><\/p>\n<p>Esta placa base admite unos cuantos accesorios externos manteniendo un tama\u00f1o reducido mediante una rosca de \u00bc&#8221;-20 y un receptor de zapata fr\u00eda.<\/p>\n<p>En el lateral se encuentra una rosca de 1\/4\u2033-20 con puntos de fijaci\u00f3n, que permite a los usuarios disparar f\u00e1cilmente en configuraci\u00f3n vertical cuando utilizan un tr\u00edpode.<\/p>\n<p>La base de esta placa base es la placa inferior ARCA-Swiss, que permite a los usuarios pasar r\u00e1pidamente de cabezales de tr\u00edpode a cardanes como el DJI Ronin RS4 Pro.<\/p>\n<p>El dise\u00f1o minimalista de esta placa base mantiene el acceso ininterrumpido a los puertos de la c\u00e1mara, los botones de usuario y el compartimento de la bater\u00eda sin necesidad de retirar el accesorio.<\/p>\n","protected":false},"excerpt":{"rendered":"<p>Presentamos la placa inferior Arca para Sony ZV-E10 II Esta placa base admite unos cuantos accesorios externos manteniendo un tama\u00f1o reducido mediante una rosca de \u00bc&#8221;-20 y un receptor de zapata fr\u00eda. En el lateral se encuentra una rosca de [&hellip;]<\/p>\n","protected":false},"featured_media":2012914,"comment_status":"open","ping_status":"closed","template":"","meta":[],"product_cat":[3297],"product_tag":[],"acf":[],"gallery_images":[2012896,2012902,2012908,2012787,2012781],"_links":{"self":[{"href":"https:\/\/eu.tilta.com\/es\/wp-json\/wp\/v2\/product\/2013342"}],"collection":[{"href":"https:\/\/eu.tilta.com\/es\/wp-json\/wp\/v2\/product"}],"about":[{"href":"https:\/\/eu.tilta.com\/es\/wp-json\/wp\/v2\/types\/product"}],"replies":[{"embeddable":true,"href":"https:\/\/eu.tilta.com\/es\/wp-json\/wp\/v2\/comments?post=2013342"}],"wp:featuredmedia":[{"embeddable":true,"href":"https:\/\/eu.tilta.com\/es\/wp-json\/wp\/v2\/media\/2012914"}],"wp:attachment":[{"href":"https:\/\/eu.tilta.com\/es\/wp-json\/wp\/v2\/media?parent=2013342"}],"wp:term":[{"taxonomy":"product_cat","embeddable":true,"href":"https:\/\/eu.tilta.com\/es\/wp-json\/wp\/v2\/product_cat?post=2013342"},{"taxonomy":"product_tag","embeddable":true,"href":"https:\/\/eu.tilta.com\/es\/wp-json\/wp\/v2\/product_tag?post=2013342"}],"curies":[{"name":"wp","href":"https:\/\/api.w.org\/{rel}","templated":true}]}}