{"id":2013345,"date":"2024-11-18T11:41:05","date_gmt":"2024-11-18T10:41:05","guid":{"rendered":"https:\/\/eu.tilta.com\/shop\/receptor-inalambrico-khronos-2-4g-nucleus\/"},"modified":"2025-12-05T13:52:36","modified_gmt":"2025-12-05T12:52:36","slug":"khronos-2-4g-nucleus-wireless-receiver","status":"publish","type":"product","link":"https:\/\/eu.tilta.com\/es\/shop\/khronos-2-4g-nucleus-wireless-receiver\/","title":{"rendered":"Receptor inal\u00e1mbrico Khronos 2.4G Nucleus"},"content":{"rendered":"<p><em>Presentamos el receptor inal\u00e1mbrico Khronos 2.4G Nucleus<\/em><\/p>\n<p>Este accesorio se monta mediante la conexi\u00f3n de liberaci\u00f3n r\u00e1pida que se encuentra en nuestra Funda Khronos para iPhone y se conecta al iPhone 15 Pro y Pro Max mediante un cable USB-C incluido.<\/p>\n<p>A continuaci\u00f3n, los usuarios pueden emparejar un Volante Nucleus Nano II mediante 2,4G para controlar el enfoque y el zoom a trav\u00e9s de la aplicaci\u00f3n Black Magic.<\/p>\n<p>Esto crea una conexi\u00f3n significativamente m\u00e1s fiable y segura en la que enfocar, al tiempo que aumenta la distancia de funcionamiento de la unidad hasta 164 pies.<\/p>\n","protected":false},"excerpt":{"rendered":"<p>Presentamos el receptor inal\u00e1mbrico Khronos 2.4G Nucleus Este accesorio se monta mediante la conexi\u00f3n de liberaci\u00f3n r\u00e1pida que se encuentra en nuestra Funda Khronos para iPhone y se conecta al iPhone 15 Pro y Pro Max mediante un cable USB-C [&hellip;]<\/p>\n","protected":false},"featured_media":2013276,"comment_status":"open","ping_status":"closed","template":"","meta":[],"product_cat":[3500,3351],"product_tag":[],"acf":[],"gallery_images":[2013266,2013260,2013254,2013248,2013242],"_links":{"self":[{"href":"https:\/\/eu.tilta.com\/es\/wp-json\/wp\/v2\/product\/2013345"}],"collection":[{"href":"https:\/\/eu.tilta.com\/es\/wp-json\/wp\/v2\/product"}],"about":[{"href":"https:\/\/eu.tilta.com\/es\/wp-json\/wp\/v2\/types\/product"}],"replies":[{"embeddable":true,"href":"https:\/\/eu.tilta.com\/es\/wp-json\/wp\/v2\/comments?post=2013345"}],"wp:featuredmedia":[{"embeddable":true,"href":"https:\/\/eu.tilta.com\/es\/wp-json\/wp\/v2\/media\/2013276"}],"wp:attachment":[{"href":"https:\/\/eu.tilta.com\/es\/wp-json\/wp\/v2\/media?parent=2013345"}],"wp:term":[{"taxonomy":"product_cat","embeddable":true,"href":"https:\/\/eu.tilta.com\/es\/wp-json\/wp\/v2\/product_cat?post=2013345"},{"taxonomy":"product_tag","embeddable":true,"href":"https:\/\/eu.tilta.com\/es\/wp-json\/wp\/v2\/product_tag?post=2013345"}],"curies":[{"name":"wp","href":"https:\/\/api.w.org\/{rel}","templated":true}]}}