{"id":2013364,"date":"2024-11-04T08:27:05","date_gmt":"2024-11-04T07:27:05","guid":{"rendered":"https:\/\/eu.tilta.com\/shop\/extension-de-altura-para-tripode-de-cabeza-esferica-de-sobremesa-tilta\/"},"modified":"2025-12-05T13:53:11","modified_gmt":"2025-12-05T12:53:11","slug":"height-extension-for-tilta-tabletop-ball-head-tripod","status":"publish","type":"product","link":"https:\/\/eu.tilta.com\/es\/shop\/height-extension-for-tilta-tabletop-ball-head-tripod\/","title":{"rendered":"Extensi\u00f3n de altura para tr\u00edpode de cabeza esf\u00e9rica de sobremesa Tilta"},"content":{"rendered":"<p>Esta extensi\u00f3n de altura para tr\u00edpode de cabeza esf\u00e9rica de mesa Tilta permite a los usuarios aumentar la altura de su tr\u00edpode hasta 21,9\u2033.<\/p>\n<p>Este soporte de extensi\u00f3n se instala f\u00e1cilmente, simplemente atornill\u00e1ndolo a las patas y a la cabeza esf\u00e9rica del tr\u00edpode.<\/p>\n<p>Este accesorio tambi\u00e9n es muy ligero, lo que significa que se puede transportar f\u00e1cilmente durante los viajes para que puedas utilizarlo cuando lo necesites.<\/p>\n","protected":false},"excerpt":{"rendered":"<p>Esta extensi\u00f3n de altura para tr\u00edpode de cabeza esf\u00e9rica de mesa Tilta permite a los usuarios aumentar la altura de su tr\u00edpode hasta 21,9\u2033. Este soporte de extensi\u00f3n se instala f\u00e1cilmente, simplemente atornill\u00e1ndolo a las patas y a la cabeza [&hellip;]<\/p>\n","protected":false},"featured_media":2012478,"comment_status":"open","ping_status":"closed","template":"","meta":[],"product_cat":[3307],"product_tag":[],"acf":[],"gallery_images":[2012472,2012466],"_links":{"self":[{"href":"https:\/\/eu.tilta.com\/es\/wp-json\/wp\/v2\/product\/2013364"}],"collection":[{"href":"https:\/\/eu.tilta.com\/es\/wp-json\/wp\/v2\/product"}],"about":[{"href":"https:\/\/eu.tilta.com\/es\/wp-json\/wp\/v2\/types\/product"}],"replies":[{"embeddable":true,"href":"https:\/\/eu.tilta.com\/es\/wp-json\/wp\/v2\/comments?post=2013364"}],"wp:featuredmedia":[{"embeddable":true,"href":"https:\/\/eu.tilta.com\/es\/wp-json\/wp\/v2\/media\/2012478"}],"wp:attachment":[{"href":"https:\/\/eu.tilta.com\/es\/wp-json\/wp\/v2\/media?parent=2013364"}],"wp:term":[{"taxonomy":"product_cat","embeddable":true,"href":"https:\/\/eu.tilta.com\/es\/wp-json\/wp\/v2\/product_cat?post=2013364"},{"taxonomy":"product_tag","embeddable":true,"href":"https:\/\/eu.tilta.com\/es\/wp-json\/wp\/v2\/product_tag?post=2013364"}],"curies":[{"name":"wp","href":"https:\/\/api.w.org\/{rel}","templated":true}]}}