{"id":2017677,"date":"2025-01-08T03:02:49","date_gmt":"2025-01-08T02:02:49","guid":{"rendered":"https:\/\/eu.tilta.com\/shop\/kit-de-mano-khronos-iphone-16-pro-pro-max\/"},"modified":"2026-04-15T03:52:30","modified_gmt":"2026-04-15T01:52:30","slug":"khronos-iphone-16-pro-pro-max-handheld-kit","status":"publish","type":"product","link":"https:\/\/eu.tilta.com\/es\/shop\/khronos-iphone-16-pro-pro-max-handheld-kit\/","title":{"rendered":"Kit de mano Khronos iPhone 16 Pro \/ Pro Max"},"content":{"rendered":"<div class=\"overview-text\">\n<p>Presentamos el Kit de mano Khronos para iPhone 16 Pro \/ Pro Max, la nueva generaci\u00f3n de filmaci\u00f3n m\u00f3vil.<\/p>\n<p>Dise\u00f1ada meticulosamente para ambos modelos de iPhone 16, esta funda para smartphone inspirada en la jaula de la c\u00e1mara ofrece una mezcla inigualable de funcionalidad y elegancia. Fabricada para proteger tu tel\u00e9fono del desgaste diario, la funda Khronos ofrece una protecci\u00f3n fiable sin comprometer el estilo ni la funcionalidad.<\/p>\n<p>La instalaci\u00f3n es m\u00e1s f\u00e1cil que nunca, ya que esta funda actualizada cuenta con un dise\u00f1o de enganche r\u00e1pido, que permite a los usuarios instalar o retirar la funda r\u00e1pidamente, al tiempo que garantiza que todos los accesorios conectados permanezcan firmemente sujetos. La carcasa Khronos cuenta con puntos de contacto electr\u00f3nicos integrados por todas partes, lo que te permite pasar energ\u00eda a trav\u00e9s de la jaula para alimentar tus accesorios.<\/p>\n<p>Una novedad del 16 es la barra t\u00e1ctil de control de la c\u00e1mara, que permite a los usuarios acceder completamente a la funcionalidad de la barra t\u00e1ctil del iPhone 16.<\/p>\n<p>El kit de mano incluye el <a href=\"https:\/\/eu.tilta.com\/shop\/khronos-focus-pd-handle-for-iphone\/\">mango Khronos Focus PD<\/a>, que proporciona potencia adicional a tu sistema y ofrece un mayor control sobre las funciones de Enfoque y Zoom del iPhone. Esta empu\u00f1adura utiliza el mismo mecanismo innovador de abrazadera de bloqueo que otros accesorios Khronos e incorpora una bater\u00eda interna que se puede cargar mediante USB-C.<\/p>\n<p>La empu\u00f1adura se conecta a un iPhone 16 mediante un cable USB-C integrado y utiliza bluetooth para controlar el enfoque o el zoom mediante el dial de la parte frontal de la empu\u00f1adura. Esto tambi\u00e9n proporciona m\u00e1s estabilidad al manejar el sistema y el bot\u00f3n de grabaci\u00f3n garantiza que los usuarios no tengan que soltar la empu\u00f1adura para empezar a grabar.<\/p>\n<p>La <a href=\"https:\/\/eu.tilta.com\/shop\/khronos-quick-release-filter-tray-for-iphone-16-series\/\">bandeja para filtros<\/a> se monta f\u00e1cilmente en la funda Khronos mediante una conexi\u00f3n magn\u00e9tica segura y cuenta con un soporte giratorio que permite que la bandeja caiga en su sitio sobre los tres objetivos del iPhone 15 Pro\/Pro Max.<\/p>\n<p>Los <a href=\"https:\/\/eu.tilta.com\/shop\/khronos-quick-release-filter-tray-for-iphone-0-6\/\">filtros ND<\/a> incluidos proporcionan un mayor control sobre la exposici\u00f3n, ya que permiten a los usuarios reducir la luz visible para el sensor, lo que tambi\u00e9n ayuda a mantener constante la velocidad de obturaci\u00f3n al disparar en entornos de iluminaci\u00f3n m\u00e1s brillante, como la luz del d\u00eda.<\/p>\n<p><b>NOTA: El Mango Focus necesitar\u00e1 un cable TRS de 3,5 mm a TRRS de 3,5 mm para poder utilizar fuentes de audio externas.  <\/b><\/p>\n<p><b>Las configuraciones verticales con el mango de enfoque son limitadas.  <\/b><\/p>\n<\/div>\n","protected":false},"excerpt":{"rendered":"<p>Presentamos el Kit de mano Khronos para iPhone 16 Pro \/ Pro Max, la nueva generaci\u00f3n de filmaci\u00f3n m\u00f3vil. Dise\u00f1ada meticulosamente para ambos modelos de iPhone 16, esta funda para smartphone inspirada en la jaula de la c\u00e1mara ofrece una [&hellip;]<\/p>\n","protected":false},"featured_media":2017313,"comment_status":"open","ping_status":"closed","template":"","meta":[],"product_cat":[3351,4496,2943],"product_tag":[],"acf":[],"gallery_images":[2017307,2017301,2017295,2017289,2017283,2017277],"_links":{"self":[{"href":"https:\/\/eu.tilta.com\/es\/wp-json\/wp\/v2\/product\/2017677"}],"collection":[{"href":"https:\/\/eu.tilta.com\/es\/wp-json\/wp\/v2\/product"}],"about":[{"href":"https:\/\/eu.tilta.com\/es\/wp-json\/wp\/v2\/types\/product"}],"replies":[{"embeddable":true,"href":"https:\/\/eu.tilta.com\/es\/wp-json\/wp\/v2\/comments?post=2017677"}],"wp:featuredmedia":[{"embeddable":true,"href":"https:\/\/eu.tilta.com\/es\/wp-json\/wp\/v2\/media\/2017313"}],"wp:attachment":[{"href":"https:\/\/eu.tilta.com\/es\/wp-json\/wp\/v2\/media?parent=2017677"}],"wp:term":[{"taxonomy":"product_cat","embeddable":true,"href":"https:\/\/eu.tilta.com\/es\/wp-json\/wp\/v2\/product_cat?post=2017677"},{"taxonomy":"product_tag","embeddable":true,"href":"https:\/\/eu.tilta.com\/es\/wp-json\/wp\/v2\/product_tag?post=2017677"}],"curies":[{"name":"wp","href":"https:\/\/api.w.org\/{rel}","templated":true}]}}