{"id":2017762,"date":"2025-01-07T09:14:19","date_gmt":"2025-01-07T08:14:19","guid":{"rendered":"https:\/\/eu.tilta.com\/shop\/adaptador-arca-para-fujifilm-x-t50\/"},"modified":"2026-02-16T09:03:22","modified_gmt":"2026-02-16T08:03:22","slug":"arca-adapter-for-fujifilm-x-t50","status":"publish","type":"product","link":"https:\/\/eu.tilta.com\/es\/shop\/arca-adapter-for-fujifilm-x-t50\/","title":{"rendered":"Adaptador ARCA para Fujifilm X-T50"},"content":{"rendered":"<div class=\"overview-text\">\n<p><em>Presentamos el Adaptador ARCA para Fujifilm X-T50<\/em><\/p>\n<p>Esta placa de liberaci\u00f3n r\u00e1pida ARCA se puede fijar directamente a la parte inferior de la placa base de montaje con empu\u00f1adura de madera para Fujifilm X-T50.<\/p>\n<p>Esto permite que la c\u00e1mara se monte f\u00e1cilmente en cualquier receptor ARCA, como el que encontrar\u00edas en un card\u00e1n Ronin de la serie S o en muchos tr\u00edpodes ligeros, como nuestro <a href=\"https:\/\/eu.tilta.com\/shop\/tilta-vt05-travel-video-fluid-head-with-3-stage-carbon-fiber-tripod-legs-5kg\/\">tr\u00edpode de viaje con cabeza fluida VT-05<\/a>.<\/p>\n<p>Este adaptador est\u00e1 dise\u00f1ado para ser f\u00e1cilmente desmontable, lo que lo convierte en una opci\u00f3n perfecta para los usuarios que buscan mantenerse ligeros en determinadas situaciones de disparo, pero seguir utilizando sistemas de soporte basados en ARCA cuando sea necesario.<\/p>\n<\/div>\n","protected":false},"excerpt":{"rendered":"<p>Presentamos el Adaptador ARCA para Fujifilm X-T50 Esta placa de liberaci\u00f3n r\u00e1pida ARCA se puede fijar directamente a la parte inferior de la placa base de montaje con empu\u00f1adura de madera para Fujifilm X-T50. Esto permite que la c\u00e1mara se [&hellip;]<\/p>\n","protected":false},"featured_media":2016838,"comment_status":"open","ping_status":"closed","template":"","meta":[],"product_cat":[4448,3363],"product_tag":[],"acf":[],"gallery_images":[2016832],"_links":{"self":[{"href":"https:\/\/eu.tilta.com\/es\/wp-json\/wp\/v2\/product\/2017762"}],"collection":[{"href":"https:\/\/eu.tilta.com\/es\/wp-json\/wp\/v2\/product"}],"about":[{"href":"https:\/\/eu.tilta.com\/es\/wp-json\/wp\/v2\/types\/product"}],"replies":[{"embeddable":true,"href":"https:\/\/eu.tilta.com\/es\/wp-json\/wp\/v2\/comments?post=2017762"}],"wp:featuredmedia":[{"embeddable":true,"href":"https:\/\/eu.tilta.com\/es\/wp-json\/wp\/v2\/media\/2016838"}],"wp:attachment":[{"href":"https:\/\/eu.tilta.com\/es\/wp-json\/wp\/v2\/media?parent=2017762"}],"wp:term":[{"taxonomy":"product_cat","embeddable":true,"href":"https:\/\/eu.tilta.com\/es\/wp-json\/wp\/v2\/product_cat?post=2017762"},{"taxonomy":"product_tag","embeddable":true,"href":"https:\/\/eu.tilta.com\/es\/wp-json\/wp\/v2\/product_tag?post=2017762"}],"curies":[{"name":"wp","href":"https:\/\/api.w.org\/{rel}","templated":true}]}}