{"id":2017767,"date":"2024-12-24T04:53:50","date_gmt":"2024-12-24T03:53:50","guid":{"rendered":"https:\/\/eu.tilta.com\/shop\/placa-base-de-montaje-con-empunadura-de-madera-para-fujifilm-x-t50\/"},"modified":"2026-04-30T10:01:20","modified_gmt":"2026-04-30T08:01:20","slug":"mounting-baseplate-with-wooden-grip-for-fujifilm-x-t50","status":"publish","type":"product","link":"https:\/\/eu.tilta.com\/es\/shop\/mounting-baseplate-with-wooden-grip-for-fujifilm-x-t50\/","title":{"rendered":"Placa base de montaje con empu\u00f1adura de madera para Fujifilm X-T50"},"content":{"rendered":"<p><em>Presentamos la Placa base de montaje con empu\u00f1adura de madera para Fujifilm X-T50<\/em><\/p>\n<p>Este accesorio en forma de L incorpora una empu\u00f1adura de madera de nogal, que proporciona una forma m\u00e1s c\u00f3moda de manejar y manipular la c\u00e1mara.<\/p>\n<p>La placa inferior puede alojar f\u00e1cilmente una placa de liberaci\u00f3n r\u00e1pida ARCA (no incluida), que permite montar f\u00e1cilmente el sistema en cardanes Ronin de la serie S o en tr\u00edpodes ligeros, como nuestro tr\u00edpode de cabeza fluida de viaje VT-05.<\/p>\n","protected":false},"excerpt":{"rendered":"<p>Presentamos la Placa base de montaje con empu\u00f1adura de madera para Fujifilm X-T50 Este accesorio en forma de L incorpora una empu\u00f1adura de madera de nogal, que proporciona una forma m\u00e1s c\u00f3moda de manejar y manipular la c\u00e1mara. La placa [&hellip;]<\/p>\n","protected":false},"featured_media":2016085,"comment_status":"open","ping_status":"closed","template":"","meta":[],"product_cat":[4448,3363],"product_tag":[],"acf":[],"gallery_images":[2016079],"_links":{"self":[{"href":"https:\/\/eu.tilta.com\/es\/wp-json\/wp\/v2\/product\/2017767"}],"collection":[{"href":"https:\/\/eu.tilta.com\/es\/wp-json\/wp\/v2\/product"}],"about":[{"href":"https:\/\/eu.tilta.com\/es\/wp-json\/wp\/v2\/types\/product"}],"replies":[{"embeddable":true,"href":"https:\/\/eu.tilta.com\/es\/wp-json\/wp\/v2\/comments?post=2017767"}],"wp:featuredmedia":[{"embeddable":true,"href":"https:\/\/eu.tilta.com\/es\/wp-json\/wp\/v2\/media\/2016085"}],"wp:attachment":[{"href":"https:\/\/eu.tilta.com\/es\/wp-json\/wp\/v2\/media?parent=2017767"}],"wp:term":[{"taxonomy":"product_cat","embeddable":true,"href":"https:\/\/eu.tilta.com\/es\/wp-json\/wp\/v2\/product_cat?post=2017767"},{"taxonomy":"product_tag","embeddable":true,"href":"https:\/\/eu.tilta.com\/es\/wp-json\/wp\/v2\/product_tag?post=2017767"}],"curies":[{"name":"wp","href":"https:\/\/api.w.org\/{rel}","templated":true}]}}