{"id":2017788,"date":"2025-01-07T09:31:32","date_gmt":"2025-01-07T08:31:32","guid":{"rendered":"https:\/\/eu.tilta.com\/shop\/jaula-de-camara-vintage-para-kit-base-fujifilm-x-t50\/"},"modified":"2025-12-05T13:58:11","modified_gmt":"2025-12-05T12:58:11","slug":"vintage-camera-cage-for-fujifilm-x-t50-base-kit","status":"publish","type":"product","link":"https:\/\/eu.tilta.com\/es\/shop\/vintage-camera-cage-for-fujifilm-x-t50-base-kit\/","title":{"rendered":"Jaula de c\u00e1mara vintage para kit base Fujifilm X-T50"},"content":{"rendered":"<div class=\"overview-text\">\n<p>Presentamos la Jaula Vintage para el Kit Base Fujifilm X-T50<\/p>\n<p>Este Kit incluye algunos accesorios selectos que mejoran la funcionalidad de la X-T50 manteniendo el sistema \u00e1gil y port\u00e1til.<\/p>\n<p>La base de este kit es un soporte en L con una empu\u00f1adura de madera de nogal, que proporciona una forma m\u00e1s c\u00f3moda de manejar y manipular la c\u00e1mara.<\/p>\n<p>La empu\u00f1adura de pulgar para zapata de accesorios se monta en la zapata de accesorios de la c\u00e1mara y mejora la estabilidad a pulso para conseguir tomas m\u00e1s fluidas.<\/p>\n<p>Los enganches para correa de piel aut\u00e9ntica proporcionan una forma m\u00e1s c\u00f3moda de conectar o quitar una correa de c\u00e1mara al sistema.<\/p>\n<p>La placa inferior puede alojar f\u00e1cilmente una placa de liberaci\u00f3n r\u00e1pida ARCA, que permite montar f\u00e1cilmente el sistema en cardanes Ronin de la serie S o en tr\u00edpodes ligeros, como nuestro <a href=\"https:\/\/eu.tilta.com\/shop\/tilta-vt05-travel-video-fluid-head-with-3-stage-carbon-fiber-tripod-legs-5kg\/\">tr\u00edpode de cabeza fluida de viaje VT-05<\/a>.<\/p>\n<\/div>\n","protected":false},"excerpt":{"rendered":"<p>Presentamos la Jaula Vintage para el Kit Base Fujifilm X-T50 Este Kit incluye algunos accesorios selectos que mejoran la funcionalidad de la X-T50 manteniendo el sistema \u00e1gil y port\u00e1til. La base de este kit es un soporte en L con [&hellip;]<\/p>\n","protected":false},"featured_media":2016883,"comment_status":"open","ping_status":"closed","template":"","meta":[],"product_cat":[3363],"product_tag":[],"acf":[],"gallery_images":[2016877,2016871,2016865,2016859,2016853,2016847],"_links":{"self":[{"href":"https:\/\/eu.tilta.com\/es\/wp-json\/wp\/v2\/product\/2017788"}],"collection":[{"href":"https:\/\/eu.tilta.com\/es\/wp-json\/wp\/v2\/product"}],"about":[{"href":"https:\/\/eu.tilta.com\/es\/wp-json\/wp\/v2\/types\/product"}],"replies":[{"embeddable":true,"href":"https:\/\/eu.tilta.com\/es\/wp-json\/wp\/v2\/comments?post=2017788"}],"wp:featuredmedia":[{"embeddable":true,"href":"https:\/\/eu.tilta.com\/es\/wp-json\/wp\/v2\/media\/2016883"}],"wp:attachment":[{"href":"https:\/\/eu.tilta.com\/es\/wp-json\/wp\/v2\/media?parent=2017788"}],"wp:term":[{"taxonomy":"product_cat","embeddable":true,"href":"https:\/\/eu.tilta.com\/es\/wp-json\/wp\/v2\/product_cat?post=2017788"},{"taxonomy":"product_tag","embeddable":true,"href":"https:\/\/eu.tilta.com\/es\/wp-json\/wp\/v2\/product_tag?post=2017788"}],"curies":[{"name":"wp","href":"https:\/\/api.w.org\/{rel}","templated":true}]}}