{"id":2017801,"date":"2024-12-16T07:25:14","date_gmt":"2024-12-16T06:25:14","guid":{"rendered":"https:\/\/eu.tilta.com\/shop\/ampliacion-del-tren-de-alta-velocidad-tilta\/"},"modified":"2025-12-05T13:58:11","modified_gmt":"2025-12-05T12:58:11","slug":"tilta-speed-rail-extension","status":"publish","type":"product","link":"https:\/\/eu.tilta.com\/es\/shop\/tilta-speed-rail-extension\/","title":{"rendered":"Ampliaci\u00f3n del tren de alta velocidad Tilta"},"content":{"rendered":"<p>Esta extensi\u00f3n de ra\u00edl r\u00e1pido de 50 mm permite a los usuarios ampliar la longitud del ra\u00edl r\u00e1pido incluido con el brazo Hydra Mini.<\/p>\n<p>Este Speed Rail est\u00e1 dise\u00f1ado espec\u00edficamente para soportar el peso del Hydra Arm Mini.<\/p>\n<p>Sustituye a las piezas de prolongaci\u00f3n m\u00e1s peque\u00f1as incluidas en el kit.<\/p>\n<p>Disponible en dos tama\u00f1os diferentes: 46 cm o 56 cm<\/p>\n","protected":false},"excerpt":{"rendered":"<p>Esta extensi\u00f3n de ra\u00edl r\u00e1pido de 50 mm permite a los usuarios ampliar la longitud del ra\u00edl r\u00e1pido incluido con el brazo Hydra Mini. Este Speed Rail est\u00e1 dise\u00f1ado espec\u00edficamente para soportar el peso del Hydra Arm Mini. Sustituye a [&hellip;]<\/p>\n","protected":false},"featured_media":2014964,"comment_status":"open","ping_status":"closed","template":"","meta":[],"product_cat":[2704],"product_tag":[],"acf":[],"gallery_images":[],"_links":{"self":[{"href":"https:\/\/eu.tilta.com\/es\/wp-json\/wp\/v2\/product\/2017801"}],"collection":[{"href":"https:\/\/eu.tilta.com\/es\/wp-json\/wp\/v2\/product"}],"about":[{"href":"https:\/\/eu.tilta.com\/es\/wp-json\/wp\/v2\/types\/product"}],"replies":[{"embeddable":true,"href":"https:\/\/eu.tilta.com\/es\/wp-json\/wp\/v2\/comments?post=2017801"}],"wp:featuredmedia":[{"embeddable":true,"href":"https:\/\/eu.tilta.com\/es\/wp-json\/wp\/v2\/media\/2014964"}],"wp:attachment":[{"href":"https:\/\/eu.tilta.com\/es\/wp-json\/wp\/v2\/media?parent=2017801"}],"wp:term":[{"taxonomy":"product_cat","embeddable":true,"href":"https:\/\/eu.tilta.com\/es\/wp-json\/wp\/v2\/product_cat?post=2017801"},{"taxonomy":"product_tag","embeddable":true,"href":"https:\/\/eu.tilta.com\/es\/wp-json\/wp\/v2\/product_tag?post=2017801"}],"curies":[{"name":"wp","href":"https:\/\/api.w.org\/{rel}","templated":true}]}}