{"id":2017832,"date":"2024-12-13T11:24:50","date_gmt":"2024-12-13T10:24:50","guid":{"rendered":"https:\/\/eu.tilta.com\/shop\/soporte-de-montaje-del-modulo-de-alimentacion-para-hydra-alien-pro\/"},"modified":"2025-12-05T13:58:27","modified_gmt":"2025-12-05T12:58:27","slug":"power-module-mounting-bracket-for-hydra-alien-pro","status":"publish","type":"product","link":"https:\/\/eu.tilta.com\/es\/shop\/power-module-mounting-bracket-for-hydra-alien-pro\/","title":{"rendered":"Soporte de montaje del m\u00f3dulo de alimentaci\u00f3n para Hydra Alien Pro"},"content":{"rendered":"<p>El Soporte de montaje del m\u00f3dulo de alimentaci\u00f3n para Hydra Alien Pro es un accesorio mec\u00e1nico que permite a los usuarios montar placas de bater\u00eda en el brazo amortiguador.<\/p>\n<p>Este soporte puede montarse directamente en el cabezal amortiguador mediante un tornillo 1\/4\u2033-20 y tambi\u00e9n puede montarse m\u00e1s abajo en el brazo.<\/p>\n<p>Esto permite a los usuarios redistribuir el peso seg\u00fan sea necesario cuando utilicen configuraciones m\u00e1s pesadas.<\/p>\n<p>Esta pieza sirve para sustituir a la incluida con la Hydra Alien Pro.<\/p>\n","protected":false},"excerpt":{"rendered":"<p>El Soporte de montaje del m\u00f3dulo de alimentaci\u00f3n para Hydra Alien Pro es un accesorio mec\u00e1nico que permite a los usuarios montar placas de bater\u00eda en el brazo amortiguador. Este soporte puede montarse directamente en el cabezal amortiguador mediante un [&hellip;]<\/p>\n","protected":false},"featured_media":2014957,"comment_status":"open","ping_status":"closed","template":"","meta":[],"product_cat":[3245],"product_tag":[],"acf":[],"gallery_images":[],"_links":{"self":[{"href":"https:\/\/eu.tilta.com\/es\/wp-json\/wp\/v2\/product\/2017832"}],"collection":[{"href":"https:\/\/eu.tilta.com\/es\/wp-json\/wp\/v2\/product"}],"about":[{"href":"https:\/\/eu.tilta.com\/es\/wp-json\/wp\/v2\/types\/product"}],"replies":[{"embeddable":true,"href":"https:\/\/eu.tilta.com\/es\/wp-json\/wp\/v2\/comments?post=2017832"}],"wp:featuredmedia":[{"embeddable":true,"href":"https:\/\/eu.tilta.com\/es\/wp-json\/wp\/v2\/media\/2014957"}],"wp:attachment":[{"href":"https:\/\/eu.tilta.com\/es\/wp-json\/wp\/v2\/media?parent=2017832"}],"wp:term":[{"taxonomy":"product_cat","embeddable":true,"href":"https:\/\/eu.tilta.com\/es\/wp-json\/wp\/v2\/product_cat?post=2017832"},{"taxonomy":"product_tag","embeddable":true,"href":"https:\/\/eu.tilta.com\/es\/wp-json\/wp\/v2\/product_tag?post=2017832"}],"curies":[{"name":"wp","href":"https:\/\/api.w.org\/{rel}","templated":true}]}}