{"id":2017858,"date":"2024-12-13T07:37:28","date_gmt":"2024-12-13T06:37:28","guid":{"rendered":"https:\/\/eu.tilta.com\/shop\/kit-de-montaje-superior-para-fujifilm-x100vi\/"},"modified":"2025-12-05T13:59:13","modified_gmt":"2025-12-05T12:59:13","slug":"top-mounting-kit-for-fujifilm-x100vi","status":"publish","type":"product","link":"https:\/\/eu.tilta.com\/es\/shop\/top-mounting-kit-for-fujifilm-x100vi\/","title":{"rendered":"Kit de montaje superior para Fujifilm X100VI"},"content":{"rendered":"<p>Este Kit de Montaje Superior para Fujifilm X100VI incluye una Placa de Protecci\u00f3n Superior y un Soporte de Pulgar para Zapata Caliente.<\/p>\n<p>Esta Placa de Protecci\u00f3n se monta en la parte superior del cuerpo de la c\u00e1mara Fujifilm X100VI para proporcionar una protecci\u00f3n ligera y robusta a la c\u00e1mara.<\/p>\n<p>Este accesorio es especialmente \u00fatil cuando viajas o cuando utilizas la c\u00e1mara en condiciones m\u00e1s extremas.<\/p>\n<p>El soporte para el pulgar de la zapata se monta en el receptor de la zapata de la c\u00e1mara para que el operador pueda colocar el pulgar en una posici\u00f3n c\u00f3moda y segura.<\/p>\n<p>Esto ayuda a mejorar la estabilidad de la mano, lo que puede dar lugar a disparos m\u00e1s suaves y a una experiencia de manejo m\u00e1s c\u00f3moda en general.<\/p>\n","protected":false},"excerpt":{"rendered":"<p>Este Kit de Montaje Superior para Fujifilm X100VI incluye una Placa de Protecci\u00f3n Superior y un Soporte de Pulgar para Zapata Caliente. Esta Placa de Protecci\u00f3n se monta en la parte superior del cuerpo de la c\u00e1mara Fujifilm X100VI para [&hellip;]<\/p>\n","protected":false},"featured_media":2014726,"comment_status":"open","ping_status":"closed","template":"","meta":[],"product_cat":[3366],"product_tag":[],"acf":[],"gallery_images":[2014720,2014714,2014708],"_links":{"self":[{"href":"https:\/\/eu.tilta.com\/es\/wp-json\/wp\/v2\/product\/2017858"}],"collection":[{"href":"https:\/\/eu.tilta.com\/es\/wp-json\/wp\/v2\/product"}],"about":[{"href":"https:\/\/eu.tilta.com\/es\/wp-json\/wp\/v2\/types\/product"}],"replies":[{"embeddable":true,"href":"https:\/\/eu.tilta.com\/es\/wp-json\/wp\/v2\/comments?post=2017858"}],"wp:featuredmedia":[{"embeddable":true,"href":"https:\/\/eu.tilta.com\/es\/wp-json\/wp\/v2\/media\/2014726"}],"wp:attachment":[{"href":"https:\/\/eu.tilta.com\/es\/wp-json\/wp\/v2\/media?parent=2017858"}],"wp:term":[{"taxonomy":"product_cat","embeddable":true,"href":"https:\/\/eu.tilta.com\/es\/wp-json\/wp\/v2\/product_cat?post=2017858"},{"taxonomy":"product_tag","embeddable":true,"href":"https:\/\/eu.tilta.com\/es\/wp-json\/wp\/v2\/product_tag?post=2017858"}],"curies":[{"name":"wp","href":"https:\/\/api.w.org\/{rel}","templated":true}]}}