{"id":2017860,"date":"2024-12-13T11:00:04","date_gmt":"2024-12-13T10:00:04","guid":{"rendered":"https:\/\/eu.tilta.com\/shop\/jaula-de-camara-vintage-para-el-kit-base-de-la-fujifilm-x100vi\/"},"modified":"2026-02-16T09:03:24","modified_gmt":"2026-02-16T08:03:24","slug":"vintage-camera-cage-for-fujifilm-x100vi-base-kit","status":"publish","type":"product","link":"https:\/\/eu.tilta.com\/es\/shop\/vintage-camera-cage-for-fujifilm-x100vi-base-kit\/","title":{"rendered":"Jaula de c\u00e1mara vintage para el kit base de la Fujifilm X100VI"},"content":{"rendered":"<div class=\"overview-text\">\n<p><em>Presentamos la Jaula Vintage para el Kit Base de la Fujifilm X100VI<\/em><\/p>\n<p>Este Kit incluye algunos accesorios selectos que mejoran la funcionalidad de la X100VI manteniendo el sistema \u00e1gil y port\u00e1til.<\/p>\n<p>La base de este kit es un soporte en L con una empu\u00f1adura de madera de nogal, que proporciona una forma m\u00e1s c\u00f3moda de manejar y manipular la c\u00e1mara.<\/p>\n<p>La empu\u00f1adura de pulgar para zapata de accesorios se monta en la zapata de accesorios de la c\u00e1mara y mejora la estabilidad a pulso para conseguir tomas m\u00e1s fluidas.<\/p>\n<p>Los enganches para correa de piel aut\u00e9ntica proporcionan una forma m\u00e1s c\u00f3moda de conectar o quitar una correa de c\u00e1mara al sistema.<\/p>\n<p>La placa inferior puede alojar f\u00e1cilmente una placa de liberaci\u00f3n r\u00e1pida ARCA (no incluida), que permite montar f\u00e1cilmente el sistema en cardanes Ronin de la serie S o en tr\u00edpodes ligeros, como nuestro <a href=\"https:\/\/eu.tilta.com\/shop\/tilta-vt05-travel-video-fluid-head-with-3-stage-carbon-fiber-tripod-legs-5kg\/\">tr\u00edpode de cabeza fluida de viaje VT-05<\/a>.<\/p>\n<\/div>\n","protected":false},"excerpt":{"rendered":"<p>Presentamos la Jaula Vintage para el Kit Base de la Fujifilm X100VI Este Kit incluye algunos accesorios selectos que mejoran la funcionalidad de la X100VI manteniendo el sistema \u00e1gil y port\u00e1til. La base de este kit es un soporte en [&hellip;]<\/p>\n","protected":false},"featured_media":2014948,"comment_status":"open","ping_status":"closed","template":"","meta":[],"product_cat":[4448,3366],"product_tag":[],"acf":[],"gallery_images":[2014942,2014936,2014930,2014771,2014777,2014759,2014765],"_links":{"self":[{"href":"https:\/\/eu.tilta.com\/es\/wp-json\/wp\/v2\/product\/2017860"}],"collection":[{"href":"https:\/\/eu.tilta.com\/es\/wp-json\/wp\/v2\/product"}],"about":[{"href":"https:\/\/eu.tilta.com\/es\/wp-json\/wp\/v2\/types\/product"}],"replies":[{"embeddable":true,"href":"https:\/\/eu.tilta.com\/es\/wp-json\/wp\/v2\/comments?post=2017860"}],"wp:featuredmedia":[{"embeddable":true,"href":"https:\/\/eu.tilta.com\/es\/wp-json\/wp\/v2\/media\/2014948"}],"wp:attachment":[{"href":"https:\/\/eu.tilta.com\/es\/wp-json\/wp\/v2\/media?parent=2017860"}],"wp:term":[{"taxonomy":"product_cat","embeddable":true,"href":"https:\/\/eu.tilta.com\/es\/wp-json\/wp\/v2\/product_cat?post=2017860"},{"taxonomy":"product_tag","embeddable":true,"href":"https:\/\/eu.tilta.com\/es\/wp-json\/wp\/v2\/product_tag?post=2017860"}],"curies":[{"name":"wp","href":"https:\/\/api.w.org\/{rel}","templated":true}]}}