{"id":2017863,"date":"2024-12-13T08:08:16","date_gmt":"2024-12-13T07:08:16","guid":{"rendered":"https:\/\/eu.tilta.com\/shop\/jaula-vintage-para-camara-fujifilm-x100vi-kit-de-viaje\/"},"modified":"2025-12-05T13:59:13","modified_gmt":"2025-12-05T12:59:13","slug":"vintage-camera-cage-for-fujifilm-x100vi-travel-kit","status":"publish","type":"product","link":"https:\/\/eu.tilta.com\/es\/shop\/vintage-camera-cage-for-fujifilm-x100vi-travel-kit\/","title":{"rendered":"Jaula vintage para c\u00e1mara Fujifilm X100VI Kit de viaje"},"content":{"rendered":"<p>Presentamos la Jaula Vintage para el Kit de Viaje Fujifilm X100VI<\/p>\n<p>Este Kit incluye una serie de accesorios ligeros que mejoran la funcionalidad de la X100VI manteniendo el sistema compacto, pero capaz.<\/p>\n<p>La base de este kit es un soporte en L con una empu\u00f1adura de madera de nogal, que proporciona una forma m\u00e1s c\u00f3moda de manejar y manipular la c\u00e1mara.<\/p>\n<p>La empu\u00f1adura de pulgar para zapata de accesorios se monta en la zapata de accesorios de la c\u00e1mara y mejora la estabilidad a pulso para conseguir tomas m\u00e1s fluidas.<\/p>\n<p>Los enganches para correa de piel aut\u00e9ntica proporcionan una forma m\u00e1s c\u00f3moda de conectar o quitar una correa de c\u00e1mara al sistema.<\/p>\n<p>La placa de liberaci\u00f3n r\u00e1pida ARCA incluida se puede acoplar cuando sea necesario, lo que permite que el sistema se monte f\u00e1cilmente en cualquier receptor ARCA, como el que encontrar\u00e1s en un card\u00e1n de la serie S del Ronin o en muchos tr\u00edpodes ligeros, como nuestro <a href=\"https:\/\/eu.tilta.com\/shop\/tilta-vt05-travel-video-fluid-head-with-3-stage-carbon-fiber-tripod-legs-5kg\/\">tr\u00edpode de cabeza fluida de viaje VT-05<\/a>.<\/p>\n<p>Este Kit de viaje tambi\u00e9n incluye una funda superior CNC ultrafina que proporciona una protecci\u00f3n ligera y robusta para la c\u00e1mara, especialmente \u00fatil cuando viajas.<\/p>\n","protected":false},"excerpt":{"rendered":"<p>Presentamos la Jaula Vintage para el Kit de Viaje Fujifilm X100VI Este Kit incluye una serie de accesorios ligeros que mejoran la funcionalidad de la X100VI manteniendo el sistema compacto, pero capaz. La base de este kit es un soporte [&hellip;]<\/p>\n","protected":false},"featured_media":2014801,"comment_status":"open","ping_status":"closed","template":"","meta":[],"product_cat":[3366],"product_tag":[],"acf":[],"gallery_images":[2014795,2014789,2014783,2014777,2014771,2014765,2014759],"_links":{"self":[{"href":"https:\/\/eu.tilta.com\/es\/wp-json\/wp\/v2\/product\/2017863"}],"collection":[{"href":"https:\/\/eu.tilta.com\/es\/wp-json\/wp\/v2\/product"}],"about":[{"href":"https:\/\/eu.tilta.com\/es\/wp-json\/wp\/v2\/types\/product"}],"replies":[{"embeddable":true,"href":"https:\/\/eu.tilta.com\/es\/wp-json\/wp\/v2\/comments?post=2017863"}],"wp:featuredmedia":[{"embeddable":true,"href":"https:\/\/eu.tilta.com\/es\/wp-json\/wp\/v2\/media\/2014801"}],"wp:attachment":[{"href":"https:\/\/eu.tilta.com\/es\/wp-json\/wp\/v2\/media?parent=2017863"}],"wp:term":[{"taxonomy":"product_cat","embeddable":true,"href":"https:\/\/eu.tilta.com\/es\/wp-json\/wp\/v2\/product_cat?post=2017863"},{"taxonomy":"product_tag","embeddable":true,"href":"https:\/\/eu.tilta.com\/es\/wp-json\/wp\/v2\/product_tag?post=2017863"}],"curies":[{"name":"wp","href":"https:\/\/api.w.org\/{rel}","templated":true}]}}