{"id":2017909,"date":"2024-12-12T10:30:03","date_gmt":"2024-12-12T09:30:03","guid":{"rendered":"https:\/\/eu.tilta.com\/shop\/placa-de-proteccion-superior-para-fujifilm-x100vi\/"},"modified":"2025-12-05T14:00:20","modified_gmt":"2025-12-05T13:00:20","slug":"top-protection-plate-for-fujifilm-x100vi","status":"publish","type":"product","link":"https:\/\/eu.tilta.com\/es\/shop\/top-protection-plate-for-fujifilm-x100vi\/","title":{"rendered":"Placa de protecci\u00f3n superior para Fujifilm X100VI"},"content":{"rendered":"<p>Esta Placa de Protecci\u00f3n se monta en la parte superior del cuerpo de la c\u00e1mara Fujifilm X100VI para proporcionar una protecci\u00f3n ligera y robusta a la c\u00e1mara.<\/p>\n<p>Este accesorio es especialmente \u00fatil cuando viajas o cuando utilizas la c\u00e1mara en condiciones m\u00e1s extremas.<\/p>\n","protected":false},"excerpt":{"rendered":"<p>Esta Placa de Protecci\u00f3n se monta en la parte superior del cuerpo de la c\u00e1mara Fujifilm X100VI para proporcionar una protecci\u00f3n ligera y robusta a la c\u00e1mara. Este accesorio es especialmente \u00fatil cuando viajas o cuando utilizas la c\u00e1mara en [&hellip;]<\/p>\n","protected":false},"featured_media":2014638,"comment_status":"open","ping_status":"closed","template":"","meta":[],"product_cat":[3366],"product_tag":[],"acf":[],"gallery_images":[2014632],"_links":{"self":[{"href":"https:\/\/eu.tilta.com\/es\/wp-json\/wp\/v2\/product\/2017909"}],"collection":[{"href":"https:\/\/eu.tilta.com\/es\/wp-json\/wp\/v2\/product"}],"about":[{"href":"https:\/\/eu.tilta.com\/es\/wp-json\/wp\/v2\/types\/product"}],"replies":[{"embeddable":true,"href":"https:\/\/eu.tilta.com\/es\/wp-json\/wp\/v2\/comments?post=2017909"}],"wp:featuredmedia":[{"embeddable":true,"href":"https:\/\/eu.tilta.com\/es\/wp-json\/wp\/v2\/media\/2014638"}],"wp:attachment":[{"href":"https:\/\/eu.tilta.com\/es\/wp-json\/wp\/v2\/media?parent=2017909"}],"wp:term":[{"taxonomy":"product_cat","embeddable":true,"href":"https:\/\/eu.tilta.com\/es\/wp-json\/wp\/v2\/product_cat?post=2017909"},{"taxonomy":"product_tag","embeddable":true,"href":"https:\/\/eu.tilta.com\/es\/wp-json\/wp\/v2\/product_tag?post=2017909"}],"curies":[{"name":"wp","href":"https:\/\/api.w.org\/{rel}","templated":true}]}}