{"id":2017996,"date":"2024-12-06T08:53:12","date_gmt":"2024-12-06T07:53:12","guid":{"rendered":"https:\/\/eu.tilta.com\/shop\/placa-base-con-hombrera-de-liberacion-rapida-para-canon-c400\/"},"modified":"2025-12-05T14:01:20","modified_gmt":"2025-12-05T13:01:20","slug":"quick-release-shoulder-pad-baseplate-for-canon-c400","status":"publish","type":"product","link":"https:\/\/eu.tilta.com\/es\/shop\/quick-release-shoulder-pad-baseplate-for-canon-c400\/","title":{"rendered":"Placa base con hombrera de liberaci\u00f3n r\u00e1pida para Canon C400"},"content":{"rendered":"<p><em>Presentamos la placa base con hombrera de liberaci\u00f3n r\u00e1pida para Canon C400<\/em><\/p>\n<p>Esta placa base Sony compatible con el VCT-U14 permite a los usuarios acoplar diversos accesorios mediante varillas LWS de 15 mm en la parte frontal de la placa base.<\/p>\n<p>Incorpora una hombrera ergon\u00f3mica para que los usuarios puedan pasar r\u00e1pidamente de la configuraci\u00f3n de tr\u00edpode a la de hombro.<\/p>\n<p>La placa base incorpora un receptor Manfrotto en la parte superior que puede utilizarse para montar el cuerpo de la c\u00e1mara mediante nuestra <a href=\"https:\/\/eu.tilta.com\/shop\/tilta-manfrotto-universal-quick-release-plate-black\/\">placa de liberaci\u00f3n r\u00e1pida Manfrotto<\/a>.<\/p>\n<p>Tambi\u00e9n incorpora rosetas Arri, que es lo que los usuarios necesitar\u00e1n para montar los brazos de extensi\u00f3n de rosetas y las empu\u00f1aduras para manejarla c\u00f3modamente desde el hombro.<\/p>\n","protected":false},"excerpt":{"rendered":"<p>Presentamos la placa base con hombrera de liberaci\u00f3n r\u00e1pida para Canon C400 Esta placa base Sony compatible con el VCT-U14 permite a los usuarios acoplar diversos accesorios mediante varillas LWS de 15 mm en la parte frontal de la placa [&hellip;]<\/p>\n","protected":false},"featured_media":2014121,"comment_status":"open","ping_status":"closed","template":"","meta":[],"product_cat":[3230],"product_tag":[],"acf":[],"gallery_images":[2014115,2014109,2014103],"_links":{"self":[{"href":"https:\/\/eu.tilta.com\/es\/wp-json\/wp\/v2\/product\/2017996"}],"collection":[{"href":"https:\/\/eu.tilta.com\/es\/wp-json\/wp\/v2\/product"}],"about":[{"href":"https:\/\/eu.tilta.com\/es\/wp-json\/wp\/v2\/types\/product"}],"replies":[{"embeddable":true,"href":"https:\/\/eu.tilta.com\/es\/wp-json\/wp\/v2\/comments?post=2017996"}],"wp:featuredmedia":[{"embeddable":true,"href":"https:\/\/eu.tilta.com\/es\/wp-json\/wp\/v2\/media\/2014121"}],"wp:attachment":[{"href":"https:\/\/eu.tilta.com\/es\/wp-json\/wp\/v2\/media?parent=2017996"}],"wp:term":[{"taxonomy":"product_cat","embeddable":true,"href":"https:\/\/eu.tilta.com\/es\/wp-json\/wp\/v2\/product_cat?post=2017996"},{"taxonomy":"product_tag","embeddable":true,"href":"https:\/\/eu.tilta.com\/es\/wp-json\/wp\/v2\/product_tag?post=2017996"}],"curies":[{"name":"wp","href":"https:\/\/api.w.org\/{rel}","templated":true}]}}