{"id":2018003,"date":"2024-11-28T07:45:35","date_gmt":"2024-11-28T06:45:35","guid":{"rendered":"https:\/\/eu.tilta.com\/shop\/jaula-de-camara-para-el-kit-blackmagic-pyxis-6k-pro\/"},"modified":"2026-02-03T14:03:37","modified_gmt":"2026-02-03T13:03:37","slug":"camera-cage-for-blackmagic-pyxis-6k-pro-kit","status":"publish","type":"product","link":"https:\/\/eu.tilta.com\/es\/shop\/camera-cage-for-blackmagic-pyxis-6k-pro-kit\/","title":{"rendered":"Jaula de c\u00e1mara para el Kit Blackmagic PYXIS 6K Pro"},"content":{"rendered":"<div class=\"overview-text\">\n<p><em>Presentamos la Jaula de C\u00e1mara para el Kit Blackmagic PYXIS 6K Pro  <\/em><\/p>\n<p>Esta jaula para c\u00e1mara proporciona un blindaje protector para el cuerpo de la c\u00e1mara y utiliza opciones de dise\u00f1o modular para mejorar en gran medida la funcionalidad de la Pyxis mediante opciones de montaje como el ra\u00edl NATO, la roseta Arri, la zapata fr\u00eda y las roscas de 3\/8\u2033-16 y 1\/4\u2033-20 con puntos de fijaci\u00f3n.<\/p>\n<p>La placa lateral facilita las transiciones r\u00e1pidas a configuraciones verticales, ya que puede utilizarse como placa inferior cuando se monta verticalmente y proporciona espacio suficiente entre las barras y el objetivo para la mayor\u00eda de los accesorios. Cuando est\u00e1 en esta configuraci\u00f3n, la placa presenta roscas espec\u00edficamente colocadas para alinear la placa base con el centro \u00f3ptico del objetivo.<\/p>\n<p>Esta placa lateral tambi\u00e9n admite la grabaci\u00f3n externa mediante el soporte SSD integrado y dispone de varias roscas de 1\/4&#8243;-20 para diversos accesorios. El soporte para SSD admite discos duros de 52 mm a 60 mm de ancho y menos de 12 mm de grosor.<\/p>\n<p>Tanto la placa superior como la inferior est\u00e1n dise\u00f1adas para evitar los orificios de disipaci\u00f3n de calor del cuerpo, lo que garantiza que el rendimiento de refrigeraci\u00f3n de la c\u00e1mara no se vea afectado. La placa superior es compatible con la empu\u00f1adura superior nativa PYXIS y tambi\u00e9n incorpora un adaptador desmontable de rosca de 3\/8 a 1\/4, que permite a los usuarios elegir varias empu\u00f1aduras superiores para adaptarse mejor a configuraciones de distintos tama\u00f1os.<\/p>\n<p>En el Kit Base se incluye el Asa Superior Xeno, que se conecta a la Placa Superior mediante el Rail OTAN. Esto mejora el manejo y las opciones operativas mediante un dise\u00f1o elegante con mayor espacio libre. Esta empu\u00f1adura cuenta con m\u00faltiples opciones de montaje para accesorios adicionales, incluidas roscas de 1\/4\u2033-20 y un receptor de zapata fr\u00eda, perfecto para montar un monitor externo.<\/p>\n<p>La placa base LWS de 15 mm y las dos varillas de 15 mm incluidas permiten montar accesorios basados en varillas, como cajas de mate o sistemas de enfoque de seguimiento. En la parte inferior de la placa base hay un receptor de cola de milano est\u00e1ndar Tilta, que puede adaptarse para trabajar con colas de milano est\u00e1ndar Arri mediante nuestra placa base multifunci\u00f3n opcional de est\u00e1ndar Tilta a est\u00e1ndar Arri.<\/p>\n<p>La Placa de la Bater\u00eda se monta f\u00e1cilmente y se bloquea en el compartimento de la bater\u00eda de la Pyxis para proporcionar alimentaci\u00f3n a la c\u00e1mara, y se puede fijar a\u00fan m\u00e1s a la Placa Superior mediante un tornillo de mariposa.<\/p>\n<p>La placa de la bater\u00eda tiene 2 puertos P-Tap de 14,8 V, 1 puerto Lemo de 2 patillas de 14,8 V, 1 puerto USB-C y un puerto de entrada de corriente continua.<\/p>\n<\/div>\n","protected":false},"excerpt":{"rendered":"<p>Presentamos la Jaula de C\u00e1mara para el Kit Blackmagic PYXIS 6K Pro Esta jaula para c\u00e1mara proporciona un blindaje protector para el cuerpo de la c\u00e1mara y utiliza opciones de dise\u00f1o modular para mejorar en gran medida la funcionalidad de [&hellip;]<\/p>\n","protected":false},"featured_media":2013773,"comment_status":"open","ping_status":"closed","template":"","meta":[],"product_cat":[3386],"product_tag":[],"acf":[],"gallery_images":[2013767,2013761,2013755,2013791,2013785,2013779],"_links":{"self":[{"href":"https:\/\/eu.tilta.com\/es\/wp-json\/wp\/v2\/product\/2018003"}],"collection":[{"href":"https:\/\/eu.tilta.com\/es\/wp-json\/wp\/v2\/product"}],"about":[{"href":"https:\/\/eu.tilta.com\/es\/wp-json\/wp\/v2\/types\/product"}],"replies":[{"embeddable":true,"href":"https:\/\/eu.tilta.com\/es\/wp-json\/wp\/v2\/comments?post=2018003"}],"wp:featuredmedia":[{"embeddable":true,"href":"https:\/\/eu.tilta.com\/es\/wp-json\/wp\/v2\/media\/2013773"}],"wp:attachment":[{"href":"https:\/\/eu.tilta.com\/es\/wp-json\/wp\/v2\/media?parent=2018003"}],"wp:term":[{"taxonomy":"product_cat","embeddable":true,"href":"https:\/\/eu.tilta.com\/es\/wp-json\/wp\/v2\/product_cat?post=2018003"},{"taxonomy":"product_tag","embeddable":true,"href":"https:\/\/eu.tilta.com\/es\/wp-json\/wp\/v2\/product_tag?post=2018003"}],"curies":[{"name":"wp","href":"https:\/\/api.w.org\/{rel}","templated":true}]}}